{"id":3482,"date":"2021-01-03T18:17:07","date_gmt":"2021-01-03T17:17:07","guid":{"rendered":"https:\/\/antykilion.pl\/?post_type=product&#038;p=3482"},"modified":"2026-03-22T19:52:20","modified_gmt":"2026-03-22T18:52:20","slug":"zegar-w-typie-boullea-z-konsola-xix-wiek-101-cm","status":"publish","type":"product","link":"https:\/\/antykilion.pl\/fr\/product\/zegar-w-typie-boullea-z-konsola-xix-wiek-101-cm\/","title":{"rendered":"Pendule de type Boulle, avec console, XIXe si\u00e8cle 101 cm"},"content":{"rendered":"","protected":false},"excerpt":{"rendered":"<p>Pendule de type Boulle, avec console, XIXe si\u00e8cle 101 cm<br \/>\nSur 4 pieds pli\u00e9s \u00e0 motif tortue, avec un somptueux meuble en bois de forme violoncelle, vitr\u00e9 sur trois c\u00f4t\u00e9s, recouvert de marqueterie d&#039;\u00e9caille et feuille de laiton d\u00e9coup\u00e9e de motifs floraux et de motifs floraux-g\u00e9om\u00e9triques stylis\u00e9s. A l&#039;avant, une porte vitr\u00e9e ferm\u00e9e par un arceau, dans un cadre \u00e0 motif palmette et rose; en bas, une superposition de bronze ajour\u00e9e avec une grenade sur fond de feuilles d&#039;acanthe. Le long du bord du logement, des bruns d&#039;acanthe et de rocaille sont appliqu\u00e9s. Le sommet de la verri\u00e8re \u00e0 4 pentes sous la forme d&#039;une figure de renomm\u00e9e. Le bouclier visible \u00e0 travers la porte vitr\u00e9e - sur une plaque de cuivre. Il a un bouclier en bronze avec des chiffres romains marquant les heures, bleu marine sur les badges en \u00e9mail blanc appliqu\u00e9s, et dans l&#039;anneau ext\u00e9rieur - chiffres arabes, noirs sur les petites \u00e9tiquettes indiquant les minutes. La porte arri\u00e8re est en bois noirci \u00e0 l&#039;ext\u00e9rieur, \u00e0 l&#039;int\u00e9rieur recouverte de marqueterie aux motifs floraux et g\u00e9om\u00e9triques. M\u00e9canisme \u00e0 \u00e9chappement ankra, entre deux \u00e9paisses plaques de laiton reli\u00e9es par des piliers; sur la plaque ext\u00e9rieure, en bas, l&#039;inscription: &quot;Colin A PARIS&quot;; Syst\u00e8me de Paris pour les heures et demi-heures de sonnerie; bol de cloche en acier.<br \/>\nLa console est d\u00e9cor\u00e9e, tout comme l&#039;horloge, d&#039;une marqueterie \u00e0 motif axial, floral et g\u00e9om\u00e9trique, avec un c\u0153ur couronn\u00e9 au centre de la paroi avant. En bordure sous les acanthes, superpositions damier et rocaille. En bas - acanthe.<br \/>\nMati\u00e8re: bois, \u00e9caille de tortue, laiton, bronze dor\u00e9<br \/>\nDimensions totales de l&#039;horloge avec la console - hauteur 101 cm,<br \/>\nOrigine: France, XIXe si\u00e8cle, Colin \u00e0 Paris<br \/>\nCondition: m\u00e9canisme de travail,<br \/>\n\u00c9tat: Le bo\u00eetier pr\u00e9sente de petits d\u00e9fauts et des fragments de marqueterie<\/p>","protected":false},"featured_media":3484,"comment_status":"closed","ping_status":"closed","template":"","meta":[],"product_cat":[54,51],"product_tag":[],"class_list":{"0":"post-3482","1":"product","2":"type-product","3":"status-publish","4":"has-post-thumbnail","6":"product_cat-zegary-kominkowe","7":"product_cat-zegary","9":"entry","10":"has-media","12":"first","13":"instock","14":"taxable","15":"shipping-taxable","16":"purchasable","17":"product-type-simple","18":"has-product-nav","19":"col","20":"span_1_of_3","21":"owp-content-center","22":"owp-thumbs-layout-horizontal","23":"owp-btn-normal","24":"owp-tabs-layout-horizontal"},"aioseo_notices":[],"_links":{"self":[{"href":"https:\/\/antykilion.pl\/fr\/wp-json\/wp\/v2\/product\/3482","targetHints":{"allow":["GET"]}}],"collection":[{"href":"https:\/\/antykilion.pl\/fr\/wp-json\/wp\/v2\/product"}],"about":[{"href":"https:\/\/antykilion.pl\/fr\/wp-json\/wp\/v2\/types\/product"}],"replies":[{"embeddable":true,"href":"https:\/\/antykilion.pl\/fr\/wp-json\/wp\/v2\/comments?post=3482"}],"wp:featuredmedia":[{"embeddable":true,"href":"https:\/\/antykilion.pl\/fr\/wp-json\/wp\/v2\/media\/3484"}],"wp:attachment":[{"href":"https:\/\/antykilion.pl\/fr\/wp-json\/wp\/v2\/media?parent=3482"}],"wp:term":[{"taxonomy":"product_cat","embeddable":true,"href":"https:\/\/antykilion.pl\/fr\/wp-json\/wp\/v2\/product_cat?post=3482"},{"taxonomy":"product_tag","embeddable":true,"href":"https:\/\/antykilion.pl\/fr\/wp-json\/wp\/v2\/product_tag?post=3482"}],"curies":[{"name":"wp","href":"https:\/\/api.w.org\/{rel}","templated":true}]}}