{"id":3507,"date":"2021-01-19T16:02:13","date_gmt":"2021-01-19T15:02:13","guid":{"rendered":"https:\/\/antykilion.pl\/?post_type=product&#038;p=3507"},"modified":"2021-09-03T14:16:50","modified_gmt":"2021-09-03T12:16:50","slug":"fotel-w-stylu-ludwika-filipa-i-pol-xix-w-cabriolet","status":"publish","type":"product","link":"https:\/\/antykilion.pl\/fr\/product\/fotel-w-stylu-ludwika-filipa-i-pol-xix-w-cabriolet\/","title":{"rendered":"Fauteuil de style Louis Philipp I, milieu du XIXe si\u00e8cle XIX si\u00e8cle - cabriolet"},"content":{"rendered":"","protected":false},"excerpt":{"rendered":"<p>Fauteuil de style Louis Philipp I, milieu du XIXe si\u00e8cle XIX si\u00e8cle - cabriolet<br \/>\nSi\u00e8ges ouverts de style Louis Philipp I avec assise rembourr\u00e9e et dossier rembourr\u00e9. Le bord sup\u00e9rieur avec une plaque sculpt\u00e9e. Main courante partiellement rembourr\u00e9e. Pattes cannel\u00e9es convertibles, patins avec traverses.<br \/>\nBeau classique !!!<br \/>\nMat\u00e9riel: noyer massif<br \/>\n\u00c9tat: tr\u00e8s bon \u00e9tat d&#039;origine, traces d&#039;utilisation visibles, mat\u00e9riau de rembourrage utilis\u00e9 mais en bon \u00e9tat pour l&#039;insertion.<br \/>\nOrigine: Europe centrale Pologne? vers le milieu du 19e si\u00e8cle<br \/>\nDimensions: H 107 x 70 x D. 64 cm, largeur 41 cm.<\/p>","protected":false},"featured_media":3511,"comment_status":"closed","ping_status":"closed","template":"","meta":[],"product_cat":[24,17],"product_tag":[],"class_list":{"0":"post-3507","1":"product","2":"type-product","3":"status-publish","4":"has-post-thumbnail","6":"product_cat-fotele","7":"product_cat-meble","9":"entry","10":"has-media","12":"first","13":"instock","14":"taxable","15":"shipping-taxable","16":"purchasable","17":"product-type-simple","18":"has-product-nav","19":"col","20":"span_1_of_3","21":"owp-content-center","22":"owp-thumbs-layout-horizontal","23":"owp-btn-normal","24":"owp-tabs-layout-horizontal"},"aioseo_notices":[],"_links":{"self":[{"href":"https:\/\/antykilion.pl\/fr\/wp-json\/wp\/v2\/product\/3507","targetHints":{"allow":["GET"]}}],"collection":[{"href":"https:\/\/antykilion.pl\/fr\/wp-json\/wp\/v2\/product"}],"about":[{"href":"https:\/\/antykilion.pl\/fr\/wp-json\/wp\/v2\/types\/product"}],"replies":[{"embeddable":true,"href":"https:\/\/antykilion.pl\/fr\/wp-json\/wp\/v2\/comments?post=3507"}],"wp:featuredmedia":[{"embeddable":true,"href":"https:\/\/antykilion.pl\/fr\/wp-json\/wp\/v2\/media\/3511"}],"wp:attachment":[{"href":"https:\/\/antykilion.pl\/fr\/wp-json\/wp\/v2\/media?parent=3507"}],"wp:term":[{"taxonomy":"product_cat","embeddable":true,"href":"https:\/\/antykilion.pl\/fr\/wp-json\/wp\/v2\/product_cat?post=3507"},{"taxonomy":"product_tag","embeddable":true,"href":"https:\/\/antykilion.pl\/fr\/wp-json\/wp\/v2\/product_tag?post=3507"}],"curies":[{"name":"wp","href":"https:\/\/api.w.org\/{rel}","templated":true}]}}