{"id":3707,"date":"2021-03-09T07:15:05","date_gmt":"2021-03-09T06:15:05","guid":{"rendered":"https:\/\/antykilion.pl\/?post_type=product&#038;p=3707"},"modified":"2021-10-22T12:56:36","modified_gmt":"2021-10-22T10:56:36","slug":"monumentalny-bufet-boulle-druga-polowa-xix-wieku","status":"publish","type":"product","link":"https:\/\/antykilion.pl\/fr\/product\/monumentalny-bufet-boulle-druga-polowa-xix-wieku\/","title":{"rendered":"Buffet boulle monumental dans la seconde moiti\u00e9 du XIXe si\u00e8cle"},"content":{"rendered":"","protected":false},"excerpt":{"rendered":"<p>Un meuble avec c\u00f4t\u00e9s droits et coins avant et avant coup\u00e9s, ferm\u00e9 par un double battant, soutenu sur des pieds de console. L&#039;ensemble est plaqu\u00e9, teint\u00e9 noir, poli sur le soi-disant Tapis fran\u00e7ais, d\u00e9cor\u00e9 d&#039;une incrustation de fil de laiton formant des motifs floraux, rempli d&#039;\u00e9caille de tortue, en outre tr\u00e8s richement d\u00e9cor\u00e9 de bronzes dor\u00e9s. Sur les vantaux, des m\u00e9daillons ovales sont encadr\u00e9s d&#039;une bande profil\u00e9e en bronze dor\u00e9, encadr\u00e9e de champs triangulaires dans les angles. La corniche sup\u00e9rieure et le socle sont encadr\u00e9s par une bande profil\u00e9e. Les coins avant sont d\u00e9cor\u00e9s de rosaces en haut et en bas, ainsi que de cariatides dans la partie sup\u00e9rieure. Deux \u00e9tag\u00e8res \u00e0 l&#039;int\u00e9rieur;<br \/>\nStan: bardzo dobry, po profesjonalnej konserwacji<br \/>\nConstruction - POIRE, placage - acajou<br \/>\nOrigine: France, vers 1860<br \/>\nDimensions: Longueur 120 cm, largeur 43,5, hauteur 106 cm.<\/p>","protected":false},"featured_media":3708,"comment_status":"closed","ping_status":"closed","template":"","meta":[],"product_cat":[26,27,17],"product_tag":[],"class_list":{"0":"post-3707","1":"product","2":"type-product","3":"status-publish","4":"has-post-thumbnail","6":"product_cat-komody","7":"product_cat-kredensy-bufety","8":"product_cat-meble","10":"entry","11":"has-media","13":"first","14":"instock","15":"taxable","16":"shipping-taxable","17":"purchasable","18":"product-type-simple","19":"has-product-nav","20":"col","21":"span_1_of_3","22":"owp-content-center","23":"owp-thumbs-layout-horizontal","24":"owp-btn-normal","25":"owp-tabs-layout-horizontal"},"aioseo_notices":[],"_links":{"self":[{"href":"https:\/\/antykilion.pl\/fr\/wp-json\/wp\/v2\/product\/3707","targetHints":{"allow":["GET"]}}],"collection":[{"href":"https:\/\/antykilion.pl\/fr\/wp-json\/wp\/v2\/product"}],"about":[{"href":"https:\/\/antykilion.pl\/fr\/wp-json\/wp\/v2\/types\/product"}],"replies":[{"embeddable":true,"href":"https:\/\/antykilion.pl\/fr\/wp-json\/wp\/v2\/comments?post=3707"}],"wp:featuredmedia":[{"embeddable":true,"href":"https:\/\/antykilion.pl\/fr\/wp-json\/wp\/v2\/media\/3708"}],"wp:attachment":[{"href":"https:\/\/antykilion.pl\/fr\/wp-json\/wp\/v2\/media?parent=3707"}],"wp:term":[{"taxonomy":"product_cat","embeddable":true,"href":"https:\/\/antykilion.pl\/fr\/wp-json\/wp\/v2\/product_cat?post=3707"},{"taxonomy":"product_tag","embeddable":true,"href":"https:\/\/antykilion.pl\/fr\/wp-json\/wp\/v2\/product_tag?post=3707"}],"curies":[{"name":"wp","href":"https:\/\/api.w.org\/{rel}","templated":true}]}}