{"id":3857,"date":"2021-04-30T17:45:38","date_gmt":"2021-04-30T15:45:38","guid":{"rendered":"https:\/\/antykilion.pl\/?post_type=product&#038;p=3857"},"modified":"2021-09-03T14:16:51","modified_gmt":"2021-09-03T12:16:51","slug":"komoda-transition-przelom-xviii-xix-wiek","status":"publish","type":"product","link":"https:\/\/antykilion.pl\/fr\/product\/komoda-transition-przelom-xviii-xix-wiek\/","title":{"rendered":"Komoda Transition Prze\u0142om XVIII\/XIX wiek,"},"content":{"rendered":"","protected":false},"excerpt":{"rendered":"<p>Commode de transition Le tournant des XVIIIe et XIXe si\u00e8cles, fou !!!<\/p>\n<p>Un meuble riche recouvert de bronzes patin\u00e9s, richement incrust\u00e9 de fleurs.<\/p>\n<p>Mat\u00e9riel: placage de rose et bien d&#039;autres comme le buis, le citron, le dessus en marbre<\/p>\n<p>Stan: konstrukcyjnie zdrowy lecz widoczne po bokach rozeschni\u0119cia, drobne ubytki forniru, raczej do konserwacji lecz nie koniecznie<\/p>\n<p>Origine: France Paris attribu\u00e9 par Ren\u00e9 Dubois<\/p>\n<p>wysoko\u015b\u0107\u00a0 82 cm, d\u0142ugo\u015b\u0107 117cm, szeroko\u015b\u0107 47 cm<\/p>","protected":false},"featured_media":3858,"comment_status":"closed","ping_status":"closed","template":"","meta":[],"product_cat":[26,17],"product_tag":[],"class_list":{"0":"post-3857","1":"product","2":"type-product","3":"status-publish","4":"has-post-thumbnail","6":"product_cat-komody","7":"product_cat-meble","9":"entry","10":"has-media","12":"first","13":"instock","14":"taxable","15":"shipping-taxable","16":"purchasable","17":"product-type-simple","18":"has-product-nav","19":"col","20":"span_1_of_3","21":"owp-content-center","22":"owp-thumbs-layout-horizontal","23":"owp-btn-normal","24":"owp-tabs-layout-horizontal"},"aioseo_notices":[],"_links":{"self":[{"href":"https:\/\/antykilion.pl\/fr\/wp-json\/wp\/v2\/product\/3857","targetHints":{"allow":["GET"]}}],"collection":[{"href":"https:\/\/antykilion.pl\/fr\/wp-json\/wp\/v2\/product"}],"about":[{"href":"https:\/\/antykilion.pl\/fr\/wp-json\/wp\/v2\/types\/product"}],"replies":[{"embeddable":true,"href":"https:\/\/antykilion.pl\/fr\/wp-json\/wp\/v2\/comments?post=3857"}],"wp:featuredmedia":[{"embeddable":true,"href":"https:\/\/antykilion.pl\/fr\/wp-json\/wp\/v2\/media\/3858"}],"wp:attachment":[{"href":"https:\/\/antykilion.pl\/fr\/wp-json\/wp\/v2\/media?parent=3857"}],"wp:term":[{"taxonomy":"product_cat","embeddable":true,"href":"https:\/\/antykilion.pl\/fr\/wp-json\/wp\/v2\/product_cat?post=3857"},{"taxonomy":"product_tag","embeddable":true,"href":"https:\/\/antykilion.pl\/fr\/wp-json\/wp\/v2\/product_tag?post=3857"}],"curies":[{"name":"wp","href":"https:\/\/api.w.org\/{rel}","templated":true}]}}