{"id":4014,"date":"2001-06-03T14:55:13","date_gmt":"2001-06-03T12:55:13","guid":{"rendered":"https:\/\/antykilion.pl\/?post_type=product&#038;p=4014"},"modified":"2021-09-06T15:38:31","modified_gmt":"2021-09-06T13:38:31","slug":"fredric-goldstein-1900-martwa-natura-z-budda-i-owocami","status":"publish","type":"product","link":"https:\/\/antykilion.pl\/fr\/product\/fredric-goldstein-1900-martwa-natura-z-budda-i-owocami\/","title":{"rendered":"FREDRIC GOLDSTEIN (1900): Martwa natura z Budd\u0105 i owocami"},"content":{"rendered":"","protected":false},"excerpt":{"rendered":"<p>FREDRIC GOLDSTEIN (1900): Martwa natura z Budd\u0105 i owocami,<\/p>\n<p>Technique: plaque de peinture \u00e0 l&#039;huile<\/p>\n<p>Etat: tr\u00e8s bon<br \/>\nSygnatura: widoczna zdj\u0119ciu FREDRIC GOLDSTEIN<\/p>\n<p>Wymiary: p\u0142\u00f3tna oko\u0142o 66 cm na 79 cm + rama<\/p>\n<p>Origine: Europe<\/p>","protected":false},"featured_media":4015,"comment_status":"closed","ping_status":"closed","template":"","meta":[],"product_cat":[41,39,40],"product_tag":[],"class_list":{"0":"post-4014","1":"product","2":"type-product","3":"status-publish","4":"has-post-thumbnail","6":"product_cat-malarstwo-dawne","7":"product_cat-dziela-sztuki","8":"product_cat-malarstwo","10":"entry","11":"has-media","13":"first","14":"onbackorder","15":"taxable","16":"shipping-taxable","17":"purchasable","18":"product-type-simple","19":"has-product-nav","20":"col","21":"span_1_of_3","22":"owp-content-center","23":"owp-thumbs-layout-horizontal","24":"owp-btn-normal","25":"owp-tabs-layout-horizontal"},"aioseo_notices":[],"_links":{"self":[{"href":"https:\/\/antykilion.pl\/fr\/wp-json\/wp\/v2\/product\/4014","targetHints":{"allow":["GET"]}}],"collection":[{"href":"https:\/\/antykilion.pl\/fr\/wp-json\/wp\/v2\/product"}],"about":[{"href":"https:\/\/antykilion.pl\/fr\/wp-json\/wp\/v2\/types\/product"}],"replies":[{"embeddable":true,"href":"https:\/\/antykilion.pl\/fr\/wp-json\/wp\/v2\/comments?post=4014"}],"wp:featuredmedia":[{"embeddable":true,"href":"https:\/\/antykilion.pl\/fr\/wp-json\/wp\/v2\/media\/4015"}],"wp:attachment":[{"href":"https:\/\/antykilion.pl\/fr\/wp-json\/wp\/v2\/media?parent=4014"}],"wp:term":[{"taxonomy":"product_cat","embeddable":true,"href":"https:\/\/antykilion.pl\/fr\/wp-json\/wp\/v2\/product_cat?post=4014"},{"taxonomy":"product_tag","embeddable":true,"href":"https:\/\/antykilion.pl\/fr\/wp-json\/wp\/v2\/product_tag?post=4014"}],"curies":[{"name":"wp","href":"https:\/\/api.w.org\/{rel}","templated":true}]}}