{"id":4107,"date":"2021-06-24T12:03:28","date_gmt":"2021-06-24T10:03:28","guid":{"rendered":"https:\/\/antykilion.pl\/?post_type=product&#038;p=4107"},"modified":"2024-03-16T10:39:55","modified_gmt":"2024-03-16T09:39:55","slug":"stolik-pomocniczy-w-stylu-klasycystycznym-piekny","status":"publish","type":"product","link":"https:\/\/antykilion.pl\/fr\/product\/stolik-pomocniczy-w-stylu-klasycystycznym-piekny\/","title":{"rendered":"Stolik pomocniczy w stylu klasycystycznym Pi\u0119kny !!!"},"content":{"rendered":"","protected":false},"excerpt":{"rendered":"<p>Stolik pomocniczy w stylu klasycystycznym Pi\u0119kny !!!<\/p>\n<p>z okr\u0105g\u0142ym blatem, bogato intarsjowanym w szachownic\u0119, wspartym na czterech zbie\u017cnych, kanelowanych n\u00f3\u017ckach zako\u0144czonych mosi\u0119\u017cnymi kostkami, spi\u0119tych gi\u0119tym wi\u0105zaniem w kszta\u0142cie litery X. Pod blatem dekoracyjne, intarsjowane woluty oraz zdobienia z br\u0105zu z\u0142oconego, a po\u015brodku wi\u0105zania sterczyna z br\u0105zu z\u0142oconego.<\/p>\n<p>Mebel stylowy, o bardzo dobrych proporcjach i bogatym zdobnictwie,<\/p>\n<p>Stan. Bardzo dobry, zwyk\u0142e \u015blady u\u017cytkowania.<\/p>\n<p>Materia\u0142: &#8211; maho\u0144 oraz inne forniry takie jak bukszpan<\/p>\n<p>Wymiary: wysoko\u015b\u0107 70 cm, obw\u00f3d blatu 76 cm<\/p>\n<p>Origine: France, 2\u00e8me mi-temps 19\u00e8me si\u00e8cle<\/p>","protected":false},"featured_media":4108,"comment_status":"closed","ping_status":"closed","template":"","meta":[],"product_cat":[17,33],"product_tag":[],"class_list":{"0":"post-4107","1":"product","2":"type-product","3":"status-publish","4":"has-post-thumbnail","6":"product_cat-meble","7":"product_cat-stoly-stoliki","9":"entry","10":"has-media","12":"first","13":"instock","14":"taxable","15":"shipping-taxable","16":"purchasable","17":"product-type-simple","18":"has-product-nav","19":"col","20":"span_1_of_3","21":"owp-content-center","22":"owp-thumbs-layout-horizontal","23":"owp-btn-normal","24":"owp-tabs-layout-horizontal"},"aioseo_notices":[],"_links":{"self":[{"href":"https:\/\/antykilion.pl\/fr\/wp-json\/wp\/v2\/product\/4107","targetHints":{"allow":["GET"]}}],"collection":[{"href":"https:\/\/antykilion.pl\/fr\/wp-json\/wp\/v2\/product"}],"about":[{"href":"https:\/\/antykilion.pl\/fr\/wp-json\/wp\/v2\/types\/product"}],"replies":[{"embeddable":true,"href":"https:\/\/antykilion.pl\/fr\/wp-json\/wp\/v2\/comments?post=4107"}],"wp:featuredmedia":[{"embeddable":true,"href":"https:\/\/antykilion.pl\/fr\/wp-json\/wp\/v2\/media\/4108"}],"wp:attachment":[{"href":"https:\/\/antykilion.pl\/fr\/wp-json\/wp\/v2\/media?parent=4107"}],"wp:term":[{"taxonomy":"product_cat","embeddable":true,"href":"https:\/\/antykilion.pl\/fr\/wp-json\/wp\/v2\/product_cat?post=4107"},{"taxonomy":"product_tag","embeddable":true,"href":"https:\/\/antykilion.pl\/fr\/wp-json\/wp\/v2\/product_tag?post=4107"}],"curies":[{"name":"wp","href":"https:\/\/api.w.org\/{rel}","templated":true}]}}