{"id":4157,"date":"2021-06-26T07:52:11","date_gmt":"2021-06-26T05:52:11","guid":{"rendered":"https:\/\/antykilion.pl\/?post_type=product&#038;p=4157"},"modified":"2021-09-03T14:16:53","modified_gmt":"2021-09-03T12:16:53","slug":"fotel-berzera-w-stylu-ludwika-xvi-z-przel-xix-xx-w","status":"publish","type":"product","link":"https:\/\/antykilion.pl\/fr\/product\/fotel-berzera-w-stylu-ludwika-xvi-z-przel-xix-xx-w\/","title":{"rendered":"Fotel ber\u017cera w stylu Ludwika XVI z prze\u0142 XIX\/XX w"},"content":{"rendered":"","protected":false},"excerpt":{"rendered":"<p>Fauteuil, une ber\u017cera dans le style de Louis XVI du d\u00e9but du si\u00e8cle<\/p>\n<p>Fauteuil, une ber\u017cera dans le style de Louis XVI du d\u00e9but du si\u00e8cle<br \/>\nenti\u00e8rement rembourr\u00e9, avec un dossier haut et droit qui se transforme en forme de bateau, \u00e9galement sur des c\u00f4t\u00e9s hauts, avec un si\u00e8ge droit \u00e0 l&#039;arri\u00e8re, ondul\u00e9 sur les c\u00f4t\u00e9s et bomb\u00e9 \u00e0 l&#039;avant avec un oreiller suppl\u00e9mentaire, soutenu par quatre pieds tourn\u00e9s, convergents et cannel\u00e9s. Stiles sculpt\u00e9s d&#039;un ornement classique: perles, campanules, rosaces, vagues; fleuron en forme de fleur.<br \/>\nMateria\u0142: olcha lub brzoza, orzech?; Europa \u015arodkowa \u2013 Wschodnia, Prze\u0142om XIX\/XX wieku.<br \/>\nTr\u00e8s bon \u00e9tat pour rafra\u00eechir la sellerie, mais tr\u00e8s solide.<br \/>\nDimensions: hauteur d&#039;assise 43 cm<br \/>\nUn tr\u00e8s joli mod\u00e8le<\/p>","protected":false},"featured_media":4158,"comment_status":"closed","ping_status":"closed","template":"","meta":[],"product_cat":[24,17],"product_tag":[],"class_list":{"0":"post-4157","1":"product","2":"type-product","3":"status-publish","4":"has-post-thumbnail","6":"product_cat-fotele","7":"product_cat-meble","9":"entry","10":"has-media","12":"first","13":"instock","14":"taxable","15":"shipping-taxable","16":"purchasable","17":"product-type-simple","18":"has-product-nav","19":"col","20":"span_1_of_3","21":"owp-content-center","22":"owp-thumbs-layout-horizontal","23":"owp-btn-normal","24":"owp-tabs-layout-horizontal"},"aioseo_notices":[],"_links":{"self":[{"href":"https:\/\/antykilion.pl\/fr\/wp-json\/wp\/v2\/product\/4157","targetHints":{"allow":["GET"]}}],"collection":[{"href":"https:\/\/antykilion.pl\/fr\/wp-json\/wp\/v2\/product"}],"about":[{"href":"https:\/\/antykilion.pl\/fr\/wp-json\/wp\/v2\/types\/product"}],"replies":[{"embeddable":true,"href":"https:\/\/antykilion.pl\/fr\/wp-json\/wp\/v2\/comments?post=4157"}],"wp:featuredmedia":[{"embeddable":true,"href":"https:\/\/antykilion.pl\/fr\/wp-json\/wp\/v2\/media\/4158"}],"wp:attachment":[{"href":"https:\/\/antykilion.pl\/fr\/wp-json\/wp\/v2\/media?parent=4157"}],"wp:term":[{"taxonomy":"product_cat","embeddable":true,"href":"https:\/\/antykilion.pl\/fr\/wp-json\/wp\/v2\/product_cat?post=4157"},{"taxonomy":"product_tag","embeddable":true,"href":"https:\/\/antykilion.pl\/fr\/wp-json\/wp\/v2\/product_tag?post=4157"}],"curies":[{"name":"wp","href":"https:\/\/api.w.org\/{rel}","templated":true}]}}