{"id":4172,"date":"2021-06-26T11:45:25","date_gmt":"2021-06-26T09:45:25","guid":{"rendered":"https:\/\/antykilion.pl\/?post_type=product&#038;p=4172"},"modified":"2023-10-06T15:05:49","modified_gmt":"2023-10-06T13:05:49","slug":"lustro-panelowe-koniec-xviii-wieku-w-stylu-ludwika-xvi-obledne","status":"publish","type":"product","link":"https:\/\/antykilion.pl\/fr\/product\/lustro-panelowe-koniec-xviii-wieku-w-stylu-ludwika-xvi-obledne\/","title":{"rendered":"Lustro panelowe, koniec XVIII wieku, w stylu Ludwika XVI ob\u0142\u0119dne !!!"},"content":{"rendered":"","protected":false},"excerpt":{"rendered":"<p>Lustro panelowe, koniec XVIII wieku, w stylu Ludwika XVI ob\u0142\u0119dne !!!<br \/>\nWspania\u0142y panel z epoki Ludwika XVI z be\u017cowo malowanego drewna z muzycznymi atrybutami, wszystko w poz\u0142acanym drewnie Oryginalne lustro rt\u0119ciowe z litym parkietem z ty\u0142u.<br \/>\nOb\u0142\u0119dne i ogromna rzadko\u015b\u0107 na naszym rynku antykwarycznym.<br \/>\nStan: orginalny bardzo dobry jak na wiek, widoczne \u015blady u\u017cytkowania i rozeschni\u0119cia panela to normalne !!!<br \/>\nPochodzenie: Francja XVIII w<br \/>\nWymiary: Wysoko\u015b\u0107 183, szeroko\u015b\u0107 108 cm. <\/p>","protected":false},"featured_media":4173,"comment_status":"closed","ping_status":"closed","template":"","meta":[],"product_cat":[30,17],"product_tag":[],"class_list":{"0":"post-4172","1":"product","2":"type-product","3":"status-publish","4":"has-post-thumbnail","6":"product_cat-lustra","7":"product_cat-meble","9":"entry","10":"has-media","12":"first","13":"instock","14":"taxable","15":"shipping-taxable","16":"purchasable","17":"product-type-simple","18":"has-product-nav","19":"col","20":"span_1_of_3","21":"owp-content-center","22":"owp-thumbs-layout-horizontal","23":"owp-btn-normal","24":"owp-tabs-layout-horizontal"},"aioseo_notices":[],"_links":{"self":[{"href":"https:\/\/antykilion.pl\/fr\/wp-json\/wp\/v2\/product\/4172","targetHints":{"allow":["GET"]}}],"collection":[{"href":"https:\/\/antykilion.pl\/fr\/wp-json\/wp\/v2\/product"}],"about":[{"href":"https:\/\/antykilion.pl\/fr\/wp-json\/wp\/v2\/types\/product"}],"replies":[{"embeddable":true,"href":"https:\/\/antykilion.pl\/fr\/wp-json\/wp\/v2\/comments?post=4172"}],"wp:featuredmedia":[{"embeddable":true,"href":"https:\/\/antykilion.pl\/fr\/wp-json\/wp\/v2\/media\/4173"}],"wp:attachment":[{"href":"https:\/\/antykilion.pl\/fr\/wp-json\/wp\/v2\/media?parent=4172"}],"wp:term":[{"taxonomy":"product_cat","embeddable":true,"href":"https:\/\/antykilion.pl\/fr\/wp-json\/wp\/v2\/product_cat?post=4172"},{"taxonomy":"product_tag","embeddable":true,"href":"https:\/\/antykilion.pl\/fr\/wp-json\/wp\/v2\/product_tag?post=4172"}],"curies":[{"name":"wp","href":"https:\/\/api.w.org\/{rel}","templated":true}]}}