{"id":4488,"date":"2021-07-25T13:53:39","date_gmt":"2021-07-25T11:53:39","guid":{"rendered":"https:\/\/antykilion.pl\/?post_type=product&#038;p=4488"},"modified":"2023-01-24T16:49:57","modified_gmt":"2023-01-24T15:49:57","slug":"tremo-eklektyczne-okolo-1870-r-intarsjowana-konsola","status":"publish","type":"product","link":"https:\/\/antykilion.pl\/fr\/product\/tremo-eklektyczne-okolo-1870-r-intarsjowana-konsola\/","title":{"rendered":"Tremo Eklektyczne oko\u0142o 1870 r intarsjowana konsola !"},"content":{"rendered":"","protected":false},"excerpt":{"rendered":"<p>Tremo eklektyczne oko\u0142o 1870 roku, intarsjowana konsola<\/p>\n<p>Bardzo okaza\u0142a rama lustra, prostok\u0105tna, flankowana tralkami, u g\u00f3ry .zwie\u0144czenie w postaci herbu i bocznych sterczynek.<\/p>\n<p>Konsola z prostok\u0105tnym blatem, wsparta z ty\u0142u na pe\u0142nej \u015bciance intarsjowanej postaciami z przodu na dw\u00f3ch tralkach,<\/p>\n<p>Wymiary: Szeroko\u015b\u0107 konsoli 100, g\u0142\u0119boko\u015b\u0107 46, wysoko\u015b\u0107 58 cm. wysoko\u015b\u0107 lustra\u00a0 cm.<\/p>\n<p>Stan: bardzo dobry orginalny, widoczne \u015blady u\u017cytkowania.<\/p>\n<p>Mat\u00e9riel: noyer<\/p>\n<p>Origine: Europe centrale<\/p>","protected":false},"featured_media":4490,"comment_status":"closed","ping_status":"closed","template":"","meta":[],"product_cat":[30,17],"product_tag":[],"class_list":{"0":"post-4488","1":"product","2":"type-product","3":"status-publish","4":"has-post-thumbnail","6":"product_cat-lustra","7":"product_cat-meble","9":"entry","10":"has-media","12":"first","13":"instock","14":"taxable","15":"shipping-taxable","16":"purchasable","17":"product-type-simple","18":"has-product-nav","19":"col","20":"span_1_of_3","21":"owp-content-center","22":"owp-thumbs-layout-horizontal","23":"owp-btn-normal","24":"owp-tabs-layout-horizontal"},"aioseo_notices":[],"_links":{"self":[{"href":"https:\/\/antykilion.pl\/fr\/wp-json\/wp\/v2\/product\/4488","targetHints":{"allow":["GET"]}}],"collection":[{"href":"https:\/\/antykilion.pl\/fr\/wp-json\/wp\/v2\/product"}],"about":[{"href":"https:\/\/antykilion.pl\/fr\/wp-json\/wp\/v2\/types\/product"}],"replies":[{"embeddable":true,"href":"https:\/\/antykilion.pl\/fr\/wp-json\/wp\/v2\/comments?post=4488"}],"wp:featuredmedia":[{"embeddable":true,"href":"https:\/\/antykilion.pl\/fr\/wp-json\/wp\/v2\/media\/4490"}],"wp:attachment":[{"href":"https:\/\/antykilion.pl\/fr\/wp-json\/wp\/v2\/media?parent=4488"}],"wp:term":[{"taxonomy":"product_cat","embeddable":true,"href":"https:\/\/antykilion.pl\/fr\/wp-json\/wp\/v2\/product_cat?post=4488"},{"taxonomy":"product_tag","embeddable":true,"href":"https:\/\/antykilion.pl\/fr\/wp-json\/wp\/v2\/product_tag?post=4488"}],"curies":[{"name":"wp","href":"https:\/\/api.w.org\/{rel}","templated":true}]}}