{"id":5010,"date":"2021-11-01T08:10:23","date_gmt":"2021-11-01T07:10:23","guid":{"rendered":"https:\/\/antykilion.pl\/?post_type=product&#038;p=5010"},"modified":"2022-05-18T15:09:00","modified_gmt":"2022-05-18T13:09:00","slug":"louis-hippolyte-mouchot-france-dama-w-zadumie","status":"publish","type":"product","link":"https:\/\/antykilion.pl\/fr\/product\/louis-hippolyte-mouchot-france-dama-w-zadumie\/","title":{"rendered":"Louis Hippolyte Mouchot France, Dama w zadumie"},"content":{"rendered":"","protected":false},"excerpt":{"rendered":"<p>Louis Hippolyte Mouchot France, Dama w zadumie<\/p>\n<p>Louis Claude Mouchot, urodzony w Pary\u017cu 25 sierpnia 1830 i zmar\u0142 9 maja 1891 w Saint-Maurice (Val-de-Marne), jest malarzem francuskim.<\/p>\n<p>Technique: huile sur toile<\/p>\n<p>Stan: bardzo dobry orginalny p\u0142\u00f3tno dublowane P\u0141\u00d3TNO ZOSTA\u0141O OCZYSZCZONE I NA\u0141O\u017bONY NOWY WERNIKS<\/p>\n<p>Signature: visible sur la photo<\/p>\n<p>Wymiary: p\u0142\u00f3tno 42 cm na 70 cm + rama oko\u0142o 72 cm na 100 cm<\/p>\n<p>Jego prace\u00a0 mo\u017cna znale\u017a\u0107 w licznych muzeach.<\/p>\n<p>Kilka stron z sprzeda\u017c\u0105 prac tego artysty<\/p>\n<p>https:\/\/www.christies.com\/en\/lot\/lot-1821667<\/p>","protected":false},"featured_media":5013,"comment_status":"closed","ping_status":"closed","template":"","meta":[],"product_cat":[41,39,40],"product_tag":[],"class_list":{"0":"post-5010","1":"product","2":"type-product","3":"status-publish","4":"has-post-thumbnail","6":"product_cat-malarstwo-dawne","7":"product_cat-dziela-sztuki","8":"product_cat-malarstwo","10":"entry","11":"has-media","13":"first","14":"instock","15":"taxable","16":"shipping-taxable","17":"purchasable","18":"product-type-simple","19":"has-product-nav","20":"col","21":"span_1_of_3","22":"owp-content-center","23":"owp-thumbs-layout-horizontal","24":"owp-btn-normal","25":"owp-tabs-layout-horizontal"},"aioseo_notices":[],"_links":{"self":[{"href":"https:\/\/antykilion.pl\/fr\/wp-json\/wp\/v2\/product\/5010","targetHints":{"allow":["GET"]}}],"collection":[{"href":"https:\/\/antykilion.pl\/fr\/wp-json\/wp\/v2\/product"}],"about":[{"href":"https:\/\/antykilion.pl\/fr\/wp-json\/wp\/v2\/types\/product"}],"replies":[{"embeddable":true,"href":"https:\/\/antykilion.pl\/fr\/wp-json\/wp\/v2\/comments?post=5010"}],"wp:featuredmedia":[{"embeddable":true,"href":"https:\/\/antykilion.pl\/fr\/wp-json\/wp\/v2\/media\/5013"}],"wp:attachment":[{"href":"https:\/\/antykilion.pl\/fr\/wp-json\/wp\/v2\/media?parent=5010"}],"wp:term":[{"taxonomy":"product_cat","embeddable":true,"href":"https:\/\/antykilion.pl\/fr\/wp-json\/wp\/v2\/product_cat?post=5010"},{"taxonomy":"product_tag","embeddable":true,"href":"https:\/\/antykilion.pl\/fr\/wp-json\/wp\/v2\/product_tag?post=5010"}],"curies":[{"name":"wp","href":"https:\/\/api.w.org\/{rel}","templated":true}]}}