{"id":5198,"date":"2022-01-02T10:35:25","date_gmt":"2022-01-02T09:35:25","guid":{"rendered":"https:\/\/antykilion.pl\/?post_type=product&#038;p=5198"},"modified":"2022-01-02T10:35:25","modified_gmt":"2022-01-02T09:35:25","slug":"stolik-w-stylu-napoleon-iii-1870-z-patera-sevres","status":"publish","type":"product","link":"https:\/\/antykilion.pl\/fr\/product\/stolik-w-stylu-napoleon-iii-1870-z-patera-sevres\/","title":{"rendered":"Stolik w stylu Napoleon III  1870 z pater\u0105 sevres"},"content":{"rendered":"","protected":false},"excerpt":{"rendered":"<p>Stolik &#8211; eta\u017cerka z trzema okr\u0105g\u0142ymi blatami g\u00f3rny z porcelanowym talerzem w stylu sevres, wspartymi na czterech delikatnych, gi\u0119tych n\u00f3\u017ckach. Ca\u0142o\u015b\u0107 fornirowana, ozdobiona intarsjowanymi i inkrustowanymi z macicy per\u0142owej ornamentami w formie okalaj\u0105cej blaty wst\u0119gi i br\u0105zami w formie rocaili, galeryjki ujmuj\u0105cej g\u00f3rny blat i listew.<\/p>\n<p>Neorokokowa eta\u017cerka s\u0142u\u017c\u0105ca do odstawienia drobnych przedmiot\u00f3w i ozdoby. Forma i dekoracja wskazuj\u0105 na wykonanie we Francji. l<\/p>\n<p>Stan bardzo dobry orginalny, minimalne widoczne \u015blady u\u017cytkowania<\/p>\n<p>Materia\u0142; grusza czerniona? , r\u00f3\u017ca, cytryna?<\/p>\n<p>Origine France<\/p>\n<p>Wymiary: Szeroko\u015b\u0107\u00a0 blatu oko\u0142o 40 cm. Wysoko\u015b\u0107 oko\u0142o 76 cm.<\/p>\n<p>Bardzo atrakcyjna cena<\/p>\n<p>Mebel pi\u0119kny i funkcjonalny i bardzo dekoracyjny<\/p>\n<p>Do ka\u017cdego przedmiotu Galeria na \u017cyczenie wypisze certyfikat.<\/p>","protected":false},"featured_media":5199,"comment_status":"closed","ping_status":"closed","template":"","meta":[],"product_cat":[17,50,33],"product_tag":[],"class_list":{"0":"post-5198","1":"product","2":"type-product","3":"status-publish","4":"has-post-thumbnail","6":"product_cat-meble","7":"product_cat-porcelana-i-fajans","8":"product_cat-stoly-stoliki","10":"entry","11":"has-media","13":"first","14":"instock","15":"taxable","16":"shipping-taxable","17":"purchasable","18":"product-type-simple","19":"has-product-nav","20":"col","21":"span_1_of_3","22":"owp-content-center","23":"owp-thumbs-layout-horizontal","24":"owp-btn-normal","25":"owp-tabs-layout-horizontal"},"aioseo_notices":[],"_links":{"self":[{"href":"https:\/\/antykilion.pl\/fr\/wp-json\/wp\/v2\/product\/5198","targetHints":{"allow":["GET"]}}],"collection":[{"href":"https:\/\/antykilion.pl\/fr\/wp-json\/wp\/v2\/product"}],"about":[{"href":"https:\/\/antykilion.pl\/fr\/wp-json\/wp\/v2\/types\/product"}],"replies":[{"embeddable":true,"href":"https:\/\/antykilion.pl\/fr\/wp-json\/wp\/v2\/comments?post=5198"}],"wp:featuredmedia":[{"embeddable":true,"href":"https:\/\/antykilion.pl\/fr\/wp-json\/wp\/v2\/media\/5199"}],"wp:attachment":[{"href":"https:\/\/antykilion.pl\/fr\/wp-json\/wp\/v2\/media?parent=5198"}],"wp:term":[{"taxonomy":"product_cat","embeddable":true,"href":"https:\/\/antykilion.pl\/fr\/wp-json\/wp\/v2\/product_cat?post=5198"},{"taxonomy":"product_tag","embeddable":true,"href":"https:\/\/antykilion.pl\/fr\/wp-json\/wp\/v2\/product_tag?post=5198"}],"curies":[{"name":"wp","href":"https:\/\/api.w.org\/{rel}","templated":true}]}}