{"id":5214,"date":"2022-01-02T13:57:01","date_gmt":"2022-01-02T12:57:01","guid":{"rendered":"https:\/\/antykilion.pl\/?post_type=product&#038;p=5214"},"modified":"2022-12-07T08:09:30","modified_gmt":"2022-12-07T07:09:30","slug":"sofa-medalionowa-w-stylu-ludwik-filip-xix-w-1860","status":"publish","type":"product","link":"https:\/\/antykilion.pl\/fr\/product\/sofa-medalionowa-w-stylu-ludwik-filip-xix-w-1860\/","title":{"rendered":"Sofa medalionowa w stylu Ludwik Filip XIX w 1860"},"content":{"rendered":"","protected":false},"excerpt":{"rendered":"<p>Sofa medalionowa w stylu Ludwik Filip XIX w 1860<\/p>\n<p>wsparta na 6 kabriolowo wygi\u0119tych nogach; dekoracja\u00a0 bogata snycerka w r\u00f3\u017ce.<\/p>\n<p>Kwintesencja stylu Ludwika Filipa !!!<\/p>\n<p>Na innej aukcji fotele i krzes\u0142a do kompletu.<\/p>\n<p>Mat\u00e9riel: acajou<\/p>\n<p>Stan materia\u0142 obiciowy bardzo dobry uwa\u017cam, jeden pas do ponownego naci\u0105gni\u0119cia, szkielet po renowacji zachowawczej<\/p>\n<p>Origine Europe centrale Pologne?<\/p>\n<p>Wymiary: d\u0142ugo\u015b\u0107 180 cm, g\u0142\u0119boko\u015b\u0107 z wychylonym oparciem oko\u0142o 80 cm, wysoko\u015b\u0107 ca\u0142kowita 106 cm, wysoko\u015b\u0107 siedziska oko\u0142o 40 cm <\/p>\n<p>Un beau meuble de palais!<\/p>","protected":false},"featured_media":5215,"comment_status":"closed","ping_status":"closed","template":"","meta":[],"product_cat":[17,32],"product_tag":[],"class_list":{"0":"post-5214","1":"product","2":"type-product","3":"status-publish","4":"has-post-thumbnail","6":"product_cat-meble","7":"product_cat-sofy","9":"entry","10":"has-media","12":"first","13":"instock","14":"taxable","15":"shipping-taxable","16":"purchasable","17":"product-type-simple","18":"has-product-nav","19":"col","20":"span_1_of_3","21":"owp-content-center","22":"owp-thumbs-layout-horizontal","23":"owp-btn-normal","24":"owp-tabs-layout-horizontal"},"aioseo_notices":[],"_links":{"self":[{"href":"https:\/\/antykilion.pl\/fr\/wp-json\/wp\/v2\/product\/5214","targetHints":{"allow":["GET"]}}],"collection":[{"href":"https:\/\/antykilion.pl\/fr\/wp-json\/wp\/v2\/product"}],"about":[{"href":"https:\/\/antykilion.pl\/fr\/wp-json\/wp\/v2\/types\/product"}],"replies":[{"embeddable":true,"href":"https:\/\/antykilion.pl\/fr\/wp-json\/wp\/v2\/comments?post=5214"}],"wp:featuredmedia":[{"embeddable":true,"href":"https:\/\/antykilion.pl\/fr\/wp-json\/wp\/v2\/media\/5215"}],"wp:attachment":[{"href":"https:\/\/antykilion.pl\/fr\/wp-json\/wp\/v2\/media?parent=5214"}],"wp:term":[{"taxonomy":"product_cat","embeddable":true,"href":"https:\/\/antykilion.pl\/fr\/wp-json\/wp\/v2\/product_cat?post=5214"},{"taxonomy":"product_tag","embeddable":true,"href":"https:\/\/antykilion.pl\/fr\/wp-json\/wp\/v2\/product_tag?post=5214"}],"curies":[{"name":"wp","href":"https:\/\/api.w.org\/{rel}","templated":true}]}}