{"id":5377,"date":"2022-03-06T14:45:29","date_gmt":"2022-03-06T13:45:29","guid":{"rendered":"https:\/\/antykilion.pl\/?post_type=product&#038;p=5377"},"modified":"2024-12-16T18:21:47","modified_gmt":"2024-12-16T17:21:47","slug":"serwis-obiadowy-z-lat-1920-r-ohme-szczawienko-slask","status":"publish","type":"product","link":"https:\/\/antykilion.pl\/fr\/product\/serwis-obiadowy-z-lat-1920-r-ohme-szczawienko-slask\/","title":{"rendered":"Serwis obiadowy z lat 1920 r, Ohme Szczawienko \u015al\u0105sk"},"content":{"rendered":"","protected":false},"excerpt":{"rendered":"<p>Zabytkowa \u015bl\u0105ska porcelana ze znanej manufaktury Hermanna Ohme, kt\u00f3ra by\u0142a jedn\u0105 z najwi\u0119kszych w rejonie Wa\u0142brzycha<\/p>\n<p>Sygnatura wytw\u00f3rni Ohme z Niedersalzbrunn (obecne Szczawienko) uj\u0119ta pod numerem 503 w Encyklopedii \u015al\u0105skiej Porcelany. Datowanie przypada na lata: 1900-1920.<br \/>\nLe site Web comprend:<\/p>\n<p>8 talerzy deserowych,  17 cm.<\/p>\n<p>8 talerzy obiadowych p\u0142askich  25 cm<\/p>\n<p>8 talerzy obiadowych g\u0142\u0119bokich 25 cm<\/p>\n<p>8 talerzyk\u00f3w \u015bniadaniowych  21,6 cm<\/p>\n<p>1 sosjerka du\u017ca<\/p>\n<p>2 misek<\/p>\n<p>3 p\u00f3\u0142misk\u00f3w<\/p>\n<p>1 vase \u00e0 soupe<\/p>\n<p>Tr\u00e8s bonne condition<\/p>\n<p>Pi\u0119kny bardzo elegancki i niespotykany<\/p>","protected":false},"featured_media":5378,"comment_status":"closed","ping_status":"closed","template":"","meta":[],"product_cat":[50],"product_tag":[],"class_list":{"0":"post-5377","1":"product","2":"type-product","3":"status-publish","4":"has-post-thumbnail","6":"product_cat-porcelana-i-fajans","8":"entry","9":"has-media","11":"first","12":"instock","13":"taxable","14":"shipping-taxable","15":"purchasable","16":"product-type-simple","17":"has-product-nav","18":"col","19":"span_1_of_3","20":"owp-content-center","21":"owp-thumbs-layout-horizontal","22":"owp-btn-normal","23":"owp-tabs-layout-horizontal"},"aioseo_notices":[],"_links":{"self":[{"href":"https:\/\/antykilion.pl\/fr\/wp-json\/wp\/v2\/product\/5377","targetHints":{"allow":["GET"]}}],"collection":[{"href":"https:\/\/antykilion.pl\/fr\/wp-json\/wp\/v2\/product"}],"about":[{"href":"https:\/\/antykilion.pl\/fr\/wp-json\/wp\/v2\/types\/product"}],"replies":[{"embeddable":true,"href":"https:\/\/antykilion.pl\/fr\/wp-json\/wp\/v2\/comments?post=5377"}],"wp:featuredmedia":[{"embeddable":true,"href":"https:\/\/antykilion.pl\/fr\/wp-json\/wp\/v2\/media\/5378"}],"wp:attachment":[{"href":"https:\/\/antykilion.pl\/fr\/wp-json\/wp\/v2\/media?parent=5377"}],"wp:term":[{"taxonomy":"product_cat","embeddable":true,"href":"https:\/\/antykilion.pl\/fr\/wp-json\/wp\/v2\/product_cat?post=5377"},{"taxonomy":"product_tag","embeddable":true,"href":"https:\/\/antykilion.pl\/fr\/wp-json\/wp\/v2\/product_tag?post=5377"}],"curies":[{"name":"wp","href":"https:\/\/api.w.org\/{rel}","templated":true}]}}