{"id":5473,"date":"2022-04-16T18:08:44","date_gmt":"2022-04-16T16:08:44","guid":{"rendered":"https:\/\/antykilion.pl\/?post_type=product&#038;p=5473"},"modified":"2022-04-16T18:08:44","modified_gmt":"2022-04-16T16:08:44","slug":"obledne-biurko-w-stylu-ludwika-xv-polowa-xix-w-gervais-durand-atrybucja","status":"publish","type":"product","link":"https:\/\/antykilion.pl\/fr\/product\/obledne-biurko-w-stylu-ludwika-xv-polowa-xix-w-gervais-durand-atrybucja\/","title":{"rendered":"Ob\u0142\u0119dne biurko w stylu Ludwika XV, po\u0142owa XIX w. Gervais Durand atrybucja"},"content":{"rendered":"","protected":false},"excerpt":{"rendered":"<p>Ob\u0142\u0119dne biurko w stylu Ludwika XV, po\u0142owa XIX w. Gervais Durand atrybucja<\/p>\n<p>Bardzo wysokiej klasy dwustronne p\u0142askie biurko w okleinie palisandru r\u00f3\u017cy, otwierane z trzema szufladami z fryzu. Fryz bogato intarsjowany geometrycznie, Oprawa wykonana z rze\u017abionego ormolu w stylu Rocaille, przedstawiaj\u0105cego li\u015bcie akantu i girlandy z kwiat\u00f3w. Podniesiony na czterech kabriolowych nogach ozdobionych rze\u017abionym ormolu. Blat z sk\u00f3ry wyko\u0144czony t\u0142oczonymi z\u0142oceniami.<\/p>\n<p>To, \u017ce biurko jest dwustronne mo\u017ce sta\u0107 na \u015brodku i pe\u0142ni\u0107 rol\u0119 zar\u00f3wno funkcyjn\u0105 jak i dekoracyjn\u0105;<\/p>\n<p>Ogromna rzadko\u015b\u0107 na naszym rynku antykwarycznym biurka z tego okresu osi\u0105gaj\u0105 dzisiaj ogromne kwoty, poni\u017cej link.<\/p>\n<p>https:\/\/www.1stdibs.com\/furniture\/storage-case-pieces\/desks\/gervais-durand-19th-century-middle-desk-marquetry-bronze-style-louis-xv\/id-f_26339042\/<\/p>\n<p>Stan: bardzo dobry po konserwacji zachowawczej,\u00a0 zachowana r\u00f3wnie\u017c orginalna sk\u00f3ra, do wgl\u0105du zdj\u0119cia biurka przed konserwacj\u0105<\/p>\n<p>Materia\u0142; maho\u0144, palisander r\u00f3\u017ca<\/p>\n<p>Pochodzenie Francja Gervais Durand atrybucja<\/p>\n<p>Gervais Durand bra\u0142 udzia\u0142 w Wystawie \u015awiatowej 1889, gdzie zosta\u0142 odznaczony srebrnym medalem. Raport z wystawy A. Picarda stwierdza\u0142, \u017ce \u201ePan Durand, stolarz, r\u00f3wnie zr\u0119czny, co skromny, po raz pierwszy prezentuje bardzo dobre meble, kt\u00f3re zosta\u0142y przez niego zaprojektowane i wykonane. Idzie \u015bladami gigant\u00f3w, takich jak Beurdeley i Dasson<\/p>\n<p>Wymiary: Wysoko\u015b\u0107: , szeroko\u015b\u0107:\u00a0 cm, g\u0142\u0119boko\u015b\u0107:\u00a0 cm.<\/p>\n<p>Bardzo atrakcyjna cena<\/p>","protected":false},"featured_media":5476,"comment_status":"closed","ping_status":"closed","template":"","meta":[],"product_cat":[17,31],"product_tag":[],"class_list":{"0":"post-5473","1":"product","2":"type-product","3":"status-publish","4":"has-post-thumbnail","6":"product_cat-meble","7":"product_cat-sekretery-sekretarzyki-biurka","9":"entry","10":"has-media","12":"first","13":"instock","14":"taxable","15":"shipping-taxable","16":"purchasable","17":"product-type-simple","18":"has-product-nav","19":"col","20":"span_1_of_3","21":"owp-content-center","22":"owp-thumbs-layout-horizontal","23":"owp-btn-normal","24":"owp-tabs-layout-horizontal"},"aioseo_notices":[],"_links":{"self":[{"href":"https:\/\/antykilion.pl\/fr\/wp-json\/wp\/v2\/product\/5473","targetHints":{"allow":["GET"]}}],"collection":[{"href":"https:\/\/antykilion.pl\/fr\/wp-json\/wp\/v2\/product"}],"about":[{"href":"https:\/\/antykilion.pl\/fr\/wp-json\/wp\/v2\/types\/product"}],"replies":[{"embeddable":true,"href":"https:\/\/antykilion.pl\/fr\/wp-json\/wp\/v2\/comments?post=5473"}],"wp:featuredmedia":[{"embeddable":true,"href":"https:\/\/antykilion.pl\/fr\/wp-json\/wp\/v2\/media\/5476"}],"wp:attachment":[{"href":"https:\/\/antykilion.pl\/fr\/wp-json\/wp\/v2\/media?parent=5473"}],"wp:term":[{"taxonomy":"product_cat","embeddable":true,"href":"https:\/\/antykilion.pl\/fr\/wp-json\/wp\/v2\/product_cat?post=5473"},{"taxonomy":"product_tag","embeddable":true,"href":"https:\/\/antykilion.pl\/fr\/wp-json\/wp\/v2\/product_tag?post=5473"}],"curies":[{"name":"wp","href":"https:\/\/api.w.org\/{rel}","templated":true}]}}