{"id":5550,"date":"2022-04-21T11:14:53","date_gmt":"2022-04-21T09:14:53","guid":{"rendered":"https:\/\/antykilion.pl\/?post_type=product&#038;p=5550"},"modified":"2022-04-21T14:48:14","modified_gmt":"2022-04-21T12:48:14","slug":"doktor-milosci-ok-1730-jacques-courtin-akwaforta","status":"publish","type":"product","link":"https:\/\/antykilion.pl\/fr\/product\/doktor-milosci-ok-1730-jacques-courtin-akwaforta\/","title":{"rendered":"Doktor mi\u0142o\u015bci ok. 1730 Jacques Courtin akwaforta"},"content":{"rendered":"","protected":false},"excerpt":{"rendered":"<p>Doktor mi\u0142o\u015bci ok. 1730 Jacques Courtin akwaforta<\/p>\n<p>Temat: Doktor mi\u0142o\u015bci<\/p>\n<p>na pierwszym planie m\u0142oda dziewczyna otoczona badaj\u0105cym doktorem i amorami<\/p>\n<p>Artysta: C. Mathey (francuski, czynny Pary\u017c, ok. 1730\u201350)<\/p>\n<p>Artysta: Wed\u0142ug Jacques Courtin (francuski, Sens 1672\u20131752 Pary\u017c)<\/p>\n<p>Wydawca: Louis Surugue (francuski, Pary\u017c ok. 1686-1762 Grand Vaux)<\/p>\n<p>Data: ok. 1730\u201350<\/p>\n<p>Medium: trawienie i grawerowanie<\/p>\n<p>Miejsce produkcji Opublikowano w: Pary\u017cu<\/p>\n<p>Materia\u0142y papier<\/p>\n<p>Technika akwaforta rytownictwo<\/p>\n<p>Wymiary Wysoko\u015b\u0107: Wysoko\u015b\u0107: 49 cm Szeroko\u015b\u0107: Szeroko\u015b\u0107: 38 cm &#8211; wymiary z obramowaniem<br \/>\nOrginalna z XVIII wieku rama<\/p>\n<p>tak\u0105 sam\u0105 grafik\u0119 mo\u017cemy r\u00f3wnie\u017c zobaczy\u0107 w The Metropolitan Museum of Art<\/p>\n<p>Eau-forte, gravure (italien: acquaforte - eau forte ou acide nitrique) - technique graphique concave, \u00e9galement une impression obtenue en utilisant cette technique. La technique de gravure a \u00e9t\u00e9 invent\u00e9e au tournant des XVe et XVIe si\u00e8cles, et elle a \u00e9t\u00e9 popularis\u00e9e au XVIe si\u00e8cle [1].<\/p>\n<p>Il consiste \u00e0 r\u00e9aliser une plaque d&#039;impression m\u00e9tallique avec un dessin obtenu par gravure. Une plaque de cuivre ou de zinc est recouverte d&#039;un vernis de gravure insoluble dans l&#039;acide, puis un \u00e9tirage est r\u00e9alis\u00e9 avec une aiguille en acier r\u00e9v\u00e9lant la surface m\u00e9tallique [2]. En trempant la plaque dans l&#039;acide, l&#039;emboutissage profond sur la plaque est grav\u00e9. Afin d&#039;approfondir les lignes dans les parties sombres du dessin, ce processus est r\u00e9p\u00e9t\u00e9 plusieurs fois. Apr\u00e8s la derni\u00e8re gravure et \u00e9limination du vernis, l&#039;encre d&#039;impression est frott\u00e9e dans la plaque, qui ne reste que dans les creux grav\u00e9s. L&#039;encre press\u00e9e dans les \u00e9videments grav\u00e9s de la plaque est transf\u00e9r\u00e9e sur le papier sous pression dans une presse h\u00e9lio [3].<\/p>\n<p>La gravure a \u00e9t\u00e9 utilis\u00e9e par: Albrecht D\u00fcrer, Rembrandt, Jacques Callot, Francisco Goya [4], Giovanni Battista Piranesi, James Abbott McNeill Whistler, Marc Chagall, Pablo Picasso, Taras Szewczenko, Daniel Chodowiecki, Jan Piotriotr Norblin, Micha\u0142 P\u0142o\u0144ski, Leon Wyowski, Wyowski Mehoffer, J\u00f3zef Pankiewicz, Wojciech Weiss, Zbigniew Rabsztyn, J\u00f3zef Pieni\u0105\u017cek, Magdalena Gintowt-Juchniewicz, Cezary Paszkowski, Barbara Rosiak, Leszek R\u00f3zga, Barbara Nar\u0119bska-D\u0119bska, Beateusz Micha, Tadeusz Micha. Chaim Goldberg<\/p>\n<p>La premi\u00e8re gravure est dat\u00e9e de 1513 et son cr\u00e9ateur est le graveur suisse Urs Graf [5]. \u00c0 la suite du d\u00e9veloppement de cette technique au 18\u00e8me si\u00e8cle, une aquatinte a \u00e9t\u00e9 invent\u00e9e pour \u00e9largir les possibilit\u00e9s de don<\/p>","protected":false},"featured_media":5585,"comment_status":"closed","ping_status":"closed","template":"","meta":[],"product_cat":[41,39,40],"product_tag":[],"class_list":{"0":"post-5550","1":"product","2":"type-product","3":"status-publish","4":"has-post-thumbnail","6":"product_cat-malarstwo-dawne","7":"product_cat-dziela-sztuki","8":"product_cat-malarstwo","10":"entry","11":"has-media","13":"first","14":"instock","15":"taxable","16":"shipping-taxable","17":"purchasable","18":"product-type-simple","19":"has-product-nav","20":"col","21":"span_1_of_3","22":"owp-content-center","23":"owp-thumbs-layout-horizontal","24":"owp-btn-normal","25":"owp-tabs-layout-horizontal"},"aioseo_notices":[],"_links":{"self":[{"href":"https:\/\/antykilion.pl\/fr\/wp-json\/wp\/v2\/product\/5550","targetHints":{"allow":["GET"]}}],"collection":[{"href":"https:\/\/antykilion.pl\/fr\/wp-json\/wp\/v2\/product"}],"about":[{"href":"https:\/\/antykilion.pl\/fr\/wp-json\/wp\/v2\/types\/product"}],"replies":[{"embeddable":true,"href":"https:\/\/antykilion.pl\/fr\/wp-json\/wp\/v2\/comments?post=5550"}],"wp:featuredmedia":[{"embeddable":true,"href":"https:\/\/antykilion.pl\/fr\/wp-json\/wp\/v2\/media\/5585"}],"wp:attachment":[{"href":"https:\/\/antykilion.pl\/fr\/wp-json\/wp\/v2\/media?parent=5550"}],"wp:term":[{"taxonomy":"product_cat","embeddable":true,"href":"https:\/\/antykilion.pl\/fr\/wp-json\/wp\/v2\/product_cat?post=5550"},{"taxonomy":"product_tag","embeddable":true,"href":"https:\/\/antykilion.pl\/fr\/wp-json\/wp\/v2\/product_tag?post=5550"}],"curies":[{"name":"wp","href":"https:\/\/api.w.org\/{rel}","templated":true}]}}