{"id":5660,"date":"2022-05-19T19:59:39","date_gmt":"2022-05-19T17:59:39","guid":{"rendered":"https:\/\/antykilion.pl\/?post_type=product&#038;p=5660"},"modified":"2023-07-15T10:59:34","modified_gmt":"2023-07-15T08:59:34","slug":"desire-thomassin-renardt-wieden-1858-monachium-1933","status":"publish","type":"product","link":"https:\/\/antykilion.pl\/fr\/product\/desire-thomassin-renardt-wieden-1858-monachium-1933\/","title":{"rendered":"D\u00e9sir\u00e9 Thomassin Renardt Wiede\u0144 1858 Monachium 1933"},"content":{"rendered":"","protected":false},"excerpt":{"rendered":"<p>D\u00e9sir\u00e9 Thomassin Renardt Wiede\u0144 1858 Monachium 1933<\/p>\n<p>Zima<\/p>\n<p>Technique: huile sur toile<\/p>\n<p>Stan: bardzo dobry, po konserwacji<\/p>\n<p>Sygnatura: widoczna na zdj\u0119ciu, D\u00e9sir\u00e9 Thomassin Renardt<\/p>\n<p>Wymiary: p\u0142\u00f3tna oko\u0142o 27 cm na 41.5 cm. + rama 51 cm na 65,5 cm<\/p>\n<p>Bardzo dobre malarstwo, bardzo dekoracyjne.<\/p>\n<p>D\u00e9sir\u00e9 Thomassin-Renardt (Wiede\u0144 1858 &#8211; Monachium 1933) \u2013 austriacki malarz i kompozytor; syn wysokiego urz\u0119dnika na dworze ksi\u0119cia Parmy, W latach 1877-1881 kszta\u0142ci\u0142 si\u0119 w Kr\u00f3lewskiej Szkole Muzycznej w Monachium, gdzie by\u0142 uczniem Gabriela Reichenbergera i Maxa Hiebera, a p\u00f3\u017aniej \u2013 do 1883 \u2013 pracowa\u0142 jako nauczyciel muzyki. Nast\u0119pnie studiowa\u0142 malarstwo w monachijskiej Akademii Sztuk Pi\u0119knych pod kierunkiem Wilhelma Dieza. Jako malarz by\u0142 realist\u0105. Malowa\u0142 sceny rodzajowe oraz pejza\u017ce \u2013 wiejskie, zimowe, le\u015bne, nadmorskie \u2013 o\u017cywione sztafa\u017cem \u2013 postaciami my\u015bliwych, w\u0119drowc\u00f3w, rybak\u00f3w.<\/p>\n<p>Do ka\u017cdego przedmiotu Galeria wystawia certyfikat.<\/p>","protected":false},"featured_media":5661,"comment_status":"closed","ping_status":"closed","template":"","meta":[],"product_cat":[41,39,40],"product_tag":[],"class_list":{"0":"post-5660","1":"product","2":"type-product","3":"status-publish","4":"has-post-thumbnail","6":"product_cat-malarstwo-dawne","7":"product_cat-dziela-sztuki","8":"product_cat-malarstwo","10":"entry","11":"has-media","13":"first","14":"instock","15":"taxable","16":"shipping-taxable","17":"purchasable","18":"product-type-simple","19":"has-product-nav","20":"col","21":"span_1_of_3","22":"owp-content-center","23":"owp-thumbs-layout-horizontal","24":"owp-btn-normal","25":"owp-tabs-layout-horizontal"},"aioseo_notices":[],"_links":{"self":[{"href":"https:\/\/antykilion.pl\/fr\/wp-json\/wp\/v2\/product\/5660","targetHints":{"allow":["GET"]}}],"collection":[{"href":"https:\/\/antykilion.pl\/fr\/wp-json\/wp\/v2\/product"}],"about":[{"href":"https:\/\/antykilion.pl\/fr\/wp-json\/wp\/v2\/types\/product"}],"replies":[{"embeddable":true,"href":"https:\/\/antykilion.pl\/fr\/wp-json\/wp\/v2\/comments?post=5660"}],"wp:featuredmedia":[{"embeddable":true,"href":"https:\/\/antykilion.pl\/fr\/wp-json\/wp\/v2\/media\/5661"}],"wp:attachment":[{"href":"https:\/\/antykilion.pl\/fr\/wp-json\/wp\/v2\/media?parent=5660"}],"wp:term":[{"taxonomy":"product_cat","embeddable":true,"href":"https:\/\/antykilion.pl\/fr\/wp-json\/wp\/v2\/product_cat?post=5660"},{"taxonomy":"product_tag","embeddable":true,"href":"https:\/\/antykilion.pl\/fr\/wp-json\/wp\/v2\/product_tag?post=5660"}],"curies":[{"name":"wp","href":"https:\/\/api.w.org\/{rel}","templated":true}]}}