{"id":5732,"date":"2022-06-12T11:11:39","date_gmt":"2022-06-12T09:11:39","guid":{"rendered":"https:\/\/antykilion.pl\/?post_type=product&#038;p=5732"},"modified":"2023-05-04T12:48:39","modified_gmt":"2023-05-04T10:48:39","slug":"piekny-stary-gramofon-z-bordowa-tuba-1915-r","status":"publish","type":"product","link":"https:\/\/antykilion.pl\/fr\/product\/piekny-stary-gramofon-z-bordowa-tuba-1915-r\/","title":{"rendered":"Pi\u0119kny stary gramofon, z bordow\u0105 tub\u0105 1915 r"},"content":{"rendered":"","protected":false},"excerpt":{"rendered":"<p>Pi\u0119kny stary gramofon, z bordow\u0105 tub\u0105, ok. 1915 rok<\/p>\n<p>Gramofon patefon z malowan\u0105 bordowo tub\u0105 o \u015brednicy ok. 50 cm, oryginalnie zachowan\u0105.<\/p>\n<p>Producent g\u0142owicy z Londynu, rok produkcji: ok. 1900\/1915.<\/p>\n<p>L&#039;\u00e9quipement a un m\u00e9canisme d&#039;origine qui fonctionne, est complet et pr\u00eat pour la lecture.<\/p>\n<p>Il est purifi\u00e9<\/p>\n<p>Une bo\u00eete en bois de 31 cm sur 31 cm<\/p>\n<p>Wysoko\u015b\u0107 z tub\u0105 67 cm<\/p>\n<p>Gramofon patefon, posiada regulator obrot\u00f3w (z boku), hamulec, korbk\u0119 i g\u0142owic\u0119.<\/p>\n<p>Materia\u0142: drewno i metal<\/p>\n<p>Stan bardzo dobry wr\u0119cz idealny na ten wiek<\/p>","protected":false},"featured_media":5733,"comment_status":"closed","ping_status":"closed","template":"","meta":[],"product_cat":[16,55],"product_tag":[],"class_list":{"0":"post-5732","1":"product","2":"type-product","3":"status-publish","4":"has-post-thumbnail","6":"product_cat-inne","7":"product_cat-varia","9":"entry","10":"has-media","12":"first","13":"instock","14":"taxable","15":"shipping-taxable","16":"purchasable","17":"product-type-simple","18":"has-product-nav","19":"col","20":"span_1_of_3","21":"owp-content-center","22":"owp-thumbs-layout-horizontal","23":"owp-btn-normal","24":"owp-tabs-layout-horizontal"},"aioseo_notices":[],"_links":{"self":[{"href":"https:\/\/antykilion.pl\/fr\/wp-json\/wp\/v2\/product\/5732","targetHints":{"allow":["GET"]}}],"collection":[{"href":"https:\/\/antykilion.pl\/fr\/wp-json\/wp\/v2\/product"}],"about":[{"href":"https:\/\/antykilion.pl\/fr\/wp-json\/wp\/v2\/types\/product"}],"replies":[{"embeddable":true,"href":"https:\/\/antykilion.pl\/fr\/wp-json\/wp\/v2\/comments?post=5732"}],"wp:featuredmedia":[{"embeddable":true,"href":"https:\/\/antykilion.pl\/fr\/wp-json\/wp\/v2\/media\/5733"}],"wp:attachment":[{"href":"https:\/\/antykilion.pl\/fr\/wp-json\/wp\/v2\/media?parent=5732"}],"wp:term":[{"taxonomy":"product_cat","embeddable":true,"href":"https:\/\/antykilion.pl\/fr\/wp-json\/wp\/v2\/product_cat?post=5732"},{"taxonomy":"product_tag","embeddable":true,"href":"https:\/\/antykilion.pl\/fr\/wp-json\/wp\/v2\/product_tag?post=5732"}],"curies":[{"name":"wp","href":"https:\/\/api.w.org\/{rel}","templated":true}]}}