{"id":5904,"date":"2022-08-22T10:19:13","date_gmt":"2022-08-22T08:19:13","guid":{"rendered":"https:\/\/antykilion.pl\/?post_type=product&#038;p=5904"},"modified":"2024-03-28T17:55:30","modified_gmt":"2024-03-28T16:55:30","slug":"stol-pomocniczy-xix-wiek-w-stylu-empir-imponujacy-2","status":"publish","type":"product","link":"https:\/\/antykilion.pl\/fr\/product\/stol-pomocniczy-xix-wiek-w-stylu-empir-imponujacy-2\/","title":{"rendered":"St\u00f3\u0142 pomocniczy XIX wiek, w stylu Empir, imponuj\u0105cy"},"content":{"rendered":"","protected":false},"excerpt":{"rendered":"<p>St\u00f3\u0142 pomocniczy XIX wiek, w stylu Empire, imponuj\u0105cy<\/p>\n<p>z prostok\u0105tnym blatem, na kr\u00f3tszych bokach z rozk\u0142adanymi skrzyd\u0142ami, wspieranymi na podp\u00f3rkach, wysuwanych z oskrzynienia, wsparty na toczonym trzonie w formie kolumny, rozwidlonym u do\u0142u w esowaty czw\u00f3rn\u00f3g zako\u0144czony imponuj\u0105cymi z\u0142 \u0142apami lwa. Na oskrzynieniu szuflada, z drugiej strony imitacja szuflady.<\/p>\n<p>Pochodzenie: Europa z\u015brodkowa<\/p>\n<p>Etat: tr\u00e8s bon apr\u00e8s entretien<\/p>\n<p>Okleiny maho\u0144 piramidalny, noga z\u0142ocenia i polichromia<\/p>\n<p>Une tr\u00e8s belle table multifonction, elle peut \u00eatre utilis\u00e9e comme coiffeuse, bureau ou table d&#039;appoint<\/p>\n<p>Wymiary: D\u0142ugo\u015b\u0107 104 cm, szeroko\u015b\u0107 74 cm, wysoko\u015b\u0107 78 cm, Klapy dodaj\u0105 24 cm. X 2<\/p>\n<p>Un beau meuble de palais!<\/p>","protected":false},"featured_media":5906,"comment_status":"closed","ping_status":"closed","template":"","meta":[],"product_cat":[17,31,33],"product_tag":[],"class_list":{"0":"post-5904","1":"product","2":"type-product","3":"status-publish","4":"has-post-thumbnail","6":"product_cat-meble","7":"product_cat-sekretery-sekretarzyki-biurka","8":"product_cat-stoly-stoliki","10":"entry","11":"has-media","13":"first","14":"instock","15":"taxable","16":"shipping-taxable","17":"purchasable","18":"product-type-simple","19":"has-product-nav","20":"col","21":"span_1_of_3","22":"owp-content-center","23":"owp-thumbs-layout-horizontal","24":"owp-btn-normal","25":"owp-tabs-layout-horizontal"},"aioseo_notices":[],"_links":{"self":[{"href":"https:\/\/antykilion.pl\/fr\/wp-json\/wp\/v2\/product\/5904","targetHints":{"allow":["GET"]}}],"collection":[{"href":"https:\/\/antykilion.pl\/fr\/wp-json\/wp\/v2\/product"}],"about":[{"href":"https:\/\/antykilion.pl\/fr\/wp-json\/wp\/v2\/types\/product"}],"replies":[{"embeddable":true,"href":"https:\/\/antykilion.pl\/fr\/wp-json\/wp\/v2\/comments?post=5904"}],"wp:featuredmedia":[{"embeddable":true,"href":"https:\/\/antykilion.pl\/fr\/wp-json\/wp\/v2\/media\/5906"}],"wp:attachment":[{"href":"https:\/\/antykilion.pl\/fr\/wp-json\/wp\/v2\/media?parent=5904"}],"wp:term":[{"taxonomy":"product_cat","embeddable":true,"href":"https:\/\/antykilion.pl\/fr\/wp-json\/wp\/v2\/product_cat?post=5904"},{"taxonomy":"product_tag","embeddable":true,"href":"https:\/\/antykilion.pl\/fr\/wp-json\/wp\/v2\/product_tag?post=5904"}],"curies":[{"name":"wp","href":"https:\/\/api.w.org\/{rel}","templated":true}]}}