{"id":5976,"date":"2022-09-02T15:13:10","date_gmt":"2022-09-02T13:13:10","guid":{"rendered":"https:\/\/antykilion.pl\/?post_type=product&#038;p=5976"},"modified":"2022-09-02T15:13:11","modified_gmt":"2022-09-02T13:13:11","slug":"zegar-kominkowy-braz-zlocony-empirowy-pons-1830-r","status":"publish","type":"product","link":"https:\/\/antykilion.pl\/fr\/product\/zegar-kominkowy-braz-zlocony-empirowy-pons-1830-r\/","title":{"rendered":"Zegar kominkowy br\u0105z z\u0142ocony, Empirowy Pons 1830 r"},"content":{"rendered":"","protected":false},"excerpt":{"rendered":"<p>Horloge de chemin\u00e9e en bronze dor\u00e9, vers 1830<\/p>\n<p>Br\u0105z, z\u0142ocony. Na nogach wolutowych podstawa ozdobiona kwiatowym fryzem ostro\u0142ukowym, na nim siedz\u0105ca posta\u0107 rozmarzonej kobiety obok zegara osadzonego w podstawie z poduszk\u0105 i opart\u0105 mandolin\u0105. Posrebrzana tarcza. zawieszenie nitkowe. P\u00f3\u0142godzinne uderzenie w dzwon. Znaczek medalowy MEDAILLE D&#8217;OR \/ Pons\/ 1827&#8242;. oraz H te Azur<\/p>\n<p>Pochodzenie: zegar kominkowy, francuski, zawieszenie nitkowe oko\u0142o 1830 r sygnowany MEDAILLE D&#8217;OR \/ Pons\/ 1827&#8242;. oraz H te Azur<\/p>\n<p>Etat: tr\u00e8s bon apr\u00e8s avis de l&#039;horloger.<\/p>\n<p>Mati\u00e8re: bronze dor\u00e9<\/p>\n<p>Wymiary: wysoko\u015b\u0107 52 cm, g\u0142\u0119boko\u015b\u0107 14 cm, d\u0142ugo\u015b\u0107\u00a0 42 cm<\/p>\n<p>Ceny takich zegar\u00f3w przewy\u017cszaj\u0105 kwot\u0119 20 000 z\u0142.<\/p>","protected":false},"featured_media":5977,"comment_status":"closed","ping_status":"closed","template":"","meta":[],"product_cat":[54,51],"product_tag":[],"class_list":{"0":"post-5976","1":"product","2":"type-product","3":"status-publish","4":"has-post-thumbnail","6":"product_cat-zegary-kominkowe","7":"product_cat-zegary","9":"entry","10":"has-media","12":"first","13":"instock","14":"taxable","15":"shipping-taxable","16":"purchasable","17":"product-type-simple","18":"has-product-nav","19":"col","20":"span_1_of_3","21":"owp-content-center","22":"owp-thumbs-layout-horizontal","23":"owp-btn-normal","24":"owp-tabs-layout-horizontal","25":"has-no-thumbnails"},"aioseo_notices":[],"_links":{"self":[{"href":"https:\/\/antykilion.pl\/fr\/wp-json\/wp\/v2\/product\/5976","targetHints":{"allow":["GET"]}}],"collection":[{"href":"https:\/\/antykilion.pl\/fr\/wp-json\/wp\/v2\/product"}],"about":[{"href":"https:\/\/antykilion.pl\/fr\/wp-json\/wp\/v2\/types\/product"}],"replies":[{"embeddable":true,"href":"https:\/\/antykilion.pl\/fr\/wp-json\/wp\/v2\/comments?post=5976"}],"wp:featuredmedia":[{"embeddable":true,"href":"https:\/\/antykilion.pl\/fr\/wp-json\/wp\/v2\/media\/5977"}],"wp:attachment":[{"href":"https:\/\/antykilion.pl\/fr\/wp-json\/wp\/v2\/media?parent=5976"}],"wp:term":[{"taxonomy":"product_cat","embeddable":true,"href":"https:\/\/antykilion.pl\/fr\/wp-json\/wp\/v2\/product_cat?post=5976"},{"taxonomy":"product_tag","embeddable":true,"href":"https:\/\/antykilion.pl\/fr\/wp-json\/wp\/v2\/product_tag?post=5976"}],"curies":[{"name":"wp","href":"https:\/\/api.w.org\/{rel}","templated":true}]}}