{"id":5989,"date":"2022-09-10T09:47:10","date_gmt":"2022-09-10T07:47:10","guid":{"rendered":"https:\/\/antykilion.pl\/?post_type=product&#038;p=5989"},"modified":"2022-09-10T09:47:10","modified_gmt":"2022-09-10T07:47:10","slug":"para-swiecznikow-braz-zlocony-empire-xix-w-1820r","status":"publish","type":"product","link":"https:\/\/antykilion.pl\/fr\/product\/para-swiecznikow-braz-zlocony-empire-xix-w-1820r\/","title":{"rendered":"Para \u015bwiecznik\u00f3w, br\u0105z z\u0142ocony Empire XIX w, 1820r"},"content":{"rendered":"","protected":false},"excerpt":{"rendered":"<p>Para \u015bwiecznik\u00f3w, br\u0105z z\u0142ocony Empire XIX w, 1820r<\/p>\n<p>Podstawy koliste, obrze\u017cone molet\u0105 z wzorem stylizowanych listk\u00f3w laurowych, lekko wysklepione, z szerokim pasem wici winnej latoro\u015bli i ga\u0142\u0105zek r\u00f3\u017canych. Trzony wyrastaj\u0105ce z koszyka ze stylizowanych li\u015bci palmowych, kanelowane; kapitele w formie koszyk\u00f3w z plecionki, wype\u0142nionych kwiatami i owocami. Tuleje na \u015bwiece kuliste, z motywem winnej \u0142ozy; szerokie talerzyki ruchomych profitek otoczone moletowanymi listkami lauru.<\/p>\n<p>Materia\u0142: Br\u0105z z\u0142ocony<\/p>\n<p>Stan: orginalny bardzo dobry<\/p>\n<p>Pochodzenie:Francja<\/p>\n<p>Wymiary: 24 cm wysoko\u015b\u0107<\/p>\n<p>Przepi\u0119kne!!!<\/p>\n<p>Polecam bardzo dobra cena.<\/p>","protected":false},"featured_media":5990,"comment_status":"closed","ping_status":"closed","template":"","meta":[],"product_cat":[47],"product_tag":[],"class_list":{"0":"post-5989","1":"product","2":"type-product","3":"status-publish","4":"has-post-thumbnail","6":"product_cat-oswietlenie","8":"entry","9":"has-media","11":"first","12":"instock","13":"taxable","14":"shipping-taxable","15":"purchasable","16":"product-type-simple","17":"has-product-nav","18":"col","19":"span_1_of_3","20":"owp-content-center","21":"owp-thumbs-layout-horizontal","22":"owp-btn-normal","23":"owp-tabs-layout-horizontal","24":"has-no-thumbnails"},"aioseo_notices":[],"_links":{"self":[{"href":"https:\/\/antykilion.pl\/fr\/wp-json\/wp\/v2\/product\/5989","targetHints":{"allow":["GET"]}}],"collection":[{"href":"https:\/\/antykilion.pl\/fr\/wp-json\/wp\/v2\/product"}],"about":[{"href":"https:\/\/antykilion.pl\/fr\/wp-json\/wp\/v2\/types\/product"}],"replies":[{"embeddable":true,"href":"https:\/\/antykilion.pl\/fr\/wp-json\/wp\/v2\/comments?post=5989"}],"wp:featuredmedia":[{"embeddable":true,"href":"https:\/\/antykilion.pl\/fr\/wp-json\/wp\/v2\/media\/5990"}],"wp:attachment":[{"href":"https:\/\/antykilion.pl\/fr\/wp-json\/wp\/v2\/media?parent=5989"}],"wp:term":[{"taxonomy":"product_cat","embeddable":true,"href":"https:\/\/antykilion.pl\/fr\/wp-json\/wp\/v2\/product_cat?post=5989"},{"taxonomy":"product_tag","embeddable":true,"href":"https:\/\/antykilion.pl\/fr\/wp-json\/wp\/v2\/product_tag?post=5989"}],"curies":[{"name":"wp","href":"https:\/\/api.w.org\/{rel}","templated":true}]}}