{"id":5993,"date":"2022-09-12T12:35:02","date_gmt":"2022-09-12T10:35:02","guid":{"rendered":"https:\/\/antykilion.pl\/?post_type=product&#038;p=5993"},"modified":"2025-06-08T20:32:17","modified_gmt":"2025-06-08T18:32:17","slug":"ikona-prazdniki-przelom-xviii-xix-ogromna-54-cm","status":"publish","type":"product","link":"https:\/\/antykilion.pl\/fr\/product\/ikona-prazdniki-przelom-xviii-xix-ogromna-54-cm\/","title":{"rendered":"Ikona Prazdniki prze\u0142om XVIII\/XIX ogromna 54 cm"},"content":{"rendered":"","protected":false},"excerpt":{"rendered":"<p>Ikona Prazdniki prze\u0142om XVIII\/XIX ogromna 54 cm, z\u0142ocenia<\/p>\n<p>Scena \u015brodkowa rozbudowana z wyobra\u017ceniem Anastasis &#8211; Zst\u0105pienia Chrystusa do Otch\u0142ani i Zmartwychwstanie Jezusa Chrystusa, otoczona przez 12 kwater zewn\u0119trznych ukazuj\u0105cych sceny g\u0142\u00f3wnych \u015awi\u0105t Ko\u015bcio\u0142a Rosyjskiego Roku Liturgicznego,<\/p>\n<p>Narodzenie Jezusa Chrystusa,<\/p>\n<p>Ofiarowanie Jezusa Chrystusa w \u015awi\u0105tyni,<\/p>\n<p>Chrzest Jezusa Chrystusa,<\/p>\n<p>Zwiastowanie Naj\u015bwi\u0119tszej Marii Panny,<\/p>\n<p>Wprowadzenie Naj\u015bwi\u0119tszej Marii Panny do \u015awi\u0105tyni,<\/p>\n<p>Wjazd Jezusa Chrystusa do Jerozolimy,<\/p>\n<p>Przemienienie na G\u00f3rze Tabor,<\/p>\n<p>Wniebowst\u0105pienie Jezusa Chrystusa,<\/p>\n<p>Za\u015bni\u0119cie Naj\u015bwi\u0119tszej Marii Panny,<\/p>\n<p>Podwy\u017cszenie Krzy\u017ca Pa\u0144skiego,<\/p>\n<p>\u015awi\u0119ta Tr\u00f3jca Starego Testamentu,<\/p>\n<p>Narodzenie Naj\u015bwi\u0119tszej Marii Panny,<\/p>\n<p>Napisy obja\u015bniaj\u0105ce cyrylic\u0105.<\/p>\n<p>Dwa wsporniki pogr\u0105\u017cone w sztorcach.<\/p>\n<p>Tempera na desce, podk\u0142ad kredowo \u2013 gipsowy, srebrzenia.<\/p>\n<p>Napisy obja\u015bniaj\u0105ce cyrylic\u0105.<\/p>\n<p>Technika: tempra i z\u0142ocenia, szpongi u do\u0142u i g\u00f3ry w formie klin\u00f3w na ca\u0142o\u015bci<\/p>\n<p>Stan:bardzo dobry gdzie nie gdzie przetarcia malatury<\/p>\n<p>Artysta : nie odnaleziono<\/p>\n<p>Wymiary:\u00a0 54 cm na 46 cm<\/p>\n<p>Rzadko\u015b\u0107 !!!<\/p>\n<p>Do ka\u017cdego przedmiotu Galeria wystawia certyfikat.<\/p>","protected":false},"featured_media":9587,"comment_status":"closed","ping_status":"closed","template":"","meta":[],"product_cat":[41,39,40],"product_tag":[],"class_list":{"0":"post-5993","1":"product","2":"type-product","3":"status-publish","4":"has-post-thumbnail","6":"product_cat-malarstwo-dawne","7":"product_cat-dziela-sztuki","8":"product_cat-malarstwo","10":"entry","11":"has-media","13":"first","14":"instock","15":"taxable","16":"shipping-taxable","17":"purchasable","18":"product-type-simple","19":"has-product-nav","20":"col","21":"span_1_of_3","22":"owp-content-center","23":"owp-thumbs-layout-horizontal","24":"owp-btn-normal","25":"owp-tabs-layout-horizontal"},"aioseo_notices":[],"_links":{"self":[{"href":"https:\/\/antykilion.pl\/fr\/wp-json\/wp\/v2\/product\/5993","targetHints":{"allow":["GET"]}}],"collection":[{"href":"https:\/\/antykilion.pl\/fr\/wp-json\/wp\/v2\/product"}],"about":[{"href":"https:\/\/antykilion.pl\/fr\/wp-json\/wp\/v2\/types\/product"}],"replies":[{"embeddable":true,"href":"https:\/\/antykilion.pl\/fr\/wp-json\/wp\/v2\/comments?post=5993"}],"wp:featuredmedia":[{"embeddable":true,"href":"https:\/\/antykilion.pl\/fr\/wp-json\/wp\/v2\/media\/9587"}],"wp:attachment":[{"href":"https:\/\/antykilion.pl\/fr\/wp-json\/wp\/v2\/media?parent=5993"}],"wp:term":[{"taxonomy":"product_cat","embeddable":true,"href":"https:\/\/antykilion.pl\/fr\/wp-json\/wp\/v2\/product_cat?post=5993"},{"taxonomy":"product_tag","embeddable":true,"href":"https:\/\/antykilion.pl\/fr\/wp-json\/wp\/v2\/product_tag?post=5993"}],"curies":[{"name":"wp","href":"https:\/\/api.w.org\/{rel}","templated":true}]}}