{"id":6207,"date":"2022-10-23T15:31:48","date_gmt":"2022-10-23T13:31:48","guid":{"rendered":"https:\/\/antykilion.pl\/?post_type=product&#038;p=6207"},"modified":"2023-01-19T12:01:49","modified_gmt":"2023-01-19T11:01:49","slug":"toaletka-w-stylu-ludwika-xvi-francja-koniec-xix-w-okucia-sygnowane-pt","status":"publish","type":"product","link":"https:\/\/antykilion.pl\/fr\/product\/toaletka-w-stylu-ludwika-xvi-francja-koniec-xix-w-okucia-sygnowane-pt\/","title":{"rendered":"Toaletka w stylu Ludwika XVI, Francja koniec XIX w okucia sygnowane PT"},"content":{"rendered":"","protected":false},"excerpt":{"rendered":"<p>Toaletka w stylu Ludwika XVI, Francja koniec XIX w<\/p>\n<p>Zakrzywiony prz\u00f3d. Wyka\u0144czany z\u0142oconymi br\u0105zami w formie girland\u00f3w. Fornirowany orzechem w\u0142oskim, korzeniem orzecha w\u0142oskiego i korzeniem tui. Front z trzema szufladami. Esej z dwoma punktami \u015bwietlnymi i lustrem. Okucia z poz\u0142acanego br\u0105zu. Okucia cz\u0119\u015bciowo oznaczone PT. d\u0142. 126, szer. 62, wys. 164 cm.<\/p>\n<p>Un meuble de tr\u00e8s grande qualit\u00e9.<\/p>\n<p>Materia\u0142: Fornirowany orzechem w\u0142oskim, korzeniem orzecha w\u0142oskiego i korzeniem tui oraz okucia z br\u0105zu z\u0142oconego sygnowane PT<\/p>\n<p>Stan orginalny bardzo dobry widoczne \u015blady u\u017cytkowania niestety punkty \u015bwietlne nie \u015bwiec\u0105 odci\u0119ty kabel<\/p>\n<p>Wymiary: d\u0142. 126, g\u0142. 62, wys. 164 cm.<\/p>\n<p>Pochodzenie: Francja. Koniec XIX wieku lub oko\u0142o 1900<\/p>","protected":false},"featured_media":6208,"comment_status":"closed","ping_status":"closed","template":"","meta":[],"product_cat":[30,17,36],"product_tag":[],"class_list":{"0":"post-6207","1":"product","2":"type-product","3":"status-publish","4":"has-post-thumbnail","6":"product_cat-lustra","7":"product_cat-meble","8":"product_cat-toaletki","10":"entry","11":"has-media","13":"first","14":"instock","15":"taxable","16":"shipping-taxable","17":"purchasable","18":"product-type-simple","19":"has-product-nav","20":"col","21":"span_1_of_3","22":"owp-content-center","23":"owp-thumbs-layout-horizontal","24":"owp-btn-normal","25":"owp-tabs-layout-horizontal"},"aioseo_notices":[],"_links":{"self":[{"href":"https:\/\/antykilion.pl\/fr\/wp-json\/wp\/v2\/product\/6207","targetHints":{"allow":["GET"]}}],"collection":[{"href":"https:\/\/antykilion.pl\/fr\/wp-json\/wp\/v2\/product"}],"about":[{"href":"https:\/\/antykilion.pl\/fr\/wp-json\/wp\/v2\/types\/product"}],"replies":[{"embeddable":true,"href":"https:\/\/antykilion.pl\/fr\/wp-json\/wp\/v2\/comments?post=6207"}],"wp:featuredmedia":[{"embeddable":true,"href":"https:\/\/antykilion.pl\/fr\/wp-json\/wp\/v2\/media\/6208"}],"wp:attachment":[{"href":"https:\/\/antykilion.pl\/fr\/wp-json\/wp\/v2\/media?parent=6207"}],"wp:term":[{"taxonomy":"product_cat","embeddable":true,"href":"https:\/\/antykilion.pl\/fr\/wp-json\/wp\/v2\/product_cat?post=6207"},{"taxonomy":"product_tag","embeddable":true,"href":"https:\/\/antykilion.pl\/fr\/wp-json\/wp\/v2\/product_tag?post=6207"}],"curies":[{"name":"wp","href":"https:\/\/api.w.org\/{rel}","templated":true}]}}