{"id":6237,"date":"2022-10-25T14:27:27","date_gmt":"2022-10-25T12:27:27","guid":{"rendered":"https:\/\/antykilion.pl\/?post_type=product&#038;p=6237"},"modified":"2022-10-25T14:27:27","modified_gmt":"2022-10-25T12:27:27","slug":"medalion-antylopy-eland-brazowy-medal","status":"publish","type":"product","link":"https:\/\/antykilion.pl\/fr\/product\/medalion-antylopy-eland-brazowy-medal\/","title":{"rendered":"Medalion antylopy ELAND br\u0105zowy medal"},"content":{"rendered":"","protected":false},"excerpt":{"rendered":"<p>Medalion antylopy ELAND br\u0105zowy medal<\/p>\n<p>Republika Po\u0142udniowej Afryki, W zestawie certyfikat, br\u0105zowy medal. Wysoko\u015b\u0107 ok. 125 cm G\u0142\u0119boko\u015b\u0107 ok. 110 cm.<\/p>\n<p>Dokumentacja CITES<\/p>\n<p>Bardzo atrakcyjna cena<\/p>","protected":false},"featured_media":6238,"comment_status":"closed","ping_status":"closed","template":"","meta":[],"product_cat":[16,55],"product_tag":[],"class_list":{"0":"post-6237","1":"product","2":"type-product","3":"status-publish","4":"has-post-thumbnail","6":"product_cat-inne","7":"product_cat-varia","9":"entry","10":"has-media","12":"first","13":"instock","14":"taxable","15":"shipping-taxable","16":"purchasable","17":"product-type-simple","18":"has-product-nav","19":"col","20":"span_1_of_3","21":"owp-content-center","22":"owp-thumbs-layout-horizontal","23":"owp-btn-normal","24":"owp-tabs-layout-horizontal"},"aioseo_notices":[],"_links":{"self":[{"href":"https:\/\/antykilion.pl\/fr\/wp-json\/wp\/v2\/product\/6237","targetHints":{"allow":["GET"]}}],"collection":[{"href":"https:\/\/antykilion.pl\/fr\/wp-json\/wp\/v2\/product"}],"about":[{"href":"https:\/\/antykilion.pl\/fr\/wp-json\/wp\/v2\/types\/product"}],"replies":[{"embeddable":true,"href":"https:\/\/antykilion.pl\/fr\/wp-json\/wp\/v2\/comments?post=6237"}],"wp:featuredmedia":[{"embeddable":true,"href":"https:\/\/antykilion.pl\/fr\/wp-json\/wp\/v2\/media\/6238"}],"wp:attachment":[{"href":"https:\/\/antykilion.pl\/fr\/wp-json\/wp\/v2\/media?parent=6237"}],"wp:term":[{"taxonomy":"product_cat","embeddable":true,"href":"https:\/\/antykilion.pl\/fr\/wp-json\/wp\/v2\/product_cat?post=6237"},{"taxonomy":"product_tag","embeddable":true,"href":"https:\/\/antykilion.pl\/fr\/wp-json\/wp\/v2\/product_tag?post=6237"}],"curies":[{"name":"wp","href":"https:\/\/api.w.org\/{rel}","templated":true}]}}