{"id":6282,"date":"2022-10-26T15:03:10","date_gmt":"2022-10-26T13:03:10","guid":{"rendered":"https:\/\/antykilion.pl\/?post_type=product&#038;p=6282"},"modified":"2025-10-07T04:31:32","modified_gmt":"2025-10-07T02:31:32","slug":"morizet-paul-louis-widok-nadrzeczny","status":"publish","type":"product","link":"https:\/\/antykilion.pl\/fr\/product\/morizet-paul-louis-widok-nadrzeczny\/","title":{"rendered":"MORIZET Paul Louis, widok nadrzeczny"},"content":{"rendered":"","protected":false},"excerpt":{"rendered":"<p>MORIZET Paul Louis, widok nadrzeczny<\/p>\n<p>Autor:MORIZET<\/p>\n<p>Rozmiar p\u0142\u00f3tno: 53 x 96 cm. Wymiary ramy: 60 x 105 cm.<\/p>\n<p>Technique: huile, toile<\/p>\n<p>Tr\u00e8s bon \u00e9tat.<\/p>\n<p>Obraz bardzo dekoracyjny, bardzo atrakcyjna cena!<\/p>\n<p>MORIZET Paul Louis 1860 \/?l<\/p>\n<p>Malarz i rytownik urodzony w Pary\u017cu w XIX wieku<\/p>\n<p>MORIZET Paul Louis Pojawi\u0142 si\u0119 w Salon des Artistes Fran\u00e7ais; wyr\u00f3\u017cnienie w 1884 r. Muzeum Antoine Vivenel, Compi\u00e8gne: Widok Compi\u00e8gne z wysoko\u015bci Margny Pont-Audemer; Muzeum Alfreda Canela: Gniazdo ptak\u00f3w drapie\u017cnych<\/p>","protected":false},"featured_media":6283,"comment_status":"closed","ping_status":"closed","template":"","meta":[],"product_cat":[41,39,40],"product_tag":[],"class_list":{"0":"post-6282","1":"product","2":"type-product","3":"status-publish","4":"has-post-thumbnail","6":"product_cat-malarstwo-dawne","7":"product_cat-dziela-sztuki","8":"product_cat-malarstwo","10":"entry","11":"has-media","13":"first","14":"instock","15":"taxable","16":"shipping-taxable","17":"purchasable","18":"product-type-simple","19":"has-product-nav","20":"col","21":"span_1_of_3","22":"owp-content-center","23":"owp-thumbs-layout-horizontal","24":"owp-btn-normal","25":"owp-tabs-layout-horizontal"},"aioseo_notices":[],"_links":{"self":[{"href":"https:\/\/antykilion.pl\/fr\/wp-json\/wp\/v2\/product\/6282","targetHints":{"allow":["GET"]}}],"collection":[{"href":"https:\/\/antykilion.pl\/fr\/wp-json\/wp\/v2\/product"}],"about":[{"href":"https:\/\/antykilion.pl\/fr\/wp-json\/wp\/v2\/types\/product"}],"replies":[{"embeddable":true,"href":"https:\/\/antykilion.pl\/fr\/wp-json\/wp\/v2\/comments?post=6282"}],"wp:featuredmedia":[{"embeddable":true,"href":"https:\/\/antykilion.pl\/fr\/wp-json\/wp\/v2\/media\/6283"}],"wp:attachment":[{"href":"https:\/\/antykilion.pl\/fr\/wp-json\/wp\/v2\/media?parent=6282"}],"wp:term":[{"taxonomy":"product_cat","embeddable":true,"href":"https:\/\/antykilion.pl\/fr\/wp-json\/wp\/v2\/product_cat?post=6282"},{"taxonomy":"product_tag","embeddable":true,"href":"https:\/\/antykilion.pl\/fr\/wp-json\/wp\/v2\/product_tag?post=6282"}],"curies":[{"name":"wp","href":"https:\/\/api.w.org\/{rel}","templated":true}]}}