{"id":6324,"date":"2022-11-18T16:20:41","date_gmt":"2022-11-18T15:20:41","guid":{"rendered":"https:\/\/antykilion.pl\/?post_type=product&#038;p=6324"},"modified":"2022-11-18T17:06:41","modified_gmt":"2022-11-18T16:06:41","slug":"adolf-baumgartner-sygn-c-stoiloff-twoja-eskorta","status":"publish","type":"product","link":"https:\/\/antykilion.pl\/fr\/product\/adolf-baumgartner-sygn-c-stoiloff-twoja-eskorta\/","title":{"rendered":"Adolf Baumgartner, sygn. C. Stoiloff. Twoja eskorta"},"content":{"rendered":"","protected":false},"excerpt":{"rendered":"<p>Adolf Baumgartner, sygn. C. Stoiloff. Twoja eskorta<br \/>\nBAUMGARTNER-STOILOFF ADOLF CONSTANTIN [1850-1924] Artysta pochodzenia austriackiego, uko\u0144czy\u0142 Akademi\u0119 w Wiedniu. Znany jest g\u0142\u00f3wnie ze scen z ko\u0144mi w p\u0119dzie w typie polskiego lanschaftu, charakterystycznego dla Alfreda Wierusza-Kowalskiego, i innych artyst\u00f3w polskich, dzia\u0142aj\u0105cych w Monachium. Te obrazy Baumgartner podpisywa\u0142 pseudonimem Constantin Stoiloff.<br \/>\nPi\u0119kny !!!<br \/>\nPowstanie XIX w oko\u0142o 1880 r<\/p>\n<p>Autor: Adolf Baumgartner, sygn. C. Stoiloff.<\/p>\n<p>Wymiar z ram\u0105 :56 cm na 72 cm<\/p>\n<p>Technika: olej deska<\/p>\n<p>Tr\u00e8s bon \u00e9tat.<\/p>\n<p>Obraz bardzo dekoracyjny, bardzo atrakcyjna cena!<\/p>\n<p>Do ka\u017cdego przedmiotu Galeria wystawia certyfikat.<\/p>","protected":false},"featured_media":6325,"comment_status":"closed","ping_status":"closed","template":"","meta":[],"product_cat":[41,39,40],"product_tag":[],"class_list":{"0":"post-6324","1":"product","2":"type-product","3":"status-publish","4":"has-post-thumbnail","6":"product_cat-malarstwo-dawne","7":"product_cat-dziela-sztuki","8":"product_cat-malarstwo","10":"entry","11":"has-media","13":"first","14":"instock","15":"taxable","16":"shipping-taxable","17":"purchasable","18":"product-type-simple","19":"has-product-nav","20":"col","21":"span_1_of_3","22":"owp-content-center","23":"owp-thumbs-layout-horizontal","24":"owp-btn-normal","25":"owp-tabs-layout-horizontal"},"aioseo_notices":[],"_links":{"self":[{"href":"https:\/\/antykilion.pl\/fr\/wp-json\/wp\/v2\/product\/6324","targetHints":{"allow":["GET"]}}],"collection":[{"href":"https:\/\/antykilion.pl\/fr\/wp-json\/wp\/v2\/product"}],"about":[{"href":"https:\/\/antykilion.pl\/fr\/wp-json\/wp\/v2\/types\/product"}],"replies":[{"embeddable":true,"href":"https:\/\/antykilion.pl\/fr\/wp-json\/wp\/v2\/comments?post=6324"}],"wp:featuredmedia":[{"embeddable":true,"href":"https:\/\/antykilion.pl\/fr\/wp-json\/wp\/v2\/media\/6325"}],"wp:attachment":[{"href":"https:\/\/antykilion.pl\/fr\/wp-json\/wp\/v2\/media?parent=6324"}],"wp:term":[{"taxonomy":"product_cat","embeddable":true,"href":"https:\/\/antykilion.pl\/fr\/wp-json\/wp\/v2\/product_cat?post=6324"},{"taxonomy":"product_tag","embeddable":true,"href":"https:\/\/antykilion.pl\/fr\/wp-json\/wp\/v2\/product_tag?post=6324"}],"curies":[{"name":"wp","href":"https:\/\/api.w.org\/{rel}","templated":true}]}}