{"id":6393,"date":"2022-12-12T07:46:31","date_gmt":"2022-12-12T06:46:31","guid":{"rendered":"https:\/\/antykilion.pl\/?post_type=product&#038;p=6393"},"modified":"2022-12-16T06:58:36","modified_gmt":"2022-12-16T05:58:36","slug":"para-swiecznikow-w-stylu-ludwika-filipa-xix-w-1870-r","status":"publish","type":"product","link":"https:\/\/antykilion.pl\/fr\/product\/para-swiecznikow-w-stylu-ludwika-filipa-xix-w-1870-r\/","title":{"rendered":"Para \u015bwiecznik\u00f3w w stylu Ludwika Filipa XIX w 1870 r"},"content":{"rendered":"","protected":false},"excerpt":{"rendered":"<p>Para \u015bwiecznik\u00f3w w stylu Ludwika Filipa XIX w 1870 r<\/p>\n<p>Bougeoirs de style Ludwik Filip.<\/p>\n<p>Srebro pr\u00f3by 12 \u0142ut, Oznaczenia dodatkowe ma\u0142o czytelne<\/p>\n<p>Tr\u00e8s bonne condition<\/p>\n<p>Wymiary: Wysoko\u015b\u0107 29 cm, bardzo du\u017ce<\/p>\n<p>Bougeoirs remplis avec l&#039;objectif de stabilit\u00e9<\/p>","protected":false},"featured_media":6394,"comment_status":"closed","ping_status":"closed","template":"","meta":[],"product_cat":[47,46],"product_tag":[],"class_list":{"0":"post-6393","1":"product","2":"type-product","3":"status-publish","4":"has-post-thumbnail","6":"product_cat-oswietlenie","7":"product_cat-srebra-i-platery","9":"entry","10":"has-media","12":"first","13":"instock","14":"taxable","15":"shipping-taxable","16":"purchasable","17":"product-type-simple","18":"has-product-nav","19":"col","20":"span_1_of_3","21":"owp-content-center","22":"owp-thumbs-layout-horizontal","23":"owp-btn-normal","24":"owp-tabs-layout-horizontal"},"aioseo_notices":[],"_links":{"self":[{"href":"https:\/\/antykilion.pl\/fr\/wp-json\/wp\/v2\/product\/6393","targetHints":{"allow":["GET"]}}],"collection":[{"href":"https:\/\/antykilion.pl\/fr\/wp-json\/wp\/v2\/product"}],"about":[{"href":"https:\/\/antykilion.pl\/fr\/wp-json\/wp\/v2\/types\/product"}],"replies":[{"embeddable":true,"href":"https:\/\/antykilion.pl\/fr\/wp-json\/wp\/v2\/comments?post=6393"}],"wp:featuredmedia":[{"embeddable":true,"href":"https:\/\/antykilion.pl\/fr\/wp-json\/wp\/v2\/media\/6394"}],"wp:attachment":[{"href":"https:\/\/antykilion.pl\/fr\/wp-json\/wp\/v2\/media?parent=6393"}],"wp:term":[{"taxonomy":"product_cat","embeddable":true,"href":"https:\/\/antykilion.pl\/fr\/wp-json\/wp\/v2\/product_cat?post=6393"},{"taxonomy":"product_tag","embeddable":true,"href":"https:\/\/antykilion.pl\/fr\/wp-json\/wp\/v2\/product_tag?post=6393"}],"curies":[{"name":"wp","href":"https:\/\/api.w.org\/{rel}","templated":true}]}}