{"id":6438,"date":"2022-12-15T14:37:06","date_gmt":"2022-12-15T13:37:06","guid":{"rendered":"https:\/\/antykilion.pl\/?post_type=product&#038;p=6438"},"modified":"2022-12-15T14:37:07","modified_gmt":"2022-12-15T13:37:07","slug":"zegar-gustav-becker-orginal-132-cm-medalista","status":"publish","type":"product","link":"https:\/\/antykilion.pl\/fr\/product\/zegar-gustav-becker-orginal-132-cm-medalista\/","title":{"rendered":"ZEGAR Gustav Becker orgina\u0142 !!! 132 cm!!! medalista"},"content":{"rendered":"","protected":false},"excerpt":{"rendered":"<p>Zegar OKO\u0141O 1880\/90 r Gustav Becker Linkowiec Orgina\u0142 w 100%<\/p>\n<p>Przepi\u0119kna rze\u017abiona obudowa i jeszcze pi\u0119kniejszy mechanizm sygnowany i numerowany !!!<\/p>\n<p>Dodatkowo wybity br\u0105zowy medal !!!<\/p>\n<p>PI\u0118KNY MODEL !!!<\/p>\n<p>Wymiary:\u00a0 wysoko\u015b\u0107 132 cm, szeroko\u015b\u0107 42 cm, g\u0142\u0119boko\u015b\u0107 18 cm<\/p>\n<p>Mat\u00e9riel: noyer<\/p>\n<p>Rewelacyjny stan !!!<\/p>","protected":false},"featured_media":6439,"comment_status":"closed","ping_status":"closed","template":"","meta":[],"product_cat":[53,51],"product_tag":[],"class_list":{"0":"post-6438","1":"product","2":"type-product","3":"status-publish","4":"has-post-thumbnail","6":"product_cat-zegary-wiszace","7":"product_cat-zegary","9":"entry","10":"has-media","12":"first","13":"instock","14":"taxable","15":"shipping-taxable","16":"purchasable","17":"product-type-simple","18":"has-product-nav","19":"col","20":"span_1_of_3","21":"owp-content-center","22":"owp-thumbs-layout-horizontal","23":"owp-btn-normal","24":"owp-tabs-layout-horizontal"},"aioseo_notices":[],"_links":{"self":[{"href":"https:\/\/antykilion.pl\/fr\/wp-json\/wp\/v2\/product\/6438","targetHints":{"allow":["GET"]}}],"collection":[{"href":"https:\/\/antykilion.pl\/fr\/wp-json\/wp\/v2\/product"}],"about":[{"href":"https:\/\/antykilion.pl\/fr\/wp-json\/wp\/v2\/types\/product"}],"replies":[{"embeddable":true,"href":"https:\/\/antykilion.pl\/fr\/wp-json\/wp\/v2\/comments?post=6438"}],"wp:featuredmedia":[{"embeddable":true,"href":"https:\/\/antykilion.pl\/fr\/wp-json\/wp\/v2\/media\/6439"}],"wp:attachment":[{"href":"https:\/\/antykilion.pl\/fr\/wp-json\/wp\/v2\/media?parent=6438"}],"wp:term":[{"taxonomy":"product_cat","embeddable":true,"href":"https:\/\/antykilion.pl\/fr\/wp-json\/wp\/v2\/product_cat?post=6438"},{"taxonomy":"product_tag","embeddable":true,"href":"https:\/\/antykilion.pl\/fr\/wp-json\/wp\/v2\/product_tag?post=6438"}],"curies":[{"name":"wp","href":"https:\/\/api.w.org\/{rel}","templated":true}]}}