{"id":6502,"date":"2023-03-08T08:21:14","date_gmt":"2023-03-08T07:21:14","guid":{"rendered":"https:\/\/antykilion.pl\/?post_type=product&#038;p=6502"},"modified":"2023-03-08T08:21:14","modified_gmt":"2023-03-08T07:21:14","slug":"szafa-sieniowa-barokowa-z-xvii-w-okolo-1650-r-eksponat-klasy-muzealnej","status":"publish","type":"product","link":"https:\/\/antykilion.pl\/fr\/product\/szafa-sieniowa-barokowa-z-xvii-w-okolo-1650-r-eksponat-klasy-muzealnej\/","title":{"rendered":"Szafa sieniowa, barokowa z XVII w oko\u0142o 1650 r eksponat klasy muzealnej !!!"},"content":{"rendered":"","protected":false},"excerpt":{"rendered":"<p>Szafa sieniowa, barokowa z XVII w oko\u0142o 1650 r eksponat klasy muzealnej !!!<br \/>\nSzafa tzw.poduszkowa z maszkarami i anio\u0142kami. Poduszki z festonami<br \/>\nHolenderskimi<\/p>\n<p>Opis: Szafka tzw. szafka poduszkowa, klejona palisandrem i hebanem na rdzeniu d\u0119bowym. Style maj\u0105 p\u00f3\u0142kolumny, kt\u00f3rych kapitele przedstawiaj\u0105 anio\u0142ki w rogach i mask\u0119 potwora po\u015brodku. Drzwi posiadaj\u0105 pogrubione poduszki, kt\u00f3rych prz\u00f3d zdobi\u0105 festony, a ty\u0142 kryje skrytki z kilkoma szufladkami. Wysuni\u0119ty gzyms posiada fryz z winoro\u015bl\u0105 akantu i cherubina po\u015brodku. Gzyms posiada naro\u017cniki z maskami i anio\u0142kami, a po\u015brodku mask\u0119 lwa, nad kt\u00f3r\u0105 znajduje si\u0119 kartusz p\u0142atowy z anio\u0142kiem.<\/p>\n<p>Produkcja<br \/>\nProducent: anonim<br \/>\nMiejsce produkcji: P\u00f3\u0142nocna Holandia<br \/>\nData: 1650 &#8211; 1700<br \/>\nMateria\u0142: drewno d\u0119bowe palisander heban<br \/>\nWymiary: wysoko\u015b\u0107 225, szeroko\u015b\u0107 185, g\u0142\u0119boko\u015b\u0107 74<br \/>\nStan: bardzo dobry orginalny, naturalne rozeschni\u0119cia na p\u0142ycinach bardziej od wewn\u0119trznej strony<br \/>\nPi\u0119kny mebel!!!<\/p>","protected":false},"featured_media":6504,"comment_status":"closed","ping_status":"closed","template":"","meta":[],"product_cat":[17,34],"product_tag":[],"class_list":{"0":"post-6502","1":"product","2":"type-product","3":"status-publish","4":"has-post-thumbnail","6":"product_cat-meble","7":"product_cat-szafy","9":"entry","10":"has-media","12":"first","13":"instock","14":"taxable","15":"shipping-taxable","16":"purchasable","17":"product-type-simple","18":"has-product-nav","19":"col","20":"span_1_of_3","21":"owp-content-center","22":"owp-thumbs-layout-horizontal","23":"owp-btn-normal","24":"owp-tabs-layout-horizontal"},"aioseo_notices":[],"_links":{"self":[{"href":"https:\/\/antykilion.pl\/fr\/wp-json\/wp\/v2\/product\/6502","targetHints":{"allow":["GET"]}}],"collection":[{"href":"https:\/\/antykilion.pl\/fr\/wp-json\/wp\/v2\/product"}],"about":[{"href":"https:\/\/antykilion.pl\/fr\/wp-json\/wp\/v2\/types\/product"}],"replies":[{"embeddable":true,"href":"https:\/\/antykilion.pl\/fr\/wp-json\/wp\/v2\/comments?post=6502"}],"wp:featuredmedia":[{"embeddable":true,"href":"https:\/\/antykilion.pl\/fr\/wp-json\/wp\/v2\/media\/6504"}],"wp:attachment":[{"href":"https:\/\/antykilion.pl\/fr\/wp-json\/wp\/v2\/media?parent=6502"}],"wp:term":[{"taxonomy":"product_cat","embeddable":true,"href":"https:\/\/antykilion.pl\/fr\/wp-json\/wp\/v2\/product_cat?post=6502"},{"taxonomy":"product_tag","embeddable":true,"href":"https:\/\/antykilion.pl\/fr\/wp-json\/wp\/v2\/product_tag?post=6502"}],"curies":[{"name":"wp","href":"https:\/\/api.w.org\/{rel}","templated":true}]}}