{"id":6706,"date":"2023-03-12T19:56:08","date_gmt":"2023-03-12T18:56:08","guid":{"rendered":"https:\/\/antykilion.pl\/?post_type=product&#038;p=6706"},"modified":"2023-03-12T19:56:08","modified_gmt":"2023-03-12T18:56:08","slug":"cukiernica-skrzynkowa-srebrna-z-zoledziem-johann-george-hossauer-1840","status":"publish","type":"product","link":"https:\/\/antykilion.pl\/fr\/product\/cukiernica-skrzynkowa-srebrna-z-zoledziem-johann-george-hossauer-1840\/","title":{"rendered":"Cukiernica skrzynkowa srebrna z \u017co\u0142\u0119dziem, Johann George Hossauer 1840"},"content":{"rendered":"","protected":false},"excerpt":{"rendered":"<p>Cukiernica skrzynkowa srebrna z \u017co\u0142\u0119dziem, Johann George Hossauer 1840<\/p>\n<p>Johann Georg Hossauer (1794-1874) w roku 1815 wyjecha\u0142 do Pary\u017ca w celu nauczenia si\u0119 zawodu jubilera. W 1819 roku wr\u00f3ci\u0142 do Berlina i otworzy\u0142 fabryk\u0119 wyrob\u00f3w z metali szlachetnych, br\u0105zu oraz z\u0142oconej i srebrzonej miedzi w stylu angielskim. W roku 1822 otrzyma\u0142 z\u0142oty medal za swoje wyroby na wystawie przemys\u0142owej. W 1826 otrzyma\u0142 tytu\u0142 nadwornego jubilera cesarza Fryderyka Wilhelma III. W 1827 zosta\u0142 kawalerem orderu Czerwonego Or\u0142a 4 klasy, a w 1839 &#8211; 3 klasy z wst\u0119g\u0105, za wynalazek dla piechoty. W 1841 roku wprowadzi\u0142 w swojej firmie z\u0142ocenie galwaniczne, zamiast ogniowego. W roku 1844 roku jego firma zatrudnia\u0142a \u0142\u0105cznie prawie 100 pracownik\u00f3w. Mie\u015bci\u0142a si\u0119 w Berlinie przy Kronenstreet 28. Hossauer by\u0142 tak\u017ce odznaczony przez ksi\u0119cia Walii, syna kr\u00f3lowej Wiktorii. W roku 1858 zosta\u0142 radc\u0105 handlowym, a po przej\u015bciu na emerytur\u0119 w roku 1859 otrzyma\u0142 tytu\u0142 starszego jubilera kr\u00f3la Fryderyka Wilhelma IV. W 1863 mianowano go tajnym radc\u0105 handlowym. Odznaczono go krzy\u017cem rosyjskim orderu Domu Hohenzollern\u00f3w oraz orderem Korony 2 klasy. Hossauer by\u0142 utalentowanym projektantem wsp\u00f3\u0142pracuj\u0105cym z Karlem Schinklem. Zaprojektowa\u0142 m. in. kilka pruskich order\u00f3w.<\/p>\n<p>Cena dzie\u0142a sztuki artysty Du\u017cy srebrny talerz berli\u0144ski i dziesi\u0119\u0107 talerzy wykonanych dla ksi\u0119cia pruskiego Fryderyka Karola. 22.320 \u20ac Zestaw sze\u015bciu berli\u0144skich srebrnych talerzy wykonanych dla ksi\u0119cia Leopolda IV Fryderyka z Anhalt-Dessau. Monogram \u201eL\u201d pod ksi\u0105\u017c\u0119c\u0105 koron\u0105 do kraw\u0119dzi. Znaki Johanna George&#8217;a Hossauera, ok. 1850. 6.820 \u20ac Para srebrnych \u015bwiecznik\u00f3w berli\u0144skich. Znaki Johanna George&#8217;a Hossauera, 1842 &#8211; 47. 6.696 \u20ac Berli\u0144ski srebrny p\u00f3\u0142misek cz\u0119\u015bciowo z\u0142ocony wykonany dla wielkich ksi\u0105\u017c\u0105t Meklemburgii-Schwerinu. Znaki Johanna George&#8217;a Hossauera, ok. 1837. 6.200 \u20ac Berli\u0144ska srebrna taca wykonana dla pruskiego nast\u0119pcy tronu i ksi\u0119\u017cniczki 3.750 \u20ac Berli\u0144ski srebrny talerz wykonany dla wielkich ksi\u0105\u017c\u0105t Meklemburgii Schwerin 3.000 \u20ac<\/p>\n<p>Wymiary: wysoko\u015b\u0107 oko\u0142o 11 cm waga oko\u0142o 310 gr<\/p>\n<p>Srebro 12 lut pr\u00f3by 750\/1000<\/p>\n<p>Tr\u00e8s bonne condition<\/p>\n<p>Beau et unique !!!<\/p>\n<p>Cukiernica skrzynkowa srebrna z \u017co\u0142\u0119dziem, Johann George Hossauer 1840<\/p>\n<p>Johann Georg Hossauer (1794-1874) w roku 1815 wyjecha\u0142 do Pary\u017ca w celu nauczenia si\u0119 zawodu jubilera. W 1819 roku wr\u00f3ci\u0142 do Berlina i otworzy\u0142 fabryk\u0119 wyrob\u00f3w z metali szlachetnych, br\u0105zu oraz z\u0142oconej i srebrzonej miedzi w stylu angielskim. W roku 1822 otrzyma\u0142 z\u0142oty medal za swoje wyroby na wystawie przemys\u0142owej. W 1826 otrzyma\u0142 tytu\u0142 nadwornego jubilera cesarza Fryderyka Wilhelma III. W 1827 zosta\u0142 kawalerem orderu Czerwonego Or\u0142a 4 klasy, a w 1839 &#8211; 3 klasy z wst\u0119g\u0105, za wynalazek dla piechoty. W 1841 roku wprowadzi\u0142 w swojej firmie z\u0142ocenie galwaniczne, zamiast ogniowego. W roku 1844 roku jego firma zatrudnia\u0142a \u0142\u0105cznie prawie 100 pracownik\u00f3w. Mie\u015bci\u0142a si\u0119 w Berlinie przy Kronenstreet 28. Hossauer by\u0142 tak\u017ce odznaczony przez ksi\u0119cia Walii, syna kr\u00f3lowej Wiktorii. W roku 1858 zosta\u0142 radc\u0105 handlowym, a po przej\u015bciu na emerytur\u0119 w roku 1859 otrzyma\u0142 tytu\u0142 starszego jubilera kr\u00f3la Fryderyka Wilhelma IV. W 1863 mianowano go tajnym radc\u0105 handlowym. Odznaczono go krzy\u017cem rosyjskim orderu Domu Hohenzollern\u00f3w oraz orderem Korony 2 klasy. Hossauer by\u0142 utalentowanym projektantem wsp\u00f3\u0142pracuj\u0105cym z Karlem Schinklem. Zaprojektowa\u0142 m. in. kilka pruskich order\u00f3w.<\/p>\n<p>Cena dzie\u0142a sztuki artysty Du\u017cy srebrny talerz berli\u0144ski i dziesi\u0119\u0107 talerzy wykonanych dla ksi\u0119cia pruskiego Fryderyka Karola. 22.320 \u20ac Zestaw sze\u015bciu berli\u0144skich srebrnych talerzy wykonanych dla ksi\u0119cia Leopolda IV Fryderyka z Anhalt-Dessau. Monogram \u201eL\u201d pod ksi\u0105\u017c\u0119c\u0105 koron\u0105 do kraw\u0119dzi. Znaki Johanna George&#8217;a Hossauera, ok. 1850. 6.820 \u20ac Para srebrnych \u015bwiecznik\u00f3w berli\u0144skich. Znaki Johanna George&#8217;a Hossauera, 1842 &#8211; 47. 6.696 \u20ac Berli\u0144ski srebrny p\u00f3\u0142misek cz\u0119\u015bciowo z\u0142ocony wykonany dla wielkich ksi\u0105\u017c\u0105t Meklemburgii-Schwerinu. Znaki Johanna George&#8217;a Hossauera, ok. 1837. 6.200 \u20ac Berli\u0144ska srebrna taca wykonana dla pruskiego nast\u0119pcy tronu i ksi\u0119\u017cniczki 3.750 \u20ac Berli\u0144ski srebrny talerz wykonany dla wielkich ksi\u0105\u017c\u0105t Meklemburgii Schwerin 3.000 \u20ac<\/p>\n<p>Wymiary: wysoko\u015b\u0107 oko\u0142o 11 cm waga oko\u0142o 310 gr<\/p>\n<p>Srebro 12 lut pr\u00f3by 750\/1000<\/p>\n<p>Tr\u00e8s bonne condition<\/p>\n<p>Beau et unique !!!<\/p>\n<p>Do ka\u017cdego przedmiotu galeria wystawia certyfikat<\/p>","protected":false},"featured_media":6707,"comment_status":"closed","ping_status":"closed","template":"","meta":[],"product_cat":[46],"product_tag":[],"class_list":{"0":"post-6706","1":"product","2":"type-product","3":"status-publish","4":"has-post-thumbnail","6":"product_cat-srebra-i-platery","8":"entry","9":"has-media","11":"first","12":"instock","13":"taxable","14":"shipping-taxable","15":"purchasable","16":"product-type-simple","17":"has-product-nav","18":"col","19":"span_1_of_3","20":"owp-content-center","21":"owp-thumbs-layout-horizontal","22":"owp-btn-normal","23":"owp-tabs-layout-horizontal"},"aioseo_notices":[],"_links":{"self":[{"href":"https:\/\/antykilion.pl\/fr\/wp-json\/wp\/v2\/product\/6706","targetHints":{"allow":["GET"]}}],"collection":[{"href":"https:\/\/antykilion.pl\/fr\/wp-json\/wp\/v2\/product"}],"about":[{"href":"https:\/\/antykilion.pl\/fr\/wp-json\/wp\/v2\/types\/product"}],"replies":[{"embeddable":true,"href":"https:\/\/antykilion.pl\/fr\/wp-json\/wp\/v2\/comments?post=6706"}],"wp:featuredmedia":[{"embeddable":true,"href":"https:\/\/antykilion.pl\/fr\/wp-json\/wp\/v2\/media\/6707"}],"wp:attachment":[{"href":"https:\/\/antykilion.pl\/fr\/wp-json\/wp\/v2\/media?parent=6706"}],"wp:term":[{"taxonomy":"product_cat","embeddable":true,"href":"https:\/\/antykilion.pl\/fr\/wp-json\/wp\/v2\/product_cat?post=6706"},{"taxonomy":"product_tag","embeddable":true,"href":"https:\/\/antykilion.pl\/fr\/wp-json\/wp\/v2\/product_tag?post=6706"}],"curies":[{"name":"wp","href":"https:\/\/api.w.org\/{rel}","templated":true}]}}