{"id":6784,"date":"2023-04-16T11:15:35","date_gmt":"2023-04-16T09:15:35","guid":{"rendered":"https:\/\/antykilion.pl\/?post_type=product&#038;p=6784"},"modified":"2023-10-03T18:57:01","modified_gmt":"2023-10-03T16:57:01","slug":"malownicza-wenecja-koniec-xix-w-piekny-sygn","status":"publish","type":"product","link":"https:\/\/antykilion.pl\/fr\/product\/malownicza-wenecja-koniec-xix-w-piekny-sygn\/","title":{"rendered":"Malownicza Wenecja koniec XIX w, pi\u0119kny !!! sygn."},"content":{"rendered":"","protected":false},"excerpt":{"rendered":"<p>Malownicza Wenecja koniec XIX w, pi\u0119kny !!! sygn.<\/p>\n<p>Obraz podpisany, niestety nie wiemy czyja praca z ca\u0142\u0105 pewno\u015bci\u0105 bardzo dobre malarstwo.<\/p>\n<p>Technique: huile sur toile<\/p>\n<p>Etat: tr\u00e8s bon<\/p>\n<p>Signature: visible sur la photo<\/p>\n<p>Wymiary: z ram\u0105 56 x 88 cm<\/p>","protected":false},"featured_media":6785,"comment_status":"closed","ping_status":"closed","template":"","meta":[],"product_cat":[41,39,40],"product_tag":[],"class_list":{"0":"post-6784","1":"product","2":"type-product","3":"status-publish","4":"has-post-thumbnail","6":"product_cat-malarstwo-dawne","7":"product_cat-dziela-sztuki","8":"product_cat-malarstwo","10":"entry","11":"has-media","13":"first","14":"instock","15":"taxable","16":"shipping-taxable","17":"purchasable","18":"product-type-simple","19":"has-product-nav","20":"col","21":"span_1_of_3","22":"owp-content-center","23":"owp-thumbs-layout-horizontal","24":"owp-btn-normal","25":"owp-tabs-layout-horizontal"},"aioseo_notices":[],"_links":{"self":[{"href":"https:\/\/antykilion.pl\/fr\/wp-json\/wp\/v2\/product\/6784","targetHints":{"allow":["GET"]}}],"collection":[{"href":"https:\/\/antykilion.pl\/fr\/wp-json\/wp\/v2\/product"}],"about":[{"href":"https:\/\/antykilion.pl\/fr\/wp-json\/wp\/v2\/types\/product"}],"replies":[{"embeddable":true,"href":"https:\/\/antykilion.pl\/fr\/wp-json\/wp\/v2\/comments?post=6784"}],"wp:featuredmedia":[{"embeddable":true,"href":"https:\/\/antykilion.pl\/fr\/wp-json\/wp\/v2\/media\/6785"}],"wp:attachment":[{"href":"https:\/\/antykilion.pl\/fr\/wp-json\/wp\/v2\/media?parent=6784"}],"wp:term":[{"taxonomy":"product_cat","embeddable":true,"href":"https:\/\/antykilion.pl\/fr\/wp-json\/wp\/v2\/product_cat?post=6784"},{"taxonomy":"product_tag","embeddable":true,"href":"https:\/\/antykilion.pl\/fr\/wp-json\/wp\/v2\/product_tag?post=6784"}],"curies":[{"name":"wp","href":"https:\/\/api.w.org\/{rel}","templated":true}]}}