{"id":6809,"date":"2023-04-16T16:06:39","date_gmt":"2023-04-16T14:06:39","guid":{"rendered":"https:\/\/antykilion.pl\/?post_type=product&#038;p=6809"},"modified":"2026-03-14T13:10:15","modified_gmt":"2026-03-14T12:10:15","slug":"sekretarzyk-w-manierze-ludwika-xvi-xviii-w-1790-r","status":"publish","type":"product","link":"https:\/\/antykilion.pl\/fr\/product\/sekretarzyk-w-manierze-ludwika-xvi-xviii-w-1790-r\/","title":{"rendered":"Sekretarzyk w manierze Ludwika XVI XVIII w, 1790 r"},"content":{"rendered":"","protected":false},"excerpt":{"rendered":"<p>Sekretarzyk w manierze Ludwika XVI XVIII w, 1790 r<\/p>\n<p>o prostych bokach, w g\u00f3rnej partii zamykany p\u00f3\u0142okr\u0105g\u0142\u0105 klap\u0105, z dwiema szufladami imituj\u0105cymi sze\u015b\u0107 umieszczonymi nad wn\u0119k\u0105\u00a0 oraz czterech imituj\u0105cych osiem.. Ca\u0142o\u015b\u0107 wsparta na graniastych graniastych n\u00f3\u017ckach, Bogato\u00a0 fornirowana ob\u0142ogiem , intarsjowana. Powierzchnie uj\u0119te obramieniami i wst\u0119gami, z geometrycznymi polami wype\u0142nionymi wzorzyst\u0105 oklein\u0105.<\/p>\n<p>Pulpit do pisania podczas wysuwania otwiera klap\u0119 natomiast wsuwaj\u0105c blat zamykamy klap\u0119<\/p>\n<p>Sekretera o formie i dekoracji popularnej na obszarze \u015brodkowej Europy, na kt\u00f3re sk\u0142ada si\u0119 zar\u00f3wno zamkni\u0119cie \u017caluzj\u0105 i podstawa wype\u0142niona licznymi szufladami,<\/p>\n<p>nawi\u0105zuj\u0105ce do francuskich pierwowzor\u00f3w jak i prosty uk\u0142ad fornir\u00f3w lokalnego pochodzenia.<\/p>\n<p>Sekretarzyk, o niespotykanej formie i dekoracji.<\/p>\n<p>Materia\u0142: konstrukcja &#8211; orzech lub d\u0105b ; fornir &#8211; orzech, czeczota brzozowa, wst\u0119gi &#8211; drewno drzewa \u015bliwkowego; ob\u0142\u0119dne okucia z br\u0105zu z\u0142oconego pi\u0119kan robota !!!<\/p>\n<p>Pochodzenie: Europa \u015arodkowa, 2 po\u0142. XVIII\u00a0 w.<\/p>\n<p>Wymiary: wysoko\u015b\u0107 do blatu\u00a0 oko\u0142o 74 cm, wysoko\u015b\u0107 ca\u0142kowita\u00a0 112 cm, szeroko\u015b\u0107 109 cm, g\u0142\u0119boko\u015b\u0107 62 cm.<\/p>\n<p>Stan: dobry orginalny przy oko\u0142o 2 szufladach uszczerbki na rogach minimalne, brak zamka zamykaj\u0105cego dwie szuflady jednocze\u015bnie<\/p>\n<p>Do ka\u017cdego przedmiotu wystawiamy certyfikat<\/p>\n<p>Ogromna rzadko\u015b\u0107 !!!<\/p>","protected":false},"featured_media":6810,"comment_status":"closed","ping_status":"closed","template":"","meta":[],"product_cat":[17,31],"product_tag":[],"class_list":{"0":"post-6809","1":"product","2":"type-product","3":"status-publish","4":"has-post-thumbnail","6":"product_cat-meble","7":"product_cat-sekretery-sekretarzyki-biurka","9":"entry","10":"has-media","12":"first","13":"instock","14":"taxable","15":"shipping-taxable","16":"purchasable","17":"product-type-simple","18":"has-product-nav","19":"col","20":"span_1_of_3","21":"owp-content-center","22":"owp-thumbs-layout-horizontal","23":"owp-btn-normal","24":"owp-tabs-layout-horizontal"},"aioseo_notices":[],"_links":{"self":[{"href":"https:\/\/antykilion.pl\/fr\/wp-json\/wp\/v2\/product\/6809","targetHints":{"allow":["GET"]}}],"collection":[{"href":"https:\/\/antykilion.pl\/fr\/wp-json\/wp\/v2\/product"}],"about":[{"href":"https:\/\/antykilion.pl\/fr\/wp-json\/wp\/v2\/types\/product"}],"replies":[{"embeddable":true,"href":"https:\/\/antykilion.pl\/fr\/wp-json\/wp\/v2\/comments?post=6809"}],"wp:featuredmedia":[{"embeddable":true,"href":"https:\/\/antykilion.pl\/fr\/wp-json\/wp\/v2\/media\/6810"}],"wp:attachment":[{"href":"https:\/\/antykilion.pl\/fr\/wp-json\/wp\/v2\/media?parent=6809"}],"wp:term":[{"taxonomy":"product_cat","embeddable":true,"href":"https:\/\/antykilion.pl\/fr\/wp-json\/wp\/v2\/product_cat?post=6809"},{"taxonomy":"product_tag","embeddable":true,"href":"https:\/\/antykilion.pl\/fr\/wp-json\/wp\/v2\/product_tag?post=6809"}],"curies":[{"name":"wp","href":"https:\/\/api.w.org\/{rel}","templated":true}]}}