{"id":6863,"date":"2023-04-17T14:18:06","date_gmt":"2023-04-17T12:18:06","guid":{"rendered":"https:\/\/antykilion.pl\/?post_type=product&#038;p=6863"},"modified":"2023-09-13T18:28:13","modified_gmt":"2023-09-13T16:28:13","slug":"piekna-narozna-etazerka-lata-70-xx-w","status":"publish","type":"product","link":"https:\/\/antykilion.pl\/fr\/product\/piekna-narozna-etazerka-lata-70-xx-w\/","title":{"rendered":"Pi\u0119kna naro\u017cna eta\u017cerka\u00a0 lata 70 XX w"},"content":{"rendered":"","protected":false},"excerpt":{"rendered":"<p>Pi\u0119kna naro\u017cna eta\u017cerka\u00a0 lata 70 XX w<\/p>\n<p>Z\u0142o\u017cona z pi\u0119ciu p\u00f3\u0142ek.Ka\u017cda z cz\u0119\u015bci od frontu wsparta na toczonych tralkach; w formie ramek i\u00a0 zwie\u0144czeniem na ka\u017cdej p\u00f3\u0142ce sterczynami;<\/p>\n<p>Bardzo pi\u0119kna forma i ogromny atut, \u017ce naro\u017cna.<\/p>\n<p>Stan rewelacyjny orginalny !!!<\/p>\n<p>Pochodzenie: Europa \u015brodkowa- Polska<\/p>\n<p>kolor orzech<\/p>\n<p>Wymiary: Wysoko\u015b\u0107 130 cm, d\u0142ugo\u015b\u0107 60 cm, g\u0142\u0119boko\u015b\u0107 43 cm<\/p>\n<p>Polecam rewelacyjny stan i cena !!!<\/p>","protected":false},"featured_media":6864,"comment_status":"closed","ping_status":"closed","template":"","meta":[],"product_cat":[23,25,17],"product_tag":[],"class_list":{"0":"post-6863","1":"product","2":"type-product","3":"status-publish","4":"has-post-thumbnail","6":"product_cat-biblioteki","7":"product_cat-garderoby-etazerki","8":"product_cat-meble","10":"entry","11":"has-media","13":"first","14":"instock","15":"taxable","16":"shipping-taxable","17":"purchasable","18":"product-type-simple","19":"has-product-nav","20":"col","21":"span_1_of_3","22":"owp-content-center","23":"owp-thumbs-layout-horizontal","24":"owp-btn-normal","25":"owp-tabs-layout-horizontal"},"aioseo_notices":[],"_links":{"self":[{"href":"https:\/\/antykilion.pl\/fr\/wp-json\/wp\/v2\/product\/6863","targetHints":{"allow":["GET"]}}],"collection":[{"href":"https:\/\/antykilion.pl\/fr\/wp-json\/wp\/v2\/product"}],"about":[{"href":"https:\/\/antykilion.pl\/fr\/wp-json\/wp\/v2\/types\/product"}],"replies":[{"embeddable":true,"href":"https:\/\/antykilion.pl\/fr\/wp-json\/wp\/v2\/comments?post=6863"}],"wp:featuredmedia":[{"embeddable":true,"href":"https:\/\/antykilion.pl\/fr\/wp-json\/wp\/v2\/media\/6864"}],"wp:attachment":[{"href":"https:\/\/antykilion.pl\/fr\/wp-json\/wp\/v2\/media?parent=6863"}],"wp:term":[{"taxonomy":"product_cat","embeddable":true,"href":"https:\/\/antykilion.pl\/fr\/wp-json\/wp\/v2\/product_cat?post=6863"},{"taxonomy":"product_tag","embeddable":true,"href":"https:\/\/antykilion.pl\/fr\/wp-json\/wp\/v2\/product_tag?post=6863"}],"curies":[{"name":"wp","href":"https:\/\/api.w.org\/{rel}","templated":true}]}}