{"id":6888,"date":"2023-04-25T09:16:59","date_gmt":"2023-04-25T07:16:59","guid":{"rendered":"https:\/\/antykilion.pl\/?post_type=product&#038;p=6888"},"modified":"2023-10-26T07:46:12","modified_gmt":"2023-10-26T05:46:12","slug":"zimowy-wieczor-wiktor-korecki-orginal","status":"publish","type":"product","link":"https:\/\/antykilion.pl\/fr\/product\/zimowy-wieczor-wiktor-korecki-orginal\/","title":{"rendered":"Zimowy wiecz\u00f3r, Wiktor Korecki Orgina\u0142 !"},"content":{"rendered":"","protected":false},"excerpt":{"rendered":"<p>Galerie Antiquit\u00e9s et Art du Lion<\/p>\n<p>Zimowy wiecz\u00f3r, Wiktor Korecki Orgina\u0142 !<\/p>\n<p>Technique: huile sur toile<\/p>\n<p>Etat: tr\u00e8s bon<\/p>\n<p>Signature: visible sur la photo<\/p>\n<p>Wymiary: p\u0142\u00f3tna 60 x 90 cm + rama<\/p>\n<p>Ci-dessous, des informations sur l&#039;artiste.<\/p>\n<p>Il a \u00e9tudi\u00e9 \u00e0 l&#039;\u00e9cole de dessin NI Muraszki \u00e0 Kiev. En 1921, il a d\u00e9m\u00e9nag\u00e9 \u00e0 Varsovie, o\u00f9 il a ouvert un atelier qui a br\u00fbl\u00e9 pendant le soul\u00e8vement de Varsovie, et avec lui un grand nombre de ses \u0153uvres. Il a pr\u00e9sent\u00e9 ses \u0153uvres lors d&#039;expositions \u00e0 la Soci\u00e9t\u00e9 pour l&#039;encouragement des beaux-arts \u00e0 plusieurs reprises. Il rentre au pays en 1946 et s&#039;installe pr\u00e8s de Varsovie, d&#039;abord \u00e0 Komor\u00f3w, puis \u00e0 Milan\u00f3wek. Ses \u0153uvres ont \u00e9t\u00e9 influenc\u00e9es par les peintures de Che\u0142mo\u0144ski et Rapacki. L&#039;artiste a principalement cr\u00e9\u00e9 des paysages de Mazovie - couchers de soleil, prairies, backwaters brumeux, villages ou paysages d&#039;hiver avec le motif d&#039;une route foresti\u00e8re et d&#039;un ruisseau serpentant dans la neige.<\/p>\n<p>Do ka\u017cdego przedmiotu Galeria wystawia certyfikat.<\/p>","protected":false},"featured_media":6889,"comment_status":"closed","ping_status":"closed","template":"","meta":[],"product_cat":[41,39,40],"product_tag":[],"class_list":{"0":"post-6888","1":"product","2":"type-product","3":"status-publish","4":"has-post-thumbnail","6":"product_cat-malarstwo-dawne","7":"product_cat-dziela-sztuki","8":"product_cat-malarstwo","10":"entry","11":"has-media","13":"first","14":"instock","15":"taxable","16":"shipping-taxable","17":"purchasable","18":"product-type-simple","19":"has-product-nav","20":"col","21":"span_1_of_3","22":"owp-content-center","23":"owp-thumbs-layout-horizontal","24":"owp-btn-normal","25":"owp-tabs-layout-horizontal"},"aioseo_notices":[],"_links":{"self":[{"href":"https:\/\/antykilion.pl\/fr\/wp-json\/wp\/v2\/product\/6888","targetHints":{"allow":["GET"]}}],"collection":[{"href":"https:\/\/antykilion.pl\/fr\/wp-json\/wp\/v2\/product"}],"about":[{"href":"https:\/\/antykilion.pl\/fr\/wp-json\/wp\/v2\/types\/product"}],"replies":[{"embeddable":true,"href":"https:\/\/antykilion.pl\/fr\/wp-json\/wp\/v2\/comments?post=6888"}],"wp:featuredmedia":[{"embeddable":true,"href":"https:\/\/antykilion.pl\/fr\/wp-json\/wp\/v2\/media\/6889"}],"wp:attachment":[{"href":"https:\/\/antykilion.pl\/fr\/wp-json\/wp\/v2\/media?parent=6888"}],"wp:term":[{"taxonomy":"product_cat","embeddable":true,"href":"https:\/\/antykilion.pl\/fr\/wp-json\/wp\/v2\/product_cat?post=6888"},{"taxonomy":"product_tag","embeddable":true,"href":"https:\/\/antykilion.pl\/fr\/wp-json\/wp\/v2\/product_tag?post=6888"}],"curies":[{"name":"wp","href":"https:\/\/api.w.org\/{rel}","templated":true}]}}