{"id":6892,"date":"2023-04-27T06:06:42","date_gmt":"2023-04-27T04:06:42","guid":{"rendered":"https:\/\/antykilion.pl\/?post_type=product&#038;p=6892"},"modified":"2023-04-27T06:06:42","modified_gmt":"2023-04-27T04:06:42","slug":"kosz-pelen-owocow-na-tle-pieknego-widoku-sygnowany-1834-r","status":"publish","type":"product","link":"https:\/\/antykilion.pl\/fr\/product\/kosz-pelen-owocow-na-tle-pieknego-widoku-sygnowany-1834-r\/","title":{"rendered":"Kosz pe\u0142en owoc\u00f3w na tle pi\u0119knego widoku sygnowany 1834 r"},"content":{"rendered":"","protected":false},"excerpt":{"rendered":"<p>Kosz pe\u0142en owoc\u00f3w na tle pi\u0119knego widoku sygnowany 1834 r<\/p>\n<p>Technika: olej na p\u0142\u00f3tnie, dubla\u017c<\/p>\n<p>Stan: bardzo dobry,<\/p>\n<p>Sygnatura: widoczna na zdj\u0119ciu, ci\u0119\u017cka do odczytania<\/p>\n<p>Wymiary: p\u0142\u00f3tna ogromny 65 cm na 91 cm + rama<\/p>\n<p>Do ka\u017cdego przedmiotu Galeria wystawia certyfikat.<\/p>","protected":false},"featured_media":6893,"comment_status":"closed","ping_status":"closed","template":"","meta":[],"product_cat":[41,39,40],"product_tag":[],"class_list":{"0":"post-6892","1":"product","2":"type-product","3":"status-publish","4":"has-post-thumbnail","6":"product_cat-malarstwo-dawne","7":"product_cat-dziela-sztuki","8":"product_cat-malarstwo","10":"entry","11":"has-media","13":"first","14":"instock","15":"taxable","16":"shipping-taxable","17":"purchasable","18":"product-type-simple","19":"has-product-nav","20":"col","21":"span_1_of_3","22":"owp-content-center","23":"owp-thumbs-layout-horizontal","24":"owp-btn-normal","25":"owp-tabs-layout-horizontal"},"aioseo_notices":[],"_links":{"self":[{"href":"https:\/\/antykilion.pl\/fr\/wp-json\/wp\/v2\/product\/6892","targetHints":{"allow":["GET"]}}],"collection":[{"href":"https:\/\/antykilion.pl\/fr\/wp-json\/wp\/v2\/product"}],"about":[{"href":"https:\/\/antykilion.pl\/fr\/wp-json\/wp\/v2\/types\/product"}],"replies":[{"embeddable":true,"href":"https:\/\/antykilion.pl\/fr\/wp-json\/wp\/v2\/comments?post=6892"}],"wp:featuredmedia":[{"embeddable":true,"href":"https:\/\/antykilion.pl\/fr\/wp-json\/wp\/v2\/media\/6893"}],"wp:attachment":[{"href":"https:\/\/antykilion.pl\/fr\/wp-json\/wp\/v2\/media?parent=6892"}],"wp:term":[{"taxonomy":"product_cat","embeddable":true,"href":"https:\/\/antykilion.pl\/fr\/wp-json\/wp\/v2\/product_cat?post=6892"},{"taxonomy":"product_tag","embeddable":true,"href":"https:\/\/antykilion.pl\/fr\/wp-json\/wp\/v2\/product_tag?post=6892"}],"curies":[{"name":"wp","href":"https:\/\/api.w.org\/{rel}","templated":true}]}}