{"id":6924,"date":"2023-04-28T14:12:00","date_gmt":"2023-04-28T12:12:00","guid":{"rendered":"https:\/\/antykilion.pl\/?post_type=product&#038;p=6924"},"modified":"2023-04-28T14:12:00","modified_gmt":"2023-04-28T12:12:00","slug":"komoda-ludwik-xv-syg-denis-genty-xviii-w-muzealna-okolo-1755-r","status":"publish","type":"product","link":"https:\/\/antykilion.pl\/fr\/product\/komoda-ludwik-xv-syg-denis-genty-xviii-w-muzealna-okolo-1755-r\/","title":{"rendered":"Komoda Ludwik XV syg.Denis Genty XVIII w Muzealna oko\u0142o 1755 r"},"content":{"rendered":"","protected":false},"excerpt":{"rendered":"<p>Komoda Ludwik XV syg.Denis Genty XVIII w Muzealna oko\u0142o 1755 r<\/p>\n<p>Pi\u0119kna komoda Sauteuse\u00a0 Okres Ludwika XV sygnowana Denis Genty (master \u00e9b\u00e9niste 1754\u2013ca. 1762) Pary\u017c.<\/p>\n<p>Denis Genty uzyska\u0142 tytu\u0142 magistra w 1754 r. Najpierw osiad\u0142 na Faubourg Saint Antoine, gdzie uchodzi\u0142 za jednego z najwa\u017cniejszych stolarzy i stolarzy w dzielnicy. Kilka lat p\u00f3\u017aniej przeni\u00f3s\u0142 swoj\u0105 pracowni\u0119 na rue de l&#8217;Echelle-Saint-Honor\u00e9, pod szyld \u201eA la potomek Tuileries\u201d. Jego bardzo zamo\u017cni klienci nale\u017celi do najwy\u017cszej arystokracji. Inni stolarze, tacy jak Landrin, Dautriche, Hadouin, Macret dostarczaj\u0105 mu meble, kt\u00f3re sprzedaje z w\u0142asnej produkcji. Ale maj\u0105c nadziej\u0119, \u017ce jego biznes prosperuje, poni\u00f3s\u0142 ogromne koszty, kt\u00f3re zmusi\u0142y go do og\u0142oszenia upad\u0142o\u015bci i sprzeda\u017cy firmy w 1762 roku swojemu koledze Louisowi Moreau. Meble sygnowane przez GENTY s\u0105 w wi\u0119kszo\u015bci w stylu Ludwika XV, wykonane z wielkim smakiem. Jednak niekt\u00f3re bardzo rzadkie meble, Transition i Louis XVI, r\u00f3wnie\u017c nosz\u0105 jego piecz\u0119\u0107. Jest wiele krzywoliniowych kom\u00f3d, sekretarzyk\u00f3w inkrustowanych du\u017cymi kwiatami na jasnym tle drewna, biurek w biurkach, stolik\u00f3w pokrytych bardzo ozdobnymi intarsjami z kwiat\u00f3w lub ptak\u00f3w. W kreacjach GENTY mo\u017cemy r\u00f3wnie\u017c wspomnie\u0107 o meblach zdobionych chi\u0144sk\u0105 lak\u0105 oraz komodach ozdobionych efektownym monta\u017cem z br\u0105zu rocaille. Jednak w swojej produkcji. bardzo wysokiej jako\u015bci modele mog\u0105 kontrastowa\u0107 z do\u015b\u0107 zwyczajnymi meblami, o prostych liniach.<\/p>\n<p>Materia\u0142: fornir palisander i r\u00f3\u017ca, blat marmur<\/p>\n<p>Stan: bardzo dobry po profesjonalnej konserwacji<\/p>\n<p>Pochodzenie: Francja Pary\u017c, Sauteuse Ludwik XV<\/p>\n<p>Hauteur: 85 cm, longueur 130 cm, largeur 65 cm<\/p>\n<p>Polecam Muzealny mebel !!!<\/p>","protected":false},"featured_media":6927,"comment_status":"closed","ping_status":"closed","template":"","meta":[],"product_cat":[26,17],"product_tag":[],"class_list":{"0":"post-6924","1":"product","2":"type-product","3":"status-publish","4":"has-post-thumbnail","6":"product_cat-komody","7":"product_cat-meble","9":"entry","10":"has-media","12":"first","13":"instock","14":"taxable","15":"shipping-taxable","16":"purchasable","17":"product-type-simple","18":"has-product-nav","19":"col","20":"span_1_of_3","21":"owp-content-center","22":"owp-thumbs-layout-horizontal","23":"owp-btn-normal","24":"owp-tabs-layout-horizontal"},"aioseo_notices":[],"_links":{"self":[{"href":"https:\/\/antykilion.pl\/fr\/wp-json\/wp\/v2\/product\/6924","targetHints":{"allow":["GET"]}}],"collection":[{"href":"https:\/\/antykilion.pl\/fr\/wp-json\/wp\/v2\/product"}],"about":[{"href":"https:\/\/antykilion.pl\/fr\/wp-json\/wp\/v2\/types\/product"}],"replies":[{"embeddable":true,"href":"https:\/\/antykilion.pl\/fr\/wp-json\/wp\/v2\/comments?post=6924"}],"wp:featuredmedia":[{"embeddable":true,"href":"https:\/\/antykilion.pl\/fr\/wp-json\/wp\/v2\/media\/6927"}],"wp:attachment":[{"href":"https:\/\/antykilion.pl\/fr\/wp-json\/wp\/v2\/media?parent=6924"}],"wp:term":[{"taxonomy":"product_cat","embeddable":true,"href":"https:\/\/antykilion.pl\/fr\/wp-json\/wp\/v2\/product_cat?post=6924"},{"taxonomy":"product_tag","embeddable":true,"href":"https:\/\/antykilion.pl\/fr\/wp-json\/wp\/v2\/product_tag?post=6924"}],"curies":[{"name":"wp","href":"https:\/\/api.w.org\/{rel}","templated":true}]}}