{"id":6967,"date":"2023-05-09T16:50:14","date_gmt":"2023-05-09T14:50:14","guid":{"rendered":"https:\/\/antykilion.pl\/?post_type=product&#038;p=6967"},"modified":"2025-05-29T11:05:00","modified_gmt":"2025-05-29T09:05:00","slug":"6967","status":"publish","type":"product","link":"https:\/\/antykilion.pl\/fr\/product\/6967\/","title":{"rendered":"Bukiet kwiat\u00f3w z kakadu Karl Heinrich Kupper\u00a0 urodzony w 1864r"},"content":{"rendered":"","protected":false},"excerpt":{"rendered":"<p>Bukiet kwiat\u00f3w z kakadu Karl Heinrich Kupper\u00a0 urodzony w 1864r<\/p>\n<p>Ob\u0142\u0119dny bukiet kwiat\u00f3w z ca\u0142\u0105 oran\u017ceri\u0105: kakadu , s\u0142owik, jaszczurka, wa\u017cka, motyle i muchy!<\/p>\n<p>Bukiet pe\u0142en tajemnic bo ci\u0105gle w nim co\u015b znajdujesz.<\/p>\n<p>Technika: olej na p\u0142ycie<\/p>\n<p>Stan: bardzo dobry, rama uszkodzona <\/p>\n<p>Signature: coin inf\u00e9rieur droit visible<\/p>\n<p>Wymiary: z ram\u0105 117 cm na 137 cm obraz wielkoformatowy ob\u0142\u0119dny!!!<\/p>\n<p>Do ka\u017cdego przedmiotu Galeria wystawia certyfikat.<\/p>","protected":false},"featured_media":6968,"comment_status":"closed","ping_status":"closed","template":"","meta":[],"product_cat":[41,39,40],"product_tag":[],"class_list":{"0":"post-6967","1":"product","2":"type-product","3":"status-publish","4":"has-post-thumbnail","6":"product_cat-malarstwo-dawne","7":"product_cat-dziela-sztuki","8":"product_cat-malarstwo","10":"entry","11":"has-media","13":"first","14":"instock","15":"taxable","16":"shipping-taxable","17":"purchasable","18":"product-type-simple","19":"has-product-nav","20":"col","21":"span_1_of_3","22":"owp-content-center","23":"owp-thumbs-layout-horizontal","24":"owp-btn-normal","25":"owp-tabs-layout-horizontal","26":"has-no-thumbnails"},"aioseo_notices":[],"_links":{"self":[{"href":"https:\/\/antykilion.pl\/fr\/wp-json\/wp\/v2\/product\/6967","targetHints":{"allow":["GET"]}}],"collection":[{"href":"https:\/\/antykilion.pl\/fr\/wp-json\/wp\/v2\/product"}],"about":[{"href":"https:\/\/antykilion.pl\/fr\/wp-json\/wp\/v2\/types\/product"}],"replies":[{"embeddable":true,"href":"https:\/\/antykilion.pl\/fr\/wp-json\/wp\/v2\/comments?post=6967"}],"wp:featuredmedia":[{"embeddable":true,"href":"https:\/\/antykilion.pl\/fr\/wp-json\/wp\/v2\/media\/6968"}],"wp:attachment":[{"href":"https:\/\/antykilion.pl\/fr\/wp-json\/wp\/v2\/media?parent=6967"}],"wp:term":[{"taxonomy":"product_cat","embeddable":true,"href":"https:\/\/antykilion.pl\/fr\/wp-json\/wp\/v2\/product_cat?post=6967"},{"taxonomy":"product_tag","embeddable":true,"href":"https:\/\/antykilion.pl\/fr\/wp-json\/wp\/v2\/product_tag?post=6967"}],"curies":[{"name":"wp","href":"https:\/\/api.w.org\/{rel}","templated":true}]}}