{"id":7063,"date":"2023-06-19T12:26:17","date_gmt":"2023-06-19T10:26:17","guid":{"rendered":"https:\/\/antykilion.pl\/?post_type=product&#038;p=7063"},"modified":"2023-06-19T12:26:17","modified_gmt":"2023-06-19T10:26:17","slug":"polyphon-musikwerke-lipsk-koniec-xix-w","status":"publish","type":"product","link":"https:\/\/antykilion.pl\/fr\/product\/polyphon-musikwerke-lipsk-koniec-xix-w\/","title":{"rendered":"Polyphon Musikwerke Lipsk koniec XIX w"},"content":{"rendered":"","protected":false},"excerpt":{"rendered":"<p>Polyphon Musikwerke<\/p>\n<p>Niemiecka firma zosta\u0142a za\u0142o\u017cona w 1887 roku w Wahren w Lipsku jako Firma Brachhausen &#038; Riesener przez Gustava Adolfa Brachhausena i Ernsta Paula Riessnera w celu wyprodukowania ich mechanicznej pozytywki Polyphon z 1870 roku. Firma zosta\u0142a przemianowana na Polyphon-Musikwerke AG w 1895 roku. W 1908 roku Hugo W\u00fcnsch zosta\u0142 mianowany dyrektorem, ale w 1918 roku zosta\u0142 szefem nowej sp\u00f3\u0142ki zale\u017cnej Deutsche Grammophon AG. 24 kwietnia 1917 roku Polyphon-Musikwerke AG naby\u0142 rekord Deutsche Grammophon-Aktiengesellschaft zak\u0142ad od rz\u0105du niemieckiego. Pa\u0144stwo niemieckie przej\u0119\u0142o gospodarstwa DG i brytyjskie podczas I wojny \u015bwiatowej na tej podstawie, \u017ce by\u0142y w\u0142asno\u015bci\u0105 wroga. Fabryki Deutsche Grammophon i Polyphon-Musikwerke by\u0142y obs\u0142ugiwane przez Polyphonwerke AG, a siedziba zosta\u0142a przeniesiona do Berlina, a nowy podmiot korporacyjny przyj\u0105\u0142 nazw\u0119 Polyphon-Grammophon-Konzern. W 1918 roku firma Polyphon AG za\u0142o\u017cy\u0142a swoj\u0105 siedzib\u0119 g\u0142\u00f3wn\u0105 przy Markgrafenstra\u00dfe 76 w Berlinie. Bruno Borchard zosta\u0142 dyrektorem generalnym. Wczesny w\u0142a\u015bciciel Joseph Berliner pozosta\u0142 cz\u0142onkiem zarz\u0105du a\u017c do przej\u015bcia na emerytur\u0119 w 1921 roku. W 1919 roku w Wiedniu zosta\u0142a za\u0142o\u017cona austriacka sp\u00f3\u0142ka zale\u017cna Polyphon-Sprechmaschinen und Schallplatten GmbH. Zosta\u0142 przemianowany na Polyphon Schallplatten Ges. mbH. Du\u0144ska firma Nordisk Polyphon A. S. zosta\u0142a za\u0142o\u017cona w Kopenhadze. W Sztokholmie szwedzka sp\u00f3\u0142ka zale\u017cna nosi\u0142a nazw\u0119 Nordisk Polyphon AB. W\u0142asno\u015b\u0107 dzia\u0142alno\u015bci zagranicznej zosta\u0142a skoncentrowana w marcu 1929 r. W szwajcarskim holdingu Polyphon-Holding AG. W 1932 r. holding ten zosta\u0142 przemianowany na Polydor Holding AG. W\u0142a\u015bciciel Polyphon Werke AG zosta\u0142 po\u0142\u0105czony z Deutsche Grammophon AG w 1932 roku, a wkr\u00f3tce potem nast\u0105pi\u0142o ca\u0142kowite zamkni\u0119cie produkcji w Lipsku. W 1933 DG sprzeda\u0142 swoje udzia\u0142y w Polydor Holding. W 1937 roku firma zmieni\u0142a nazw\u0119 na Deutsche Grammophon GmbH. Operacja fuzji kapita\u0142owej zosta\u0142a przeprowadzona przez konsorcjum Deutsche Bank i Telefunken Gesellschaft. W 1932 roku za\u0142o\u017cona firma Telefunken Platte GmbH otrzyma\u0142a zak\u0142ad produkcyjny zgodnie z potrzebami. DGG zosta\u0142o sprzedane niemieckiej firmie elektronicznej Siemens &#038; Halske AG w 1941 roku. W 1954 roku DGG za\u0142o\u017cy\u0142o sp\u00f3\u0142k\u0119 zale\u017cn\u0105 w Londynie, Polydor Records Ltd. W 2000 roku francuska firma medialna Vivendi SA przej\u0119\u0142a obecnego w\u0142a\u015bciciela Universal Music Group od Seagram. Pozytywka polifoniczna Nadal istniej\u0105 oryginalne przyk\u0142ady wynalezionego w 1870 roku Polyphonu, a wsp\u00f3\u0142cze\u015bni producenci produkuj\u0105 niewielkie ilo\u015bci zar\u00f3wno urz\u0105dze\u0144, jak i p\u0142yt. Polyphon to du\u017ca pozytywka sterowana dyskiem. Plektra wystaje z tylnej cz\u0119\u015bci dysku. Gdy dysk si\u0119 obraca, stykaj\u0105 si\u0119 z mechanizmem zapadkowym, kt\u00f3ry wyrywa z\u0119by. Du\u017ca p\u0142yta rezonansowa wzmacnia d\u017awi\u0119k. Dost\u0119pnych by\u0142o wiele wymiennych dysk\u00f3w do tworzenia ulubionych melodii. Tworzy\u0107 muzyk\u0119 Melodia jest wybijana na p\u0142ycie z wysoko\u015bci\u0105 okre\u015blon\u0105 przez po\u0142o\u017cenie wybicia. W procesie produkcyjnym dziurkowany metal by\u0142 zwijany z powrotem na sp\u00f3d dysku, tworz\u0105c wypuk\u0142y wyst\u0119p, kt\u00f3ry przypomina liter\u0119 A, patrz\u0105c pod k\u0105tem. Gdy Polyphon dzia\u0142a, powsta\u0142e w ten spos\u00f3b wypustki dysku, zwane plektrami, wsp\u00f3\u0142pracuj\u0105 z seri\u0105 przypominaj\u0105cych zapadk\u0119 k\u00f3\u0142 gwia\u017adzistych, z kt\u00f3rych ka\u017cde ma 9 wypustek, kt\u00f3re znajduj\u0105 si\u0119 w suwnicy. Ka\u017cde ko\u0142o gwiazdowe, przesuni\u0119te o 40 stopni wok\u00f3\u0142 w\u0142asnej osi, wyrywa z\u0105b na grzebieniu instrumentu. Z\u0105b rezonuje, wydaj\u0105c z g\u00f3ry ustalon\u0105 nut\u0119. Na grzebieniu muzycznym szybkie nuty wysokie s\u0105 wybrzmiewane najdalej od \u015brodka, a wolniejsze nuty bazowe najbli\u017cej \u015brodka. Wyprodukowano wiele wariant\u00f3w grzebieni, w tym pojedynczy grzebie\u0144 na mniejszych instrumentach i grzebienie podw\u00f3jne (jednoczesne uderzenie) na \u015bredniej wielko\u015bci instrumentach o \u015brednicy 11 cali i 15,5 cala. Wi\u0119kszo\u015b\u0107 wi\u0119kszych modeli z podw\u00f3jnym grzebieniem mia\u0142a naprzemienne uderzenie, chocia\u017c inni producenci, zw\u0142aszcza Symphonion, produkowali instrumenty o du\u017cych rozmiarach z podw\u00f3jnymi grzebieniami. Silnik Niemal bez wyj\u0105tku wszystkie Polyphony s\u0105 nap\u0119dzane r\u0119cznie nakr\u0119canym silnikiem. Firma Polyphon mog\u0142a opracowa\u0107 wariant silnika elektrycznego du\u017cego modelu na monety w ostatnich dniach produkcji, ale do tej pory nie istniej\u0105 \u017cadne znane oryginalne przyk\u0142ady. Silnik ma wyj\u015bciowy zaczep nap\u0119dowy, kt\u00f3ry jest okr\u0105g\u0142ym elementem z ko\u0142ki z okr\u0105g\u0142ymi wierzcho\u0142kami uk\u0142adaj\u0105 si\u0119 tak, aby pasowa\u0142y do \u200b\u200botwor\u00f3w w dyskach. Tarcze o ma\u0142ej \u015brednicy maj\u0105 dwa centralnie po\u0142o\u017cone otwory (nap\u0119d centralny), podczas gdy wi\u0119ksze tarcze mia\u0142y szereg otwor\u00f3w na obwodzie (nap\u0119d obwodowy). Podczas pracy dysk jest umieszczany na \u015brodkowym s\u0142upku lub \u015brodkowym wyst\u0119pie, nad dyskiem przesuwa si\u0119 pr\u0119t dociskowy, aby utrzyma\u0107 go na miejscu, a z\u0105b nap\u0119dowy obraca dysk. Czas odtwarzania dla ka\u017cdej p\u0142yty jest r\u00f3\u017cny, w zale\u017cno\u015bci od \u015brednicy. Na przyk\u0142ad czas odtwarzania p\u0142yty o \u015brednicy 19,5\/8 cala (50 cm) wynosi oko\u0142o 1 minuty i 50 sekund. Nowoczesna dost\u0119pno\u015b\u0107 Wyprodukowano wiele rozmiar\u00f3w polifon\u00f3w i powi\u0105zanych dysk\u00f3w, o \u015brednicach od 6 cali do 24,5 cala. Istnieje mo\u017cliwo\u015b\u0107 zakupu nowych p\u0142yt, obecnie produkowanych w Wielkiej Brytanii przez firm\u0119 Renaissance Discs, dla ka\u017cdego rozmiaru Polyphon oryginalnie str<\/p>\n<p>Materia\u0142: drzewo, mosi\u0105dz<\/p>\n<p>Wymiary: wys. 20 cm, szeroko\u015b\u0107 podstawy 20 cm, g\u0142\u0119boko\u015b\u0107 20 cm<\/p>\n<p>Pochodzenie: Wahren w Lipsku<\/p>\n<p>Stan: Bardzo dobry, oczywi\u015bcie \u015blady u\u017cytkowania widoczne<\/p>\n<p>2 p\u0142yty w zestawie<\/p>","protected":false},"featured_media":7064,"comment_status":"closed","ping_status":"closed","template":"","meta":[],"product_cat":[16,55],"product_tag":[],"class_list":{"0":"post-7063","1":"product","2":"type-product","3":"status-publish","4":"has-post-thumbnail","6":"product_cat-inne","7":"product_cat-varia","9":"entry","10":"has-media","12":"first","13":"instock","14":"taxable","15":"shipping-taxable","16":"purchasable","17":"product-type-simple","18":"has-product-nav","19":"col","20":"span_1_of_3","21":"owp-content-center","22":"owp-thumbs-layout-horizontal","23":"owp-btn-normal","24":"owp-tabs-layout-horizontal"},"aioseo_notices":[],"_links":{"self":[{"href":"https:\/\/antykilion.pl\/fr\/wp-json\/wp\/v2\/product\/7063","targetHints":{"allow":["GET"]}}],"collection":[{"href":"https:\/\/antykilion.pl\/fr\/wp-json\/wp\/v2\/product"}],"about":[{"href":"https:\/\/antykilion.pl\/fr\/wp-json\/wp\/v2\/types\/product"}],"replies":[{"embeddable":true,"href":"https:\/\/antykilion.pl\/fr\/wp-json\/wp\/v2\/comments?post=7063"}],"wp:featuredmedia":[{"embeddable":true,"href":"https:\/\/antykilion.pl\/fr\/wp-json\/wp\/v2\/media\/7064"}],"wp:attachment":[{"href":"https:\/\/antykilion.pl\/fr\/wp-json\/wp\/v2\/media?parent=7063"}],"wp:term":[{"taxonomy":"product_cat","embeddable":true,"href":"https:\/\/antykilion.pl\/fr\/wp-json\/wp\/v2\/product_cat?post=7063"},{"taxonomy":"product_tag","embeddable":true,"href":"https:\/\/antykilion.pl\/fr\/wp-json\/wp\/v2\/product_tag?post=7063"}],"curies":[{"name":"wp","href":"https:\/\/api.w.org\/{rel}","templated":true}]}}