{"id":7091,"date":"2023-06-22T16:08:55","date_gmt":"2023-06-22T14:08:55","guid":{"rendered":"https:\/\/antykilion.pl\/?post_type=product&#038;p=7091"},"modified":"2025-12-18T12:28:44","modified_gmt":"2025-12-18T11:28:44","slug":"biurko-barokowe-xviii-w-okolo-1740-piekne","status":"publish","type":"product","link":"https:\/\/antykilion.pl\/fr\/product\/biurko-barokowe-xviii-w-okolo-1740-piekne\/","title":{"rendered":"Biurko barokowe XVIII w oko\u0142o 1740 pi\u0119kne"},"content":{"rendered":"","protected":false},"excerpt":{"rendered":"<p>Biurko barokowe XVIII w oko\u0142o 1740 pi\u0119kne<\/p>\n<p>z blatem zbli\u017conym do prostok\u0105ta, o bokach prostych i od frontu o falistym zarysie, z pi\u0119cioma szufladami, wsparte na czterech kabriolowych nogach;<\/p>\n<p>fornirowane orzechem i intarsjowane, z mosi\u0119\u017cnymi, odlewanymi okuciami. Rz\u0119dy bocznych szuflad rozdzielone \u015brodkow\u0105 szuflad\u0105 umieszczon\u0105 pod<\/p>\n<p>blatem, poni\u017cej przestrze\u0144 na nogi siedz\u0105cego. Blat z profilowanym obrze\u017cem,<\/p>\n<p>Materia\u0142: konstrukcja &#8211; orzech oraz inne forniry wykorzystane w intarsjach<\/p>\n<p>Pochodzenie: Europa \u015arodkowa, 2 po\u0142. XVIII  w. Polska ?<\/p>\n<p>Wymiary: wysoko\u015b\u0107 83 cm, szeroko\u015b\u0107 114 cm, g\u0142\u0119boko\u015b\u0107 65 cm.<\/p>\n<p>Stan: bardzo dobry po profesjonalnej konserwacji zachowawczej<\/p>\n<p>Do ka\u017cdego przedmiotu wystawiamy certyfikat<\/p>\n<p>Ogromna rzadko\u015b\u0107 !!!<\/p>","protected":false},"featured_media":7916,"comment_status":"closed","ping_status":"closed","template":"","meta":[],"product_cat":[17,31],"product_tag":[],"class_list":{"0":"post-7091","1":"product","2":"type-product","3":"status-publish","4":"has-post-thumbnail","6":"product_cat-meble","7":"product_cat-sekretery-sekretarzyki-biurka","9":"entry","10":"has-media","12":"first","13":"instock","14":"taxable","15":"shipping-taxable","16":"purchasable","17":"product-type-simple","18":"has-product-nav","19":"col","20":"span_1_of_3","21":"owp-content-center","22":"owp-thumbs-layout-horizontal","23":"owp-btn-normal","24":"owp-tabs-layout-horizontal"},"aioseo_notices":[],"_links":{"self":[{"href":"https:\/\/antykilion.pl\/fr\/wp-json\/wp\/v2\/product\/7091","targetHints":{"allow":["GET"]}}],"collection":[{"href":"https:\/\/antykilion.pl\/fr\/wp-json\/wp\/v2\/product"}],"about":[{"href":"https:\/\/antykilion.pl\/fr\/wp-json\/wp\/v2\/types\/product"}],"replies":[{"embeddable":true,"href":"https:\/\/antykilion.pl\/fr\/wp-json\/wp\/v2\/comments?post=7091"}],"wp:featuredmedia":[{"embeddable":true,"href":"https:\/\/antykilion.pl\/fr\/wp-json\/wp\/v2\/media\/7916"}],"wp:attachment":[{"href":"https:\/\/antykilion.pl\/fr\/wp-json\/wp\/v2\/media?parent=7091"}],"wp:term":[{"taxonomy":"product_cat","embeddable":true,"href":"https:\/\/antykilion.pl\/fr\/wp-json\/wp\/v2\/product_cat?post=7091"},{"taxonomy":"product_tag","embeddable":true,"href":"https:\/\/antykilion.pl\/fr\/wp-json\/wp\/v2\/product_tag?post=7091"}],"curies":[{"name":"wp","href":"https:\/\/api.w.org\/{rel}","templated":true}]}}