{"id":7169,"date":"2023-06-28T19:29:28","date_gmt":"2023-06-28T17:29:28","guid":{"rendered":"https:\/\/antykilion.pl\/?post_type=product&#038;p=7169"},"modified":"2023-06-28T19:29:28","modified_gmt":"2023-06-28T17:29:28","slug":"para-filizanek-jean-pierre-feuillet-paryz-1830-r","status":"publish","type":"product","link":"https:\/\/antykilion.pl\/fr\/product\/para-filizanek-jean-pierre-feuillet-paryz-1830-r\/","title":{"rendered":"Para fili\u017canek Jean Pierre Feuillet Pary\u017c 1830 r"},"content":{"rendered":"","protected":false},"excerpt":{"rendered":"<p>Para fili\u017canek Jean Pierre Feuillet Pary\u017c 1830 r<\/p>\n<p>Pi\u0119kne z\u0142ocenia.<\/p>\n<p>Tr\u00e8s bonne condition<\/p>\n<p>Pochodzenie: Francja Pary\u017c<\/p>\n<p>Sygnatura: Jean Pierre Feuillet 1830 r<\/p>\n<p>Ogromna rzadko\u015b\u0107 !!!<\/p>\n<p>Fili\u017canka wysoko\u015b\u0107 6,5 cm, szer. 6,5 cm szer zuchem 9 cm<\/p>\n<p>Spodek \u015brednica 13 cm<\/p>","protected":false},"featured_media":7170,"comment_status":"closed","ping_status":"closed","template":"","meta":[],"product_cat":[50],"product_tag":[],"class_list":{"0":"post-7169","1":"product","2":"type-product","3":"status-publish","4":"has-post-thumbnail","6":"product_cat-porcelana-i-fajans","8":"entry","9":"has-media","11":"first","12":"instock","13":"taxable","14":"shipping-taxable","15":"purchasable","16":"product-type-simple","17":"has-product-nav","18":"col","19":"span_1_of_3","20":"owp-content-center","21":"owp-thumbs-layout-horizontal","22":"owp-btn-normal","23":"owp-tabs-layout-horizontal"},"aioseo_notices":[],"_links":{"self":[{"href":"https:\/\/antykilion.pl\/fr\/wp-json\/wp\/v2\/product\/7169","targetHints":{"allow":["GET"]}}],"collection":[{"href":"https:\/\/antykilion.pl\/fr\/wp-json\/wp\/v2\/product"}],"about":[{"href":"https:\/\/antykilion.pl\/fr\/wp-json\/wp\/v2\/types\/product"}],"replies":[{"embeddable":true,"href":"https:\/\/antykilion.pl\/fr\/wp-json\/wp\/v2\/comments?post=7169"}],"wp:featuredmedia":[{"embeddable":true,"href":"https:\/\/antykilion.pl\/fr\/wp-json\/wp\/v2\/media\/7170"}],"wp:attachment":[{"href":"https:\/\/antykilion.pl\/fr\/wp-json\/wp\/v2\/media?parent=7169"}],"wp:term":[{"taxonomy":"product_cat","embeddable":true,"href":"https:\/\/antykilion.pl\/fr\/wp-json\/wp\/v2\/product_cat?post=7169"},{"taxonomy":"product_tag","embeddable":true,"href":"https:\/\/antykilion.pl\/fr\/wp-json\/wp\/v2\/product_tag?post=7169"}],"curies":[{"name":"wp","href":"https:\/\/api.w.org\/{rel}","templated":true}]}}