{"id":7187,"date":"2023-07-12T09:42:24","date_gmt":"2023-07-12T07:42:24","guid":{"rendered":"https:\/\/antykilion.pl\/?post_type=product&#038;p=7187"},"modified":"2023-07-13T11:01:43","modified_gmt":"2023-07-13T09:01:43","slug":"jean-baptiste-oudry-portret-dama-w-stroju-pielgrzyma-pocz-xviii-w-okolo-1730-r","status":"publish","type":"product","link":"https:\/\/antykilion.pl\/fr\/product\/jean-baptiste-oudry-portret-dama-w-stroju-pielgrzyma-pocz-xviii-w-okolo-1730-r\/","title":{"rendered":"Jean-Baptiste Oudry\u00a0 Portret Dama w stroju pielgrzyma pocz. XVIII w oko\u0142o 1730 r"},"content":{"rendered":"","protected":false},"excerpt":{"rendered":"<p>Galerie Antiquit\u00e9s et Art du Lion<\/p>\n<p>Jean-Baptiste Oudry\u00a0 Portret Dama w stroju pielgrzyma pocz. XVIII w oko\u0142o 1730 r<\/p>\n<p>Jean-Baptiste Oudry<\/p>\n<p>Ur.<\/p>\n<p>17 marca 1686 w Pary\u017cu<\/p>\n<p>Zm.<\/p>\n<p>30 kwietnia 1755 w Beauvais<\/p>\n<p>Najwa\u017cniejsze dzie\u0142a:<\/p>\n<p>Martwa natura z ba\u017cantem (1753), Martwa natura z ciel\u0119cym ud\u017acem, Martwa sarna (1721), Martwy wilk (1721), Martwy \u017curaw (1745), Pies i dwie kuropatwy, Portret Lady Mary Josephine Drummond (ok. 1716), Portret Stanis\u0142awa Leszczy\u0144skiego (1730)<\/p>\n<p>Francuski malarz i rysownik okresu rokoka, ilustrator Bajek La Fontaine\u2019a. Specjalizowa\u0142 si\u0119 w tematyce my\u015bliwskiej i w uj\u0119ciach zwierz\u0105t. Jego tw\u00f3rczo\u015b\u0107 charakteryzuje si\u0119 realistycznym uj\u0119ciem przedstawianych motyw\u00f3w, du\u017cymi walorami kompozycyjnymi i dekoracyjno\u015bci\u0105.<\/p>\n<p>Technika: olej na p\u0142\u00f3tnie, rama z pocz\u0105tku XVIII w !!!!<\/p>\n<p>Stan: bardzo dobry, po konserwacji zachowawczej zosta\u0142 oczyszczony i dosta\u0142 nowy werniks<\/p>\n<p>Sygnatura: nie stwierdzona obraz przypisywany temu malarzowi<\/p>\n<p>Wymiary:\u00a0 p\u0142\u00f3tna 90 cm na 70 cm\u00a0 z ram\u0105 oko\u0142o\u00a0 110 cm na 90 cm obraz wielkoformatowy ob\u0142\u0119dny!!!<\/p>\n<p>Do ka\u017cdego przedmiotu Galeria wystawia certyfikat.<\/p>\n<p>Bardzo dobre malarstwo obraz robi ogromne wra\u017cenie !!!<\/p>","protected":false},"featured_media":7188,"comment_status":"closed","ping_status":"closed","template":"","meta":[],"product_cat":[41,39,40],"product_tag":[],"class_list":{"0":"post-7187","1":"product","2":"type-product","3":"status-publish","4":"has-post-thumbnail","6":"product_cat-malarstwo-dawne","7":"product_cat-dziela-sztuki","8":"product_cat-malarstwo","10":"entry","11":"has-media","13":"first","14":"instock","15":"taxable","16":"shipping-taxable","17":"purchasable","18":"product-type-simple","19":"has-product-nav","20":"col","21":"span_1_of_3","22":"owp-content-center","23":"owp-thumbs-layout-horizontal","24":"owp-btn-normal","25":"owp-tabs-layout-horizontal"},"aioseo_notices":[],"_links":{"self":[{"href":"https:\/\/antykilion.pl\/fr\/wp-json\/wp\/v2\/product\/7187","targetHints":{"allow":["GET"]}}],"collection":[{"href":"https:\/\/antykilion.pl\/fr\/wp-json\/wp\/v2\/product"}],"about":[{"href":"https:\/\/antykilion.pl\/fr\/wp-json\/wp\/v2\/types\/product"}],"replies":[{"embeddable":true,"href":"https:\/\/antykilion.pl\/fr\/wp-json\/wp\/v2\/comments?post=7187"}],"wp:featuredmedia":[{"embeddable":true,"href":"https:\/\/antykilion.pl\/fr\/wp-json\/wp\/v2\/media\/7188"}],"wp:attachment":[{"href":"https:\/\/antykilion.pl\/fr\/wp-json\/wp\/v2\/media?parent=7187"}],"wp:term":[{"taxonomy":"product_cat","embeddable":true,"href":"https:\/\/antykilion.pl\/fr\/wp-json\/wp\/v2\/product_cat?post=7187"},{"taxonomy":"product_tag","embeddable":true,"href":"https:\/\/antykilion.pl\/fr\/wp-json\/wp\/v2\/product_tag?post=7187"}],"curies":[{"name":"wp","href":"https:\/\/api.w.org\/{rel}","templated":true}]}}