{"id":7283,"date":"2023-08-14T15:38:15","date_gmt":"2023-08-14T13:38:15","guid":{"rendered":"https:\/\/antykilion.pl\/?post_type=product&#038;p=7283"},"modified":"2026-03-14T13:11:09","modified_gmt":"2026-03-14T12:11:09","slug":"7283","status":"publish","type":"product","link":"https:\/\/antykilion.pl\/fr\/product\/7283\/","title":{"rendered":"Sekretarzyk z toaletk\u0105 w stylu rokoko XIX w cudny"},"content":{"rendered":"","protected":false},"excerpt":{"rendered":"<p>Sekretarzyk z toaletk\u0105 w stylu rokoko XIX w cudny<\/p>\n<p>Sekretarzyk\u00a0 dwustronny z toaletk\u0105 w formie stolika z nastawk\u0105, o falistych liniach szkieletu,\u00a0 bogato intarsjowany z okuciami. Stolik z szufladk\u0105 w oskrzynieniu, wsparty na wysmuk\u0142ych, kabriolowych n\u00f3\u017ckach. Nadstawka z trzema drzwiczkami, dwie po bokach to szafeczki natomiast drzwiczki \u015brodkowo po uniesieniu do g\u00f3ry ods\u0142aniaj\u0105 lustro , ca\u0142o\u015b\u0107 uj\u0119ta mosi\u0119\u017cnymi festonami, a u g\u00f3ry galeryjk\u0105.<\/p>\n<p>Pi\u0119kny ma\u0142y i zgrabny mebelek typowo kobiecy!!!<\/p>\n<p>Cudny!!!<\/p>\n<p>Origine: France<\/p>\n<p>Stan\u00a0 bardzo dobry, w \u015brodku wyko\u0144czone materia\u0142em orginalnie zachowanym<\/p>\n<p>Wymiary: wysoko\u015b\u0107 89 cm, d\u0142ugo\u015b\u0107 66 cm, g\u0142\u0119boko\u015b\u0107 oko\u0142o 42 cm<\/p>\n<p>Materia\u0142: forniry orzech palisander, pi\u0119kne okucia z br\u0105zu z\u0142oconego<\/p>","protected":false},"featured_media":7284,"comment_status":"closed","ping_status":"closed","template":"","meta":[],"product_cat":[17,31,36],"product_tag":[],"class_list":{"0":"post-7283","1":"product","2":"type-product","3":"status-publish","4":"has-post-thumbnail","6":"product_cat-meble","7":"product_cat-sekretery-sekretarzyki-biurka","8":"product_cat-toaletki","10":"entry","11":"has-media","13":"first","14":"instock","15":"taxable","16":"shipping-taxable","17":"purchasable","18":"product-type-simple","19":"has-product-nav","20":"col","21":"span_1_of_3","22":"owp-content-center","23":"owp-thumbs-layout-horizontal","24":"owp-btn-normal","25":"owp-tabs-layout-horizontal"},"aioseo_notices":[],"_links":{"self":[{"href":"https:\/\/antykilion.pl\/fr\/wp-json\/wp\/v2\/product\/7283","targetHints":{"allow":["GET"]}}],"collection":[{"href":"https:\/\/antykilion.pl\/fr\/wp-json\/wp\/v2\/product"}],"about":[{"href":"https:\/\/antykilion.pl\/fr\/wp-json\/wp\/v2\/types\/product"}],"replies":[{"embeddable":true,"href":"https:\/\/antykilion.pl\/fr\/wp-json\/wp\/v2\/comments?post=7283"}],"wp:featuredmedia":[{"embeddable":true,"href":"https:\/\/antykilion.pl\/fr\/wp-json\/wp\/v2\/media\/7284"}],"wp:attachment":[{"href":"https:\/\/antykilion.pl\/fr\/wp-json\/wp\/v2\/media?parent=7283"}],"wp:term":[{"taxonomy":"product_cat","embeddable":true,"href":"https:\/\/antykilion.pl\/fr\/wp-json\/wp\/v2\/product_cat?post=7283"},{"taxonomy":"product_tag","embeddable":true,"href":"https:\/\/antykilion.pl\/fr\/wp-json\/wp\/v2\/product_tag?post=7283"}],"curies":[{"name":"wp","href":"https:\/\/api.w.org\/{rel}","templated":true}]}}