{"id":7388,"date":"2023-08-29T12:49:04","date_gmt":"2023-08-29T10:49:04","guid":{"rendered":"https:\/\/antykilion.pl\/?post_type=product&#038;p=7388"},"modified":"2023-08-29T19:15:40","modified_gmt":"2023-08-29T17:15:40","slug":"zardiniera-sygnowana-xx-okolo-1900-r-przepiekna","status":"publish","type":"product","link":"https:\/\/antykilion.pl\/fr\/product\/zardiniera-sygnowana-xx-okolo-1900-r-przepiekna\/","title":{"rendered":"\u017bardiniera sygnowana XX oko\u0142o 1900 r przepi\u0119kna"},"content":{"rendered":"","protected":false},"excerpt":{"rendered":"<p>\u017bardiniera sygnowana XX oko\u0142o 1900 r przepi\u0119kna<\/p>\n<p>Pi\u0119kny przedmiot na \u015brodek sto\u0142u do ekspozycji kwiat\u00f3w lub owc\u00f3w s\u0142odyczy<\/p>\n<p>Wymiary: wysoko\u015b\u0107 12 cm, d\u0142ugo\u015b\u0107 38 cm<\/p>\n<p>Materia\u0142: Plater , szk\u0142o<\/p>\n<p>Stan bardzo dobry orginalny wk\u0142ad<\/p>\n<p>Sygnatura; Na g\u00f3rze niestety trudna do odczytania<\/p>\n<p>Do ka\u017cdego przedmiotu galeria wystawia certyfikat<\/p>","protected":false},"featured_media":7399,"comment_status":"closed","ping_status":"closed","template":"","meta":[],"product_cat":[46],"product_tag":[],"class_list":{"0":"post-7388","1":"product","2":"type-product","3":"status-publish","4":"has-post-thumbnail","6":"product_cat-srebra-i-platery","8":"entry","9":"has-media","11":"first","12":"instock","13":"taxable","14":"shipping-taxable","15":"purchasable","16":"product-type-simple","17":"has-product-nav","18":"col","19":"span_1_of_3","20":"owp-content-center","21":"owp-thumbs-layout-horizontal","22":"owp-btn-normal","23":"owp-tabs-layout-horizontal","24":"has-no-thumbnails"},"aioseo_notices":[],"_links":{"self":[{"href":"https:\/\/antykilion.pl\/fr\/wp-json\/wp\/v2\/product\/7388","targetHints":{"allow":["GET"]}}],"collection":[{"href":"https:\/\/antykilion.pl\/fr\/wp-json\/wp\/v2\/product"}],"about":[{"href":"https:\/\/antykilion.pl\/fr\/wp-json\/wp\/v2\/types\/product"}],"replies":[{"embeddable":true,"href":"https:\/\/antykilion.pl\/fr\/wp-json\/wp\/v2\/comments?post=7388"}],"wp:featuredmedia":[{"embeddable":true,"href":"https:\/\/antykilion.pl\/fr\/wp-json\/wp\/v2\/media\/7399"}],"wp:attachment":[{"href":"https:\/\/antykilion.pl\/fr\/wp-json\/wp\/v2\/media?parent=7388"}],"wp:term":[{"taxonomy":"product_cat","embeddable":true,"href":"https:\/\/antykilion.pl\/fr\/wp-json\/wp\/v2\/product_cat?post=7388"},{"taxonomy":"product_tag","embeddable":true,"href":"https:\/\/antykilion.pl\/fr\/wp-json\/wp\/v2\/product_tag?post=7388"}],"curies":[{"name":"wp","href":"https:\/\/api.w.org\/{rel}","templated":true}]}}