{"id":7449,"date":"2023-09-07T14:25:00","date_gmt":"2023-09-07T12:25:00","guid":{"rendered":"https:\/\/antykilion.pl\/?post_type=product&#038;p=7449"},"modified":"2023-10-05T20:23:36","modified_gmt":"2023-10-05T18:23:36","slug":"lustro-barokowe-xviii-w-okolo-1750-r-obledne","status":"publish","type":"product","link":"https:\/\/antykilion.pl\/fr\/product\/lustro-barokowe-xviii-w-okolo-1750-r-obledne\/","title":{"rendered":"Lustro Barokowe XVIII w oko\u0142o 1750 r ob\u0142\u0119dne"},"content":{"rendered":"","protected":false},"excerpt":{"rendered":"<p>Galeria Antyki i Sztuka Lion zaprasza<\/p>\n<p>Lustro Barokowe XVIII w oko\u0142o 1750 r ob\u0142\u0119dne<\/p>\n<p>Konstrukcja &#8211;\u00a0 orzech, z\u0142ocenia, kryszta\u0142<\/p>\n<p>Wymiary:\u00a0 ca\u0142o\u015b\u0107 wys. 80 cm, szer. 70 cm, g\u0142\u0119b. 10 cm;<\/p>\n<p>Pochodzenie: Europa oko\u0142o 1750 r<\/p>\n<p>Stan: bardzo dobry orginalny widoczne lekkie \u015blady u\u017cytkowania<\/p>\n<p>Ogromna rzadko\u015b\u0107 tafla zachowana orginalna kryszta\u0142owa frezowana<\/p>","protected":false},"featured_media":7450,"comment_status":"closed","ping_status":"closed","template":"","meta":[],"product_cat":[30,17],"product_tag":[],"class_list":{"0":"post-7449","1":"product","2":"type-product","3":"status-publish","4":"has-post-thumbnail","6":"product_cat-lustra","7":"product_cat-meble","9":"entry","10":"has-media","12":"first","13":"instock","14":"taxable","15":"shipping-taxable","16":"purchasable","17":"product-type-simple","18":"has-product-nav","19":"col","20":"span_1_of_3","21":"owp-content-center","22":"owp-thumbs-layout-horizontal","23":"owp-btn-normal","24":"owp-tabs-layout-horizontal"},"aioseo_notices":[],"_links":{"self":[{"href":"https:\/\/antykilion.pl\/fr\/wp-json\/wp\/v2\/product\/7449","targetHints":{"allow":["GET"]}}],"collection":[{"href":"https:\/\/antykilion.pl\/fr\/wp-json\/wp\/v2\/product"}],"about":[{"href":"https:\/\/antykilion.pl\/fr\/wp-json\/wp\/v2\/types\/product"}],"replies":[{"embeddable":true,"href":"https:\/\/antykilion.pl\/fr\/wp-json\/wp\/v2\/comments?post=7449"}],"wp:featuredmedia":[{"embeddable":true,"href":"https:\/\/antykilion.pl\/fr\/wp-json\/wp\/v2\/media\/7450"}],"wp:attachment":[{"href":"https:\/\/antykilion.pl\/fr\/wp-json\/wp\/v2\/media?parent=7449"}],"wp:term":[{"taxonomy":"product_cat","embeddable":true,"href":"https:\/\/antykilion.pl\/fr\/wp-json\/wp\/v2\/product_cat?post=7449"},{"taxonomy":"product_tag","embeddable":true,"href":"https:\/\/antykilion.pl\/fr\/wp-json\/wp\/v2\/product_tag?post=7449"}],"curies":[{"name":"wp","href":"https:\/\/api.w.org\/{rel}","templated":true}]}}