{"id":7532,"date":"2023-09-17T14:13:47","date_gmt":"2023-09-17T12:13:47","guid":{"rendered":"https:\/\/antykilion.pl\/?post_type=product&#038;p=7532"},"modified":"2023-09-17T14:13:47","modified_gmt":"2023-09-17T12:13:47","slug":"muzelany-widok-morski-erwin-gunther-cudny-nr-3","status":"publish","type":"product","link":"https:\/\/antykilion.pl\/fr\/product\/muzelany-widok-morski-erwin-gunther-cudny-nr-3\/","title":{"rendered":"Muzelany Widok morski Erwin Gunther Cudny !! nr 3"},"content":{"rendered":"","protected":false},"excerpt":{"rendered":"<p>(G\u00fcnther) Erwin Carl Wilhelm G\u00fcnter (1864-1927), temp\u00eate avec des bateaux.<\/p>\n<p>Technique: huile sur toile<\/p>\n<p>Etat: tr\u00e8s bon<\/p>\n<p>Signature: coin inf\u00e9rieur gauche<\/p>\n<p>Wymiary: p\u0142\u00f3tno 65 cm na 100 cm + szeroka rama<\/p>\n<p>Ci-dessous, des informations sur l&#039;artiste.<\/p>\n<p>(G\u00fcnther) Erwin Carl Wilhelm G\u00fcnter (1864-1927)<\/p>\n<p>G\u00fcnther a \u00e9tudi\u00e9 la peinture \u00e0 la Kunstakademie D\u00fcsseldorf. L\u00e0, son professeur \u00e9tait Olof Jernberg. \u00c0 D\u00fcsseldorf, o\u00f9 il devient membre de l&#039;association d&#039;art Malkasten, il s&#039;impose comme peintre de la mer. Il fit de nombreux voyages \u00e0 travers l&#039;Europe, \u00e0 partir de 1890 aux Pays-Bas, ainsi qu&#039;en Egypte et dans d&#039;autres pays africains. \u00c0 partir de 1891, il est repr\u00e9sent\u00e9 \u00e0 des expositions au Palais de verre de Munich et \u00e0 partir de 1893 \u00e0 la grande exposition d&#039;art de Berlin. Pour le pavillon allemand de la mer \u00e0 l&#039;Exposition universelle de Paris en 1900. Il r\u00e9alise de grandes peintures d\u00e9coratives.<\/p>","protected":false},"featured_media":7533,"comment_status":"closed","ping_status":"closed","template":"","meta":[],"product_cat":[41,39,40],"product_tag":[],"class_list":{"0":"post-7532","1":"product","2":"type-product","3":"status-publish","4":"has-post-thumbnail","6":"product_cat-malarstwo-dawne","7":"product_cat-dziela-sztuki","8":"product_cat-malarstwo","10":"entry","11":"has-media","13":"first","14":"instock","15":"taxable","16":"shipping-taxable","17":"purchasable","18":"product-type-simple","19":"has-product-nav","20":"col","21":"span_1_of_3","22":"owp-content-center","23":"owp-thumbs-layout-horizontal","24":"owp-btn-normal","25":"owp-tabs-layout-horizontal"},"aioseo_notices":[],"_links":{"self":[{"href":"https:\/\/antykilion.pl\/fr\/wp-json\/wp\/v2\/product\/7532","targetHints":{"allow":["GET"]}}],"collection":[{"href":"https:\/\/antykilion.pl\/fr\/wp-json\/wp\/v2\/product"}],"about":[{"href":"https:\/\/antykilion.pl\/fr\/wp-json\/wp\/v2\/types\/product"}],"replies":[{"embeddable":true,"href":"https:\/\/antykilion.pl\/fr\/wp-json\/wp\/v2\/comments?post=7532"}],"wp:featuredmedia":[{"embeddable":true,"href":"https:\/\/antykilion.pl\/fr\/wp-json\/wp\/v2\/media\/7533"}],"wp:attachment":[{"href":"https:\/\/antykilion.pl\/fr\/wp-json\/wp\/v2\/media?parent=7532"}],"wp:term":[{"taxonomy":"product_cat","embeddable":true,"href":"https:\/\/antykilion.pl\/fr\/wp-json\/wp\/v2\/product_cat?post=7532"},{"taxonomy":"product_tag","embeddable":true,"href":"https:\/\/antykilion.pl\/fr\/wp-json\/wp\/v2\/product_tag?post=7532"}],"curies":[{"name":"wp","href":"https:\/\/api.w.org\/{rel}","templated":true}]}}