{"id":7669,"date":"2023-11-02T14:38:08","date_gmt":"2023-11-02T13:38:08","guid":{"rendered":"https:\/\/antykilion.pl\/?post_type=product&#038;p=7669"},"modified":"2023-11-02T14:38:08","modified_gmt":"2023-11-02T13:38:08","slug":"cukiernica-skrzynkowa-warszawa-1908-1915-kazimierz-bierkowski","status":"publish","type":"product","link":"https:\/\/antykilion.pl\/fr\/product\/cukiernica-skrzynkowa-warszawa-1908-1915-kazimierz-bierkowski\/","title":{"rendered":"Cukiernica skrzynkowa Warszawa 1908-1915 Kazimierz Bierkowski"},"content":{"rendered":"","protected":false},"excerpt":{"rendered":"<p>Cukiernica skrzynkowa Warszawa 1908-1915 Kazimierz Bierkowski<\/p>\n<p>Cukiernica skrzynkowa na zatrzask zosta\u0142a wykonana w Warszawie ze srebra pr\u00f3by 3, pr\u00f3by 800, cecha probiercza miasta Warszawa &#8211; G\u0142owa kobiety chu\u015bcie z cyfr\u0105 3, \u00a0monogram z\u0142otnika K.B. &#8211; Kazimierz Bierkowski &#8211; czynny w Warszawie koniec XIX w pocz\u0105tek XX<\/p>\n<p>Cukiernica wsparta na czterech kulistych n\u00f3\u017ckach, zdobiona grawerowanymi rocaillami<\/p>\n<p>i motywami floralnymi, zamykana na zatrzask, wewn\u0105trz pozosta\u0142o\u015bci z\u0142ocenia<\/p>\n<p>Wymiary:d\u0142ugo\u015b\u0107 12, szeroko\u015b\u0107 9,5, wysoko\u015b\u0107 9 cm, waga ok. 390 gram.<\/p>\n<p>Srebro 3, pr\u00f3by 800<\/p>\n<p>Beau et unique !!!<\/p>","protected":false},"featured_media":7670,"comment_status":"closed","ping_status":"closed","template":"","meta":[],"product_cat":[46],"product_tag":[],"class_list":{"0":"post-7669","1":"product","2":"type-product","3":"status-publish","4":"has-post-thumbnail","6":"product_cat-srebra-i-platery","8":"entry","9":"has-media","11":"first","12":"instock","13":"taxable","14":"shipping-taxable","15":"purchasable","16":"product-type-simple","17":"has-product-nav","18":"col","19":"span_1_of_3","20":"owp-content-center","21":"owp-thumbs-layout-horizontal","22":"owp-btn-normal","23":"owp-tabs-layout-horizontal"},"aioseo_notices":[],"_links":{"self":[{"href":"https:\/\/antykilion.pl\/fr\/wp-json\/wp\/v2\/product\/7669","targetHints":{"allow":["GET"]}}],"collection":[{"href":"https:\/\/antykilion.pl\/fr\/wp-json\/wp\/v2\/product"}],"about":[{"href":"https:\/\/antykilion.pl\/fr\/wp-json\/wp\/v2\/types\/product"}],"replies":[{"embeddable":true,"href":"https:\/\/antykilion.pl\/fr\/wp-json\/wp\/v2\/comments?post=7669"}],"wp:featuredmedia":[{"embeddable":true,"href":"https:\/\/antykilion.pl\/fr\/wp-json\/wp\/v2\/media\/7670"}],"wp:attachment":[{"href":"https:\/\/antykilion.pl\/fr\/wp-json\/wp\/v2\/media?parent=7669"}],"wp:term":[{"taxonomy":"product_cat","embeddable":true,"href":"https:\/\/antykilion.pl\/fr\/wp-json\/wp\/v2\/product_cat?post=7669"},{"taxonomy":"product_tag","embeddable":true,"href":"https:\/\/antykilion.pl\/fr\/wp-json\/wp\/v2\/product_tag?post=7669"}],"curies":[{"name":"wp","href":"https:\/\/api.w.org\/{rel}","templated":true}]}}