{"id":767,"date":"2020-01-31T11:08:59","date_gmt":"2020-01-31T10:08:59","guid":{"rendered":"https:\/\/antykilion.pl\/?post_type=product&#038;p=767"},"modified":"2024-12-14T20:17:43","modified_gmt":"2024-12-14T19:17:43","slug":"jenny-salm-1818-muzealny-obraz-notowany","status":"publish","type":"product","link":"https:\/\/antykilion.pl\/fr\/product\/jenny-salm-1818-muzealny-obraz-notowany\/","title":{"rendered":"Jenny Salm. 1818 peinture de mus\u00e9e enregistr\u00e9e"},"content":{"rendered":"<p>Seule une poign\u00e9e d&#039;\u0153uvres de cet artiste tch\u00e8que sont connues, toutes dans des collections publiques, trois paysages et deux peintures fixes, et la peinture actuelle est sa premi\u00e8re \u0153uvre connue;<\/p>\n<p>D&#039;autres sont Landscape with a Church, 1819 (National Gallery, Prague), Beachscene, 1824 (British Government Art Collection (British Embassy Prague, Czech Republic), Vast Landscape, 1824 (National Gallery, Prague), Still Life with a Lizard et fleurs, 1826 (Galerie nationale de Prague), Vaste paysage, 1829 (Rudolphinum, Prague, don de l&#039;artiste 1835) et Nature morte aux raisins, 1842 (Galerie nationale, Prague).<\/p>\n<p>En 1801, elle \u00e9pouse Franz Vincenz Altgrafen Salm-Reifferscheid-Hainspach (1744-1842). Toute sa vie, elle fut active \u00e0 la cour de Vienne en tant que femme d&#039;attente pour l&#039;imp\u00e9ratrice d&#039;Autriche. Selon Archiv f\u00fcr Geschichte, 1824, p. 378, elle \u00e9tait consid\u00e9r\u00e9e comme une artiste talentueuse, sp\u00e9cialis\u00e9e dans les paysages. En 1826, elle expose un paysage \u00e0 l&#039;exposition annuelle de Prague, qui est tr\u00e8s bien accueillie, particuli\u00e8rement appr\u00e9ci\u00e9e pour ses couleurs sophistiqu\u00e9es.<br \/>\nimage cit\u00e9e<\/p>\n<p>http:\/\/www.artnet.com\/artists\/johanna-jenny-salm-reifferscheid\/<\/p>","protected":false},"excerpt":{"rendered":"<p>Johanna &quot;Jenny&quot; Salm-Reifferscheid R\u00e9publique tch\u00e8que 1780-1857. Paysage fluvial lunaire avec p\u00eacheurs et ruines du ch\u00e2teau.<br \/>\nSignature: Sign\u00e9 et dat\u00e9 Jenny Salm. 1818. Avec l&#039;inscription au revers: \u00abJohanna Altgrafin zu Salm-Reiffercheid geb. Grafin Pachta Rayhofen \u00bb.<br \/>\nTechnique: huile sur toile<br \/>\nDimensions: toile 49 cm sur 62 cm.<br \/>\nEtat: tr\u00e8s bon<\/p>","protected":false},"featured_media":790,"comment_status":"closed","ping_status":"closed","template":"","meta":[],"product_cat":[41,39,40],"product_tag":[],"class_list":{"0":"post-767","1":"product","2":"type-product","3":"status-publish","4":"has-post-thumbnail","6":"product_cat-malarstwo-dawne","7":"product_cat-dziela-sztuki","8":"product_cat-malarstwo","10":"entry","11":"has-media","13":"first","14":"instock","15":"taxable","16":"shipping-taxable","17":"purchasable","18":"product-type-simple","19":"has-product-nav","20":"col","21":"span_1_of_3","22":"owp-content-center","23":"owp-thumbs-layout-horizontal","24":"owp-btn-normal","25":"owp-tabs-layout-horizontal"},"aioseo_notices":[],"_links":{"self":[{"href":"https:\/\/antykilion.pl\/fr\/wp-json\/wp\/v2\/product\/767","targetHints":{"allow":["GET"]}}],"collection":[{"href":"https:\/\/antykilion.pl\/fr\/wp-json\/wp\/v2\/product"}],"about":[{"href":"https:\/\/antykilion.pl\/fr\/wp-json\/wp\/v2\/types\/product"}],"replies":[{"embeddable":true,"href":"https:\/\/antykilion.pl\/fr\/wp-json\/wp\/v2\/comments?post=767"}],"wp:featuredmedia":[{"embeddable":true,"href":"https:\/\/antykilion.pl\/fr\/wp-json\/wp\/v2\/media\/790"}],"wp:attachment":[{"href":"https:\/\/antykilion.pl\/fr\/wp-json\/wp\/v2\/media?parent=767"}],"wp:term":[{"taxonomy":"product_cat","embeddable":true,"href":"https:\/\/antykilion.pl\/fr\/wp-json\/wp\/v2\/product_cat?post=767"},{"taxonomy":"product_tag","embeddable":true,"href":"https:\/\/antykilion.pl\/fr\/wp-json\/wp\/v2\/product_tag?post=767"}],"curies":[{"name":"wp","href":"https:\/\/api.w.org\/{rel}","templated":true}]}}