{"id":7726,"date":"2023-11-05T21:22:24","date_gmt":"2023-11-05T20:22:24","guid":{"rendered":"https:\/\/antykilion.pl\/?post_type=product&#038;p=7726"},"modified":"2023-11-05T21:22:24","modified_gmt":"2023-11-05T20:22:24","slug":"zygmunt-rozwadowski-1870-lwow-1950-zakopane-ulani-na-koniach-olbrzymia-akwarela","status":"publish","type":"product","link":"https:\/\/antykilion.pl\/fr\/product\/zygmunt-rozwadowski-1870-lwow-1950-zakopane-ulani-na-koniach-olbrzymia-akwarela\/","title":{"rendered":"Zygmunt Rozwadowski (1870 Lw\u00f3w &#8211; 1950 Zakopane), U\u0142ani na koniach olbrzymia akwarela"},"content":{"rendered":"","protected":false},"excerpt":{"rendered":"<p>Zygmunt Rozwadowski (1870 Lw\u00f3w &#8211; 1950 Zakopane), U\u0142ani na koniach olbrzymia akwarela<\/p>\n<p>Technique: aquarelle sur papier<\/p>\n<p>Stan: bardzo dobry orginalny stara oprawa celowo pozostawiona do wgl\u0105du, osobi\u015bcie uwa\u017cam,\u017ce wiele zyska w nowej oprawie<\/p>\n<p>Sygnatura: prawy d\u00f3\u0142<\/p>\n<p>Wymiary: z ramk\u0105 54 cm na 40,5 cm bez ramki 51 cm na 36,5<\/p>\n<p>Ci-dessous, des informations sur l&#039;artiste.<\/p>\n<p>Zygmunt Rozwadowski (1870 Lw\u00f3w &#8211; 1950 Zakopane). Malarz, dekorator, pedagog. Kszta\u0142ci\u0142 si\u0119 w latach 1883 \u2013 1892 w krakowskiej SSP, gdzie<\/p>\n<p> przez ostatnie dwa lata ucz\u0119szcza\u0142 do Oddzia\u0142u Kompozycji Jana Matejki. Nauk\u0119 kontynuowa\u0142 w Monachium w prywatnej szkole Antona A\u017eb\u00e9go.<\/p>\n<p> Wczesne prace wystawia\u0142 w TPSP w Krakowie pod pseudonimem Jordan. Po studiach osiedli\u0142 si\u0119 we Lwowie. W latach 1910 &#8211; 1920 by\u0142 profesorem<\/p>\n<p> w lwowskiej Szkole Sztuk Zdobniczych i Przemys\u0142u Artystycznego i wsp\u00f3\u0142pracowa\u0142 przy dekoracji sal Teatru Miejskiego. W czasie I wojny<\/p>\n<p>s\u0142u\u017cy\u0142 w Legionach Polskich. Po II wojnie \u015bwiatowej zamieszka\u0142 w willi \u201eJordan\u00f3wka\u201d w Zakopanem.<\/p>\n<p>Malowa\u0142 g\u0142\u00f3wnie obrazy o tematyce batalistycznej (wojny napoleo\u0144skie, powstanie listopadowe, sceny legionowe) i przedstawienia rodzajowe z<\/p>\n<p> motywami \u0142owieckimi, zaprz\u0119gi konne, tak\u017ce portrety,&#8230;<\/p>","protected":false},"featured_media":7730,"comment_status":"closed","ping_status":"closed","template":"","meta":[],"product_cat":[41,39,40],"product_tag":[],"class_list":{"0":"post-7726","1":"product","2":"type-product","3":"status-publish","4":"has-post-thumbnail","6":"product_cat-malarstwo-dawne","7":"product_cat-dziela-sztuki","8":"product_cat-malarstwo","10":"entry","11":"has-media","13":"first","14":"instock","15":"taxable","16":"shipping-taxable","17":"purchasable","18":"product-type-simple","19":"has-product-nav","20":"col","21":"span_1_of_3","22":"owp-content-center","23":"owp-thumbs-layout-horizontal","24":"owp-btn-normal","25":"owp-tabs-layout-horizontal"},"aioseo_notices":[],"_links":{"self":[{"href":"https:\/\/antykilion.pl\/fr\/wp-json\/wp\/v2\/product\/7726","targetHints":{"allow":["GET"]}}],"collection":[{"href":"https:\/\/antykilion.pl\/fr\/wp-json\/wp\/v2\/product"}],"about":[{"href":"https:\/\/antykilion.pl\/fr\/wp-json\/wp\/v2\/types\/product"}],"replies":[{"embeddable":true,"href":"https:\/\/antykilion.pl\/fr\/wp-json\/wp\/v2\/comments?post=7726"}],"wp:featuredmedia":[{"embeddable":true,"href":"https:\/\/antykilion.pl\/fr\/wp-json\/wp\/v2\/media\/7730"}],"wp:attachment":[{"href":"https:\/\/antykilion.pl\/fr\/wp-json\/wp\/v2\/media?parent=7726"}],"wp:term":[{"taxonomy":"product_cat","embeddable":true,"href":"https:\/\/antykilion.pl\/fr\/wp-json\/wp\/v2\/product_cat?post=7726"},{"taxonomy":"product_tag","embeddable":true,"href":"https:\/\/antykilion.pl\/fr\/wp-json\/wp\/v2\/product_tag?post=7726"}],"curies":[{"name":"wp","href":"https:\/\/api.w.org\/{rel}","templated":true}]}}