{"id":7817,"date":"2023-11-20T11:54:02","date_gmt":"2023-11-20T10:54:02","guid":{"rendered":"https:\/\/antykilion.pl\/?post_type=product&#038;p=7817"},"modified":"2024-12-18T20:51:36","modified_gmt":"2024-12-18T19:51:36","slug":"malowniczy-widok-wenecji-rudolf-weber-koniec-xix-w-okazja-i-inwestycja","status":"publish","type":"product","link":"https:\/\/antykilion.pl\/fr\/product\/malowniczy-widok-wenecji-rudolf-weber-koniec-xix-w-okazja-i-inwestycja\/","title":{"rendered":"Malowniczy widok Wenecji Rudolf Weber koniec XIX w okazja i inwestycja!!!"},"content":{"rendered":"","protected":false},"excerpt":{"rendered":"<p>Malowniczy widok Wenecji Rudolf Weber koniec XIX w okazja i inwestycja!!!<\/p>\n<p>Biografia<\/p>\n<p>Rudolf Weber by\u0142 austriackim malarzem urodzonym w 1872 roku. Prace Rudolfa Webera by\u0142y wielokrotnie wystawiane na aukcjach, a ich ceny dzi\u015b kszta\u0142tuj\u0105 si\u0119 od kilku do kilkunastu ty\u015b euro, w zale\u017cno\u015bci od rozmiaru i no\u015bnika dzie\u0142a sztuki. Od 2009 roku rekordowa cena tego artysty na aukcji wynosi 10 764 USD za Brzeg Dunaju w St. Michael\/Wachau, sprzedany w Dorotheum w Wiedniu w 2021 roku. Artysta zmar\u0142 w 1949 roku..<\/p>\n<p>    Rudolf Weber<\/p>\n<p>    Realized price:<\/p>\n<p>    Estimate:<\/p>\n<p>    EUR 8,960.-<\/p>\n<p>    EUR 3,000.- to EUR 4,000.-<\/p>\n<p>    Online bids:<\/p>\n<p>    Auction finished<\/p>\n<p>    Auction: Master Drawings, Prints before 1900, Watercolours, Miniatures, 22.04.2021<br \/>\n    Rudolf Weber *<\/p>\n<p>    Realized price:<\/p>\n<p>    Estimate:<\/p>\n<p>    EUR 6,250.-<\/p>\n<p>    EUR 3,500.- to EUR 4,500.-<\/p>\n<p>    Time left to bid online:<\/p>\n<p>    Online bids can no longer be submitted<\/p>\n<p>    Auction: 19th Century Paintings and Watercolours, 18.03.2015<\/p>\n<p>    Rudolf Weber<\/p>\n<p>    Realized price:<\/p>\n<p>    Estimate:<\/p>\n<p>    EUR 5,850.-<\/p>\n<p>    EUR 2,400.- to EUR 3,000.-<\/p>\n<p>    Online bids:<\/p>\n<p>    Auction finished<\/p>\n<p>    Auction: Austrian Contemporary and Modern Art, 22.03.2023<\/p>\n<p>    Rudolf Weber *<\/p>\n<p>    Realized price:<\/p>\n<p>    Estimate:<\/p>\n<p>    EUR 5,625.-<\/p>\n<p>    EUR 4,000.- to EUR 5,000.-<\/p>\n<p>    Time left to bid online:<\/p>\n<p>    Online bids can no longer be submitted<\/p>\n<p>    Auction: Modern and Contemporary Art, 19.12.2018<\/p>\n<p>    Rudolf Weber<\/p>\n<p>    Realized price:<\/p>\n<p>    Estimate:<\/p>\n<p>    EUR 4,608.-<\/p>\n<p>    EUR 1,200.- to EUR 1,400.-<\/p>\n<p>    Online bids:<\/p>\n<p>    Auction finished<\/p>\n<p>    Auction: Master Drawings, Prints before 1900, Watercolours, Miniatures, 3.04.2020<\/p>\n<p>    Rudolf Weber *<\/p>\n<p>    Realized price:<\/p>\n<p>    Estimate:<\/p>\n<p>    EUR 3,750.-<\/p>\n<p>    EUR 1,200.- to EUR 1,500.-<\/p>\n<p>    Time left to bid online:<\/p>\n<p>    Online bids can no longer be submitted<\/p>\n<p>    Auction: Master Drawings, Prints before 1900, Watercolours, Miniatures, 30.03.2016<\/p>\n<p>    Rudolf Weber *<\/p>\n<p>    Realized price:<\/p>\n<p>    Estimate:<\/p>\n<p>    EUR 3,125.-<\/p>\n<p>    EUR 2,500.- to EUR 3,000.-<\/p>\n<p>    Time left to bid online:<\/p>\n<p>    Online bids can no longer be submitted<\/p>\n<p>    Auction: 19th Century Paintings and Watercolours, 11.12.2013<\/p>\n<p>Bardzo malowniczy i dekoracyjny obraz !<\/p>\n<p>Ogromna rzadko\u015b\u0107 !!!<\/p>\n<p>Okazja !!!<\/p>\n<p>Technika: olej na p\u0142\u00f3tnie naklejony na tektur\u0119<\/p>\n<p>Stan: bardzo dobry,<\/p>\n<p>Sygnatura:Widoczna na zdj\u0119ciu<\/p>\n<p>Wymiary: z ram\u0105 95 cm na 45 cm<\/p>\n<p>Do ka\u017cdego przedmiotu Galeria wystawia certyfikat.<\/p>","protected":false},"featured_media":7818,"comment_status":"closed","ping_status":"closed","template":"","meta":[],"product_cat":[41,39,40],"product_tag":[],"class_list":{"0":"post-7817","1":"product","2":"type-product","3":"status-publish","4":"has-post-thumbnail","6":"product_cat-malarstwo-dawne","7":"product_cat-dziela-sztuki","8":"product_cat-malarstwo","10":"entry","11":"has-media","13":"first","14":"instock","15":"taxable","16":"shipping-taxable","17":"purchasable","18":"product-type-simple","19":"has-product-nav","20":"col","21":"span_1_of_3","22":"owp-content-center","23":"owp-thumbs-layout-horizontal","24":"owp-btn-normal","25":"owp-tabs-layout-horizontal"},"aioseo_notices":[],"_links":{"self":[{"href":"https:\/\/antykilion.pl\/fr\/wp-json\/wp\/v2\/product\/7817","targetHints":{"allow":["GET"]}}],"collection":[{"href":"https:\/\/antykilion.pl\/fr\/wp-json\/wp\/v2\/product"}],"about":[{"href":"https:\/\/antykilion.pl\/fr\/wp-json\/wp\/v2\/types\/product"}],"replies":[{"embeddable":true,"href":"https:\/\/antykilion.pl\/fr\/wp-json\/wp\/v2\/comments?post=7817"}],"wp:featuredmedia":[{"embeddable":true,"href":"https:\/\/antykilion.pl\/fr\/wp-json\/wp\/v2\/media\/7818"}],"wp:attachment":[{"href":"https:\/\/antykilion.pl\/fr\/wp-json\/wp\/v2\/media?parent=7817"}],"wp:term":[{"taxonomy":"product_cat","embeddable":true,"href":"https:\/\/antykilion.pl\/fr\/wp-json\/wp\/v2\/product_cat?post=7817"},{"taxonomy":"product_tag","embeddable":true,"href":"https:\/\/antykilion.pl\/fr\/wp-json\/wp\/v2\/product_tag?post=7817"}],"curies":[{"name":"wp","href":"https:\/\/api.w.org\/{rel}","templated":true}]}}