{"id":7825,"date":"2023-11-21T15:41:14","date_gmt":"2023-11-21T14:41:14","guid":{"rendered":"https:\/\/antykilion.pl\/?post_type=product&#038;p=7825"},"modified":"2023-11-21T15:41:14","modified_gmt":"2023-11-21T14:41:14","slug":"lichtarze-oltarzowe-jako-lamy-xvii-w-ogromna-rzadkosc","status":"publish","type":"product","link":"https:\/\/antykilion.pl\/fr\/product\/lichtarze-oltarzowe-jako-lamy-xvii-w-ogromna-rzadkosc\/","title":{"rendered":"Lichtarze o\u0142tarzowe jako lamy, XVII w ogromna rzadko\u015b\u0107"},"content":{"rendered":"","protected":false},"excerpt":{"rendered":"<p>Lichtarze o\u0142tarzowe jako lamy, XVII w ogromna rzadko\u015b\u0107<\/p>\n<p>Na jednym z zdj\u0119\u0107 wida\u0107 herb nieznany <\/p>\n<p>Materia\u0142: drzewo lipowe? z\u0142ocenia polichromia zelektryfikowany na 3 \u017car\u00f3wki\u00a0<\/p>\n<p>Wymiary: wys. 192 cm, szeroko\u015b\u0107 podstawy 62 cm<\/p>\n<p>Origine: Europe<\/p>\n<p>Stan: Bardzo dobry, orginalny widoczne \u015blady u\u017cytkowania aba\u017cury stan dobry<\/p>\n<p>Polecam ogromna rzadko\u015b\u0107 i bardzo atrakcyjna cena !!!<\/p>\n<p>Cena dotyczy jednej lampy!!<\/p>","protected":false},"featured_media":7826,"comment_status":"closed","ping_status":"closed","template":"","meta":[],"product_cat":[47],"product_tag":[],"class_list":{"0":"post-7825","1":"product","2":"type-product","3":"status-publish","4":"has-post-thumbnail","6":"product_cat-oswietlenie","8":"entry","9":"has-media","11":"first","12":"instock","13":"taxable","14":"shipping-taxable","15":"purchasable","16":"product-type-simple","17":"has-product-nav","18":"col","19":"span_1_of_3","20":"owp-content-center","21":"owp-thumbs-layout-horizontal","22":"owp-btn-normal","23":"owp-tabs-layout-horizontal"},"aioseo_notices":[],"_links":{"self":[{"href":"https:\/\/antykilion.pl\/fr\/wp-json\/wp\/v2\/product\/7825","targetHints":{"allow":["GET"]}}],"collection":[{"href":"https:\/\/antykilion.pl\/fr\/wp-json\/wp\/v2\/product"}],"about":[{"href":"https:\/\/antykilion.pl\/fr\/wp-json\/wp\/v2\/types\/product"}],"replies":[{"embeddable":true,"href":"https:\/\/antykilion.pl\/fr\/wp-json\/wp\/v2\/comments?post=7825"}],"wp:featuredmedia":[{"embeddable":true,"href":"https:\/\/antykilion.pl\/fr\/wp-json\/wp\/v2\/media\/7826"}],"wp:attachment":[{"href":"https:\/\/antykilion.pl\/fr\/wp-json\/wp\/v2\/media?parent=7825"}],"wp:term":[{"taxonomy":"product_cat","embeddable":true,"href":"https:\/\/antykilion.pl\/fr\/wp-json\/wp\/v2\/product_cat?post=7825"},{"taxonomy":"product_tag","embeddable":true,"href":"https:\/\/antykilion.pl\/fr\/wp-json\/wp\/v2\/product_tag?post=7825"}],"curies":[{"name":"wp","href":"https:\/\/api.w.org\/{rel}","templated":true}]}}