{"id":7857,"date":"2024-01-03T12:53:54","date_gmt":"2024-01-03T11:53:54","guid":{"rendered":"https:\/\/antykilion.pl\/?post_type=product&#038;p=7857"},"modified":"2024-01-08T15:17:10","modified_gmt":"2024-01-08T14:17:10","slug":"pasja-jezusa-chrystusa-modernizm-polska-130-cm","status":"publish","type":"product","link":"https:\/\/antykilion.pl\/fr\/product\/pasja-jezusa-chrystusa-modernizm-polska-130-cm\/","title":{"rendered":"Pasja Jezusa Chrystusa, modernizm Polska !!! 130 cm"},"content":{"rendered":"","protected":false},"excerpt":{"rendered":"<p>Pasja Jezusa Chrystusa, modernizm Polska !!! 130 cm<\/p>\n<p>Origine: Pologne<\/p>\n<p>Materia\u0142: Br\u0105z patynowany, drzewo<\/p>\n<p>Stan: bardzo dobry,<\/p>\n<p>Sygnatura: nieznaleziono<\/p>\n<p>Wymiary: wysoko\u015b\u0107 130 cm, szeroko\u015b\u0107 68 cm<\/p>\n<p>Beau !!!<\/p>","protected":false},"featured_media":7861,"comment_status":"closed","ping_status":"closed","template":"","meta":[],"product_cat":[44,39,43,55],"product_tag":[],"class_list":{"0":"post-7857","1":"product","2":"type-product","3":"status-publish","4":"has-post-thumbnail","6":"product_cat-rzezba-dawna","7":"product_cat-dziela-sztuki","8":"product_cat-rzezba","9":"product_cat-varia","11":"entry","12":"has-media","14":"first","15":"instock","16":"taxable","17":"shipping-taxable","18":"purchasable","19":"product-type-simple","20":"has-product-nav","21":"col","22":"span_1_of_3","23":"owp-content-center","24":"owp-thumbs-layout-horizontal","25":"owp-btn-normal","26":"owp-tabs-layout-horizontal"},"aioseo_notices":[],"_links":{"self":[{"href":"https:\/\/antykilion.pl\/fr\/wp-json\/wp\/v2\/product\/7857","targetHints":{"allow":["GET"]}}],"collection":[{"href":"https:\/\/antykilion.pl\/fr\/wp-json\/wp\/v2\/product"}],"about":[{"href":"https:\/\/antykilion.pl\/fr\/wp-json\/wp\/v2\/types\/product"}],"replies":[{"embeddable":true,"href":"https:\/\/antykilion.pl\/fr\/wp-json\/wp\/v2\/comments?post=7857"}],"wp:featuredmedia":[{"embeddable":true,"href":"https:\/\/antykilion.pl\/fr\/wp-json\/wp\/v2\/media\/7861"}],"wp:attachment":[{"href":"https:\/\/antykilion.pl\/fr\/wp-json\/wp\/v2\/media?parent=7857"}],"wp:term":[{"taxonomy":"product_cat","embeddable":true,"href":"https:\/\/antykilion.pl\/fr\/wp-json\/wp\/v2\/product_cat?post=7857"},{"taxonomy":"product_tag","embeddable":true,"href":"https:\/\/antykilion.pl\/fr\/wp-json\/wp\/v2\/product_tag?post=7857"}],"curies":[{"name":"wp","href":"https:\/\/api.w.org\/{rel}","templated":true}]}}